{"id":78585,"date":"2023-08-29T18:01:23","date_gmt":"2023-08-29T17:01:23","guid":{"rendered":"https:\/\/whisky.ad\/product\/cognac-ae-dor-vielle-reserve-no-6-35yo-grande-champagne-0-7l-40\/"},"modified":"2023-08-29T18:01:23","modified_gmt":"2023-08-29T17:01:23","slug":"cognac-ae-dor-vielle-reserve-no-6-35yo-grande-champagne-0-7l-40","status":"publish","type":"product","link":"https:\/\/whisky.ad\/es\/producto\/cognac-ae-dor-vielle-reserve-no-6-35yo-grande-champagne-0-7l-40\/","title":{"rendered":"Cognac AE DOR Vielle Reserve no.6 35yo Grande Champagne 0.7l 40%"},"content":{"rendered":"","protected":false},"excerpt":{"rendered":"<div class=\"flex flex-grow flex-col gap-3 max-w-full\">\n<div class=\"min-h-[20px] flex flex-col items-start gap-3 overflow-x-auto whitespace-pre-wrap break-words\">\n<div class=\"markdown prose w-full break-words dark:prose-invert light\">\n<p>El A.E. DOR N\u00b06 procede exclusivamente de la Grande Champagne. Incre\u00edblemente suave, persiste en el paladar durante largo tiempo. Es la personificaci\u00f3n de la delicadeza perfecta. A.E. DOR N\u00b06 es un co\u00f1ac de gran clase. Su prolongado envejecimiento en una bodega h\u00fameda le confiere una delicadeza exquisita. Tipo de producto: Co\u00f1ac Porcentaje de alcohol: 40% Variedad de uva: Ugni Blanc Color: Robe Brillante Edad:    <\/p>\n<p> &gt; 35 a\u00f1os Denominaciones: Grande Champagne Tipo de bodega: H\u00fameda Temperatura de servicio: ~ 16\u00b0C a 20\u00b0C Piernas: Abundante Textura: Almibarado Nariz: Ligeramente afrutado, Notas de vainilla, Chocolate Nariz inicial: Sutil rancio Segunda nariz: Caramelo, Afrutado Entrada en boca: Redondo, Rico Final: Persistente Aromas: Flores de primavera, Ligeramente especiado, Notas florales<\/p>\n<\/div>\n<\/div>\n<\/div>\n","protected":false},"featured_media":77486,"comment_status":"open","ping_status":"closed","template":"","meta":{"_acf_changed":false},"product_brand":[],"product_cat":[340,345],"product_tag":[],"class_list":{"0":"post-78585","1":"product","2":"type-product","3":"status-publish","4":"has-post-thumbnail","6":"product_cat-cognac-armagnac-brandy-es","7":"product_cat-bebidas-acoholicas-es","9":"first","10":"instock","11":"taxable","12":"shipping-taxable","13":"purchasable","14":"product-type-simple"},"acf":[],"aioseo_notices":[],"jetpack_sharing_enabled":true,"_links":{"self":[{"href":"https:\/\/whisky.ad\/es\/wp-json\/wp\/v2\/product\/78585","targetHints":{"allow":["GET"]}}],"collection":[{"href":"https:\/\/whisky.ad\/es\/wp-json\/wp\/v2\/product"}],"about":[{"href":"https:\/\/whisky.ad\/es\/wp-json\/wp\/v2\/types\/product"}],"replies":[{"embeddable":true,"href":"https:\/\/whisky.ad\/es\/wp-json\/wp\/v2\/comments?post=78585"}],"wp:featuredmedia":[{"embeddable":true,"href":"https:\/\/whisky.ad\/es\/wp-json\/wp\/v2\/media\/77486"}],"wp:attachment":[{"href":"https:\/\/whisky.ad\/es\/wp-json\/wp\/v2\/media?parent=78585"}],"wp:term":[{"taxonomy":"product_brand","embeddable":true,"href":"https:\/\/whisky.ad\/es\/wp-json\/wp\/v2\/product_brand?post=78585"},{"taxonomy":"product_cat","embeddable":true,"href":"https:\/\/whisky.ad\/es\/wp-json\/wp\/v2\/product_cat?post=78585"},{"taxonomy":"product_tag","embeddable":true,"href":"https:\/\/whisky.ad\/es\/wp-json\/wp\/v2\/product_tag?post=78585"}],"curies":[{"name":"wp","href":"https:\/\/api.w.org\/{rel}","templated":true}]}}