{"id":78582,"date":"2023-08-29T18:20:06","date_gmt":"2023-08-29T17:20:06","guid":{"rendered":"https:\/\/whisky.ad\/product\/cognac-ae-dor-vielle-reserve-no-11-70yo-grande-champagne-0-7l-43\/"},"modified":"2023-08-29T18:20:06","modified_gmt":"2023-08-29T17:20:06","slug":"cognac-ae-dor-vielle-reserve-no-11-70yo-grande-champagne-0-7l-43","status":"publish","type":"product","link":"https:\/\/whisky.ad\/es\/producto\/cognac-ae-dor-vielle-reserve-no-11-70yo-grande-champagne-0-7l-43\/","title":{"rendered":"Cognac AE DOR Vielle Reserve no.11 70yo Grande Champagne 0.7l 43%"},"content":{"rendered":"","protected":false},"excerpt":{"rendered":"<div class=\"flex flex-grow flex-col gap-3 max-w-full\">\n<div class=\"min-h-[20px] flex flex-col items-start gap-3 overflow-x-auto whitespace-pre-wrap break-words\">\n<div class=\"markdown prose w-full break-words dark:prose-invert light\">\n<p>Se trata de un co\u00f1ac mezclado por Madame Odile RIVIERE. Se compone \u00fanicamente de Grandes Champagnes, el m\u00e1s joven de los cuales tiene m\u00e1s de 70 a\u00f1os. Algunos son prefilox\u00e9ricos. Presume de una capa muy oscura y brillante, una nariz potente que se funde armoniosamente con un marcado rancio, una nota prominente de ciruela pasa y una complejidad excepcional. La entrada es suave, mientras que el paladar es redondo, elegante, aterciopelado, con notas de cacao. Excepcionalmente largo, este magn\u00edfico co\u00f1ac exhibe una gran delicadeza y deja una impresi\u00f3n duradera. Uno no puede evitar quedar encantado. Tipo de producto: Co\u00f1ac Porcentaje de alcohol: 43% Variedad de uva: Ugni Blanc Color: Robe Brillante Edad: &gt; 70 a\u00f1os Denominaciones: Grande Champagne Temperatura de Servicio: ~ 16\u00b0C a 20\u00b0C Piernas: Textura Abundante: Almibarado      <\/p>\n<\/div>\n<\/div>\n<\/div>\n","protected":false},"featured_media":77501,"comment_status":"open","ping_status":"closed","template":"","meta":{"_acf_changed":false},"product_brand":[],"product_cat":[340,345,339],"product_tag":[],"class_list":{"0":"post-78582","1":"product","2":"type-product","3":"status-publish","4":"has-post-thumbnail","6":"product_cat-cognac-armagnac-brandy-es","7":"product_cat-bebidas-acoholicas-es","8":"product_cat-raro-y-coleccionable","10":"first","11":"instock","12":"taxable","13":"shipping-taxable","14":"purchasable","15":"product-type-simple"},"acf":[],"aioseo_notices":[],"jetpack_sharing_enabled":true,"_links":{"self":[{"href":"https:\/\/whisky.ad\/es\/wp-json\/wp\/v2\/product\/78582","targetHints":{"allow":["GET"]}}],"collection":[{"href":"https:\/\/whisky.ad\/es\/wp-json\/wp\/v2\/product"}],"about":[{"href":"https:\/\/whisky.ad\/es\/wp-json\/wp\/v2\/types\/product"}],"replies":[{"embeddable":true,"href":"https:\/\/whisky.ad\/es\/wp-json\/wp\/v2\/comments?post=78582"}],"wp:featuredmedia":[{"embeddable":true,"href":"https:\/\/whisky.ad\/es\/wp-json\/wp\/v2\/media\/77501"}],"wp:attachment":[{"href":"https:\/\/whisky.ad\/es\/wp-json\/wp\/v2\/media?parent=78582"}],"wp:term":[{"taxonomy":"product_brand","embeddable":true,"href":"https:\/\/whisky.ad\/es\/wp-json\/wp\/v2\/product_brand?post=78582"},{"taxonomy":"product_cat","embeddable":true,"href":"https:\/\/whisky.ad\/es\/wp-json\/wp\/v2\/product_cat?post=78582"},{"taxonomy":"product_tag","embeddable":true,"href":"https:\/\/whisky.ad\/es\/wp-json\/wp\/v2\/product_tag?post=78582"}],"curies":[{"name":"wp","href":"https:\/\/api.w.org\/{rel}","templated":true}]}}