{"id":78579,"date":"2023-08-29T18:16:57","date_gmt":"2023-08-29T17:16:57","guid":{"rendered":"https:\/\/whisky.ad\/product\/cognac-ae-dor-vielle-reserve-no-10-1962-grande-champagne-0-7l-415\/"},"modified":"2023-08-29T18:16:57","modified_gmt":"2023-08-29T17:16:57","slug":"cognac-ae-dor-vielle-reserve-no-10-1962-grande-champagne-0-7l-415","status":"publish","type":"product","link":"https:\/\/whisky.ad\/es\/producto\/cognac-ae-dor-vielle-reserve-no-10-1962-grande-champagne-0-7l-415\/","title":{"rendered":"Cognac AE DOR Vielle Reserve no.10 1962 Grande Champagne 0.7l 41,5%"},"content":{"rendered":"","protected":false},"excerpt":{"rendered":"<div class=\"flex flex-grow flex-col gap-3 max-w-full\">\n<div class=\"min-h-[20px] flex flex-col items-start gap-3 overflow-x-auto whitespace-pre-wrap break-words\">\n<div class=\"markdown prose w-full break-words dark:prose-invert light\">\n<p>Un limitado tesoro familiar descubierto recientemente en una peque\u00f1a bodega de una finca situada en Grande Champagne, cerca de Ligni\u00e8re-Sonneville. Esta reserva &#8220;cask strength&#8221; se recogi\u00f3 en damajuanas de cristal, en su plenitud en 1962, habiendo alcanzado el 41,5% tras una larga y lenta evaporaci\u00f3n. En nariz, revela su nobleza, distinci\u00f3n y car\u00e1cter completo con aromas florales. En boca, impresiona por su longitud, suavidad, equilibrio y claridad.<\/p>\n<p>Tipo de producto: Co\u00f1ac Porcentaje de alcohol: 41,5 Variedad de uva: Ugni Blanc Color: Robe Brillante Edad: 1962 Denominaciones: Grande Champagne Temperatura de Servicio: ~ 16\u00b0C a 20\u00b0C Piernas: Abundante Textura: Almibarado<\/p>\n<\/div>\n<\/div>\n<\/div>\n","protected":false},"featured_media":77498,"comment_status":"open","ping_status":"closed","template":"","meta":{"_acf_changed":false},"product_brand":[],"product_cat":[339,340,345],"product_tag":[],"class_list":{"0":"post-78579","1":"product","2":"type-product","3":"status-publish","4":"has-post-thumbnail","6":"product_cat-raro-y-coleccionable","7":"product_cat-cognac-armagnac-brandy-es","8":"product_cat-bebidas-acoholicas-es","10":"first","11":"instock","12":"taxable","13":"shipping-taxable","14":"product-type-simple"},"acf":[],"aioseo_notices":[],"jetpack_sharing_enabled":true,"_links":{"self":[{"href":"https:\/\/whisky.ad\/es\/wp-json\/wp\/v2\/product\/78579","targetHints":{"allow":["GET"]}}],"collection":[{"href":"https:\/\/whisky.ad\/es\/wp-json\/wp\/v2\/product"}],"about":[{"href":"https:\/\/whisky.ad\/es\/wp-json\/wp\/v2\/types\/product"}],"replies":[{"embeddable":true,"href":"https:\/\/whisky.ad\/es\/wp-json\/wp\/v2\/comments?post=78579"}],"wp:featuredmedia":[{"embeddable":true,"href":"https:\/\/whisky.ad\/es\/wp-json\/wp\/v2\/media\/77498"}],"wp:attachment":[{"href":"https:\/\/whisky.ad\/es\/wp-json\/wp\/v2\/media?parent=78579"}],"wp:term":[{"taxonomy":"product_brand","embeddable":true,"href":"https:\/\/whisky.ad\/es\/wp-json\/wp\/v2\/product_brand?post=78579"},{"taxonomy":"product_cat","embeddable":true,"href":"https:\/\/whisky.ad\/es\/wp-json\/wp\/v2\/product_cat?post=78579"},{"taxonomy":"product_tag","embeddable":true,"href":"https:\/\/whisky.ad\/es\/wp-json\/wp\/v2\/product_tag?post=78579"}],"curies":[{"name":"wp","href":"https:\/\/api.w.org\/{rel}","templated":true}]}}