{"id":78575,"date":"2023-08-29T17:25:15","date_gmt":"2023-08-29T16:25:15","guid":{"rendered":"https:\/\/whisky.ad\/product\/cognac-ae-dor-napoleon-18yo-0-7l-40\/"},"modified":"2024-01-06T13:25:52","modified_gmt":"2024-01-06T12:25:52","slug":"cognac-ae-dor-napoleon-18yo-0-7l-40","status":"publish","type":"product","link":"https:\/\/whisky.ad\/es\/producto\/cognac-ae-dor-napoleon-18yo-0-7l-40\/","title":{"rendered":"Cognac AE DOR Napoleon 18yo 0.7l 40%"},"content":{"rendered":"","protected":false},"excerpt":{"rendered":"<div class=\"flex flex-grow flex-col gap-3 max-w-full\">\n<div class=\"min-h-[20px] flex flex-col items-start gap-3 overflow-x-auto whitespace-pre-wrap break-words\">\n<div class=\"markdown prose w-full break-words dark:prose-invert light\">\n<p>La mezcla perfecta de tres terru\u00f1os distintos de la regi\u00f3n. Es una fusi\u00f3n de la madurez del Petite Champagne, el vigor y la vivacidad de Borderies, as\u00ed como la finura y la longitud del Grande Champagne. En nariz, notas especiadas con un delicado toque de vainilla. Este co\u00f1ac se caracteriza por su car\u00e1cter suave y aterciopelado. Envejecido en bodega seca. Tipo de producto: Co\u00f1ac Porcentaje de alcohol: 40% Variedad de uva: Ugni Blanc Color: Robe Brillante Edad: 18 a\u00f1os Denominaciones: Grande Champagne, Petite Champagne, Borderies Tipo de bodega: Seco Temperatura de servicio: ~ 16\u00b0C a 20\u00b0C Piernas: Abundante Textura: Almibarado Nariz: Notas especiadas, toques de chocolate Nariz inicial: Potente, Complejo Segunda nariz: Ligero chocolate Entrada en boca: Potente, Largo, Persistente Final: Persistente Aromas: Amaderado, Notas especiadas, Chocolatoso <\/p>\n<\/div>\n<\/div>\n<\/div>\n","protected":false},"featured_media":78602,"comment_status":"open","ping_status":"closed","template":"","meta":{"_acf_changed":false},"product_brand":[],"product_cat":[340,345],"product_tag":[],"class_list":{"0":"post-78575","1":"product","2":"type-product","3":"status-publish","4":"has-post-thumbnail","6":"product_cat-cognac-armagnac-brandy-es","7":"product_cat-bebidas-acoholicas-es","9":"first","10":"instock","11":"taxable","12":"shipping-taxable","13":"purchasable","14":"product-type-simple"},"acf":[],"aioseo_notices":[],"jetpack_sharing_enabled":true,"_links":{"self":[{"href":"https:\/\/whisky.ad\/es\/wp-json\/wp\/v2\/product\/78575","targetHints":{"allow":["GET"]}}],"collection":[{"href":"https:\/\/whisky.ad\/es\/wp-json\/wp\/v2\/product"}],"about":[{"href":"https:\/\/whisky.ad\/es\/wp-json\/wp\/v2\/types\/product"}],"replies":[{"embeddable":true,"href":"https:\/\/whisky.ad\/es\/wp-json\/wp\/v2\/comments?post=78575"}],"wp:featuredmedia":[{"embeddable":true,"href":"https:\/\/whisky.ad\/es\/wp-json\/wp\/v2\/media\/78602"}],"wp:attachment":[{"href":"https:\/\/whisky.ad\/es\/wp-json\/wp\/v2\/media?parent=78575"}],"wp:term":[{"taxonomy":"product_brand","embeddable":true,"href":"https:\/\/whisky.ad\/es\/wp-json\/wp\/v2\/product_brand?post=78575"},{"taxonomy":"product_cat","embeddable":true,"href":"https:\/\/whisky.ad\/es\/wp-json\/wp\/v2\/product_cat?post=78575"},{"taxonomy":"product_tag","embeddable":true,"href":"https:\/\/whisky.ad\/es\/wp-json\/wp\/v2\/product_tag?post=78575"}],"curies":[{"name":"wp","href":"https:\/\/api.w.org\/{rel}","templated":true}]}}