{"id":78571,"date":"2023-08-29T17:53:11","date_gmt":"2023-08-29T16:53:11","guid":{"rendered":"https:\/\/whisky.ad\/product\/cognac-ae-dor-for-cigar-20yo-0-7l-42\/"},"modified":"2024-01-06T13:20:51","modified_gmt":"2024-01-06T12:20:51","slug":"cognac-ae-dor-for-cigar-20yo-0-7l-42","status":"publish","type":"product","link":"https:\/\/whisky.ad\/es\/producto\/cognac-ae-dor-for-cigar-20yo-0-7l-42\/","title":{"rendered":"Cognac AE DOR For Cigar 20yo 0.7l 42%"},"content":{"rendered":"","protected":false},"excerpt":{"rendered":"<div class=\"flex flex-grow flex-col gap-3 max-w-full\">\n<div class=\"min-h-[20px] flex flex-col items-start gap-3 overflow-x-auto whitespace-pre-wrap break-words\">\n<div class=\"markdown prose w-full break-words dark:prose-invert light\">\n<p>Para elaborar este co\u00f1ac, la casa A.E. DOR emprendi\u00f3 la meticulosa mezcla de varios crus, incluidos los m\u00e1s nobles. Este co\u00f1ac combina armoniosamente la finura con un car\u00e1cter robusto y estructurado, concebido para acentuar e integrar los matices arom\u00e1ticos aportados por los puros. Envejecido y conservado deliberadamente en barricas nuevas, en contra de las convenciones. El roble nuevo le confiere un sutil exceso de &#8220;amaderado&#8221; que, unido a un grado m\u00e1s elevado (42%), ofrece un co\u00f1ac perfecto para conocedores exigentes. Tipo de producto: Co\u00f1ac Porcentaje de alcohol: 42% Variedad de uva: Ugni Blanc Color: Robe Brillante Edad:   <\/p>\n<p> &gt; 20 a\u00f1os Denominaciones: Fins Bois, Grande Champagne, Petite Champagne Tipo de bodega: Seco Temperatura de servicio: ~ 16\u00b0C a 20\u00b0C Piernas: Abundante Textura: Almibarado Nariz: Rica, Expresiva Nariz Inicial: Potente, Amaderado, Rico Segunda Nariz: Amaderado, Suaves especias, Afrutado, Rico Entrada en boca: Seco, Estructurado Final: Potente Aromas: Robusto, Amaderado, Chocolatoso, Ligeramente afrutado, Envejecido<\/p>\n<\/div>\n<\/div>\n<\/div>\n<div class=\"flex justify-between lg:block\">\n<div class=\"text-gray-400 flex self-end lg:self-center justify-center mt-2 gap-2 md:gap-3 lg:gap-1 lg:absolute lg:top-0 lg:translate-x-full lg:right-0 lg:mt-0 lg:pl-2 visible\"><\/div>\n<\/div>\n<div class=\"flex-1 overflow-hidden\">\n<div class=\"react-scroll-to-bottom--css-xkuna-79elbk h-full dark:bg-gray-800\">\n<div class=\"react-scroll-to-bottom--css-xkuna-1n7m0yu\">\n<div class=\"flex flex-col text-sm dark:bg-gray-800\">\n<div class=\"h-32 md:h-48 flex-shrink-0\"><\/div>\n<\/div>\n<\/div>\n<\/div>\n<\/div>\n<div class=\"absolute bottom-0 left-0 w-full border-t md:border-t-0 dark:border-white\/20 md:border-transparent md:dark:border-transparent md:bg-vert-light-gradient bg-white dark:bg-gray-800 md:!bg-transparent dark:md:bg-vert-dark-gradient pt-2 md:pl-2 md:w-[calc(100%-.5rem)]\">\n<form class=\"stretch mx-2 flex flex-row gap-3 last:mb-2 md:mx-4 md:last:mb-6 lg:mx-auto lg:max-w-2xl xl:max-w-3xl\">\n<div class=\"relative flex h-full flex-1 items-stretch md:flex-col\">\n<div>\n<div class=\"h-full flex ml-1 md:w-full md:m-auto md:mb-4 gap-0 md:gap-2 justify-center\">\n<div class=\"grow\"><\/div>\n<\/div>\n<\/div>\n<\/div>\n<\/form>\n<\/div>\n","protected":false},"featured_media":78597,"comment_status":"open","ping_status":"closed","template":"","meta":{"_acf_changed":false},"product_brand":[],"product_cat":[340,345],"product_tag":[],"class_list":{"0":"post-78571","1":"product","2":"type-product","3":"status-publish","4":"has-post-thumbnail","6":"product_cat-cognac-armagnac-brandy-es","7":"product_cat-bebidas-acoholicas-es","9":"first","10":"instock","11":"taxable","12":"shipping-taxable","13":"purchasable","14":"product-type-simple"},"acf":[],"aioseo_notices":[],"jetpack_sharing_enabled":true,"_links":{"self":[{"href":"https:\/\/whisky.ad\/es\/wp-json\/wp\/v2\/product\/78571","targetHints":{"allow":["GET"]}}],"collection":[{"href":"https:\/\/whisky.ad\/es\/wp-json\/wp\/v2\/product"}],"about":[{"href":"https:\/\/whisky.ad\/es\/wp-json\/wp\/v2\/types\/product"}],"replies":[{"embeddable":true,"href":"https:\/\/whisky.ad\/es\/wp-json\/wp\/v2\/comments?post=78571"}],"wp:featuredmedia":[{"embeddable":true,"href":"https:\/\/whisky.ad\/es\/wp-json\/wp\/v2\/media\/78597"}],"wp:attachment":[{"href":"https:\/\/whisky.ad\/es\/wp-json\/wp\/v2\/media?parent=78571"}],"wp:term":[{"taxonomy":"product_brand","embeddable":true,"href":"https:\/\/whisky.ad\/es\/wp-json\/wp\/v2\/product_brand?post=78571"},{"taxonomy":"product_cat","embeddable":true,"href":"https:\/\/whisky.ad\/es\/wp-json\/wp\/v2\/product_cat?post=78571"},{"taxonomy":"product_tag","embeddable":true,"href":"https:\/\/whisky.ad\/es\/wp-json\/wp\/v2\/product_tag?post=78571"}],"curies":[{"name":"wp","href":"https:\/\/api.w.org\/{rel}","templated":true}]}}