{"id":78568,"date":"2023-08-29T17:30:07","date_gmt":"2023-08-29T16:30:07","guid":{"rendered":"https:\/\/whisky.ad\/product\/cognac-ae-dor-embleme-12yo-0-7l-40\/"},"modified":"2024-01-06T13:23:10","modified_gmt":"2024-01-06T12:23:10","slug":"cognac-ae-dor-embleme-12yo-0-7l-40","status":"publish","type":"product","link":"https:\/\/whisky.ad\/es\/producto\/cognac-ae-dor-embleme-12yo-0-7l-40\/","title":{"rendered":"Cognac AE DOR Embl\u00e8me 12yo 0.7l 40%"},"content":{"rendered":"","protected":false},"excerpt":{"rendered":"<div class=\"flex flex-grow flex-col gap-3 max-w-full\">\n<div class=\"min-h-[20px] flex flex-col items-start gap-3 overflow-x-auto whitespace-pre-wrap break-words\">\n<div class=\"markdown prose w-full break-words dark:prose-invert light\">\n<p>El co\u00f1ac EMBLEME es una mezcla perfecta de dos finos crus de la regi\u00f3n: Grande Champagne y Fins Bois. Envejecido en barricas de roble durante muchos a\u00f1os en las bodegas de A.E. DOR en Jarnac. Los aromas de vainilla y albaricoque armonizan en nariz, junto con una sutil nota de chocolate. En boca es muy agradable y elegante. Tipo de producto: Co\u00f1ac Porcentaje de alcohol: 40% Variedad de uva: Ugni Blanc Color: Robe Brillante Edad:<\/p>\n<p> &gt; 12 a\u00f1os Denominaciones: Fins Bois, Grande Champagne Tipo de bodega: H\u00fameda Temperatura de servicio: ~ 16\u00b0C a 20\u00b0C Piernas: Abundante Textura: Almibarada Nariz: Elegante Nariz Inicial: Intensa Segunda Nariz: Chocolate ligero, Se desarrolla con el tiempo Entrada en boca: Pleno Final: Persistente Aromas: Ligeramente albaricoque, Notas de chocolate, Vainilla<\/p>\n<\/div>\n<\/div>\n<\/div>\n","protected":false},"featured_media":78617,"comment_status":"open","ping_status":"closed","template":"","meta":{"_acf_changed":false},"product_brand":[],"product_cat":[340,345],"product_tag":[],"class_list":{"0":"post-78568","1":"product","2":"type-product","3":"status-publish","4":"has-post-thumbnail","6":"product_cat-cognac-armagnac-brandy-es","7":"product_cat-bebidas-acoholicas-es","9":"first","10":"instock","11":"taxable","12":"shipping-taxable","13":"purchasable","14":"product-type-simple"},"acf":[],"aioseo_notices":[],"jetpack_sharing_enabled":true,"_links":{"self":[{"href":"https:\/\/whisky.ad\/es\/wp-json\/wp\/v2\/product\/78568","targetHints":{"allow":["GET"]}}],"collection":[{"href":"https:\/\/whisky.ad\/es\/wp-json\/wp\/v2\/product"}],"about":[{"href":"https:\/\/whisky.ad\/es\/wp-json\/wp\/v2\/types\/product"}],"replies":[{"embeddable":true,"href":"https:\/\/whisky.ad\/es\/wp-json\/wp\/v2\/comments?post=78568"}],"wp:featuredmedia":[{"embeddable":true,"href":"https:\/\/whisky.ad\/es\/wp-json\/wp\/v2\/media\/78617"}],"wp:attachment":[{"href":"https:\/\/whisky.ad\/es\/wp-json\/wp\/v2\/media?parent=78568"}],"wp:term":[{"taxonomy":"product_brand","embeddable":true,"href":"https:\/\/whisky.ad\/es\/wp-json\/wp\/v2\/product_brand?post=78568"},{"taxonomy":"product_cat","embeddable":true,"href":"https:\/\/whisky.ad\/es\/wp-json\/wp\/v2\/product_cat?post=78568"},{"taxonomy":"product_tag","embeddable":true,"href":"https:\/\/whisky.ad\/es\/wp-json\/wp\/v2\/product_tag?post=78568"}],"curies":[{"name":"wp","href":"https:\/\/api.w.org\/{rel}","templated":true}]}}