{"id":78564,"date":"2023-08-29T17:38:29","date_gmt":"2023-08-29T16:38:29","guid":{"rendered":"https:\/\/whisky.ad\/product\/cognac-ae-dor-carafe-xo-25yo-0-7l-40\/"},"modified":"2023-08-29T17:38:29","modified_gmt":"2023-08-29T16:38:29","slug":"cognac-ae-dor-carafe-xo-25yo-0-7l-40","status":"publish","type":"product","link":"https:\/\/whisky.ad\/es\/producto\/cognac-ae-dor-carafe-xo-25yo-0-7l-40\/","title":{"rendered":"Cognac AE DOR Carafe XO 25yo 0.7l 40%"},"content":{"rendered":"","protected":false},"excerpt":{"rendered":"<div class=\"flex flex-grow flex-col gap-3 max-w-full\">\n<div class=\"min-h-[20px] flex flex-col items-start gap-3 overflow-x-auto whitespace-pre-wrap break-words\">\n<div class=\"markdown prose w-full break-words dark:prose-invert light\">\n<p>Se trata de un sutil matrimonio entre el Grande Champagne y el Petite Champagne. Ligero y delicado, este Fine Champagne desvela progresivamente un bouquet complejo y equilibrado tanto en nariz como en boca. Notas de flores, miel y sarmientos. Este aguardiente ya insin\u00faa su redondez y madurez a trav\u00e9s de sus delicados y agradables aromas. Unas cualidades que satisfar\u00e1n a los paladares m\u00e1s exigentes. Tipo de producto: Co\u00f1ac Volumen: 70 cl Porcentaje de alcohol: 40% Variedad de uva: Ugni Blanc Color: Robe Brillante Cuenta de Edad: XO Edad:    <\/p>\n<p> &gt; 25 a\u00f1os Denominaciones: Champagne Fino Tipo de Bodega: H\u00fameda Temperatura de servicio: ~ 16\u00b0C a 20\u00b0C Piernas: Abundante Textura: Almibarado Nariz: Inicial Complejo: Rico Segundo Nariz: Ligeramente especiado, Notas oto\u00f1ales, Notas de miel Entrada en boca: Redondo, Complejo Final: Persistente Aromas: Amaderado, Ligeramente afrutado, Canela, Caramelo, Clavo.<\/p>\n<\/div>\n<\/div>\n<\/div>\n","protected":false},"featured_media":77477,"comment_status":"open","ping_status":"closed","template":"","meta":{"_acf_changed":false},"product_brand":[],"product_cat":[340,345],"product_tag":[],"class_list":{"0":"post-78564","1":"product","2":"type-product","3":"status-publish","4":"has-post-thumbnail","6":"product_cat-cognac-armagnac-brandy-es","7":"product_cat-bebidas-acoholicas-es","9":"first","10":"instock","11":"taxable","12":"shipping-taxable","13":"purchasable","14":"product-type-simple"},"acf":[],"aioseo_notices":[],"jetpack_sharing_enabled":true,"_links":{"self":[{"href":"https:\/\/whisky.ad\/es\/wp-json\/wp\/v2\/product\/78564","targetHints":{"allow":["GET"]}}],"collection":[{"href":"https:\/\/whisky.ad\/es\/wp-json\/wp\/v2\/product"}],"about":[{"href":"https:\/\/whisky.ad\/es\/wp-json\/wp\/v2\/types\/product"}],"replies":[{"embeddable":true,"href":"https:\/\/whisky.ad\/es\/wp-json\/wp\/v2\/comments?post=78564"}],"wp:featuredmedia":[{"embeddable":true,"href":"https:\/\/whisky.ad\/es\/wp-json\/wp\/v2\/media\/77477"}],"wp:attachment":[{"href":"https:\/\/whisky.ad\/es\/wp-json\/wp\/v2\/media?parent=78564"}],"wp:term":[{"taxonomy":"product_brand","embeddable":true,"href":"https:\/\/whisky.ad\/es\/wp-json\/wp\/v2\/product_brand?post=78564"},{"taxonomy":"product_cat","embeddable":true,"href":"https:\/\/whisky.ad\/es\/wp-json\/wp\/v2\/product_cat?post=78564"},{"taxonomy":"product_tag","embeddable":true,"href":"https:\/\/whisky.ad\/es\/wp-json\/wp\/v2\/product_tag?post=78564"}],"curies":[{"name":"wp","href":"https:\/\/api.w.org\/{rel}","templated":true}]}}