{"id":78561,"date":"2023-07-29T18:03:18","date_gmt":"2023-07-29T17:03:18","guid":{"rendered":"https:\/\/whisky.ad\/product\/chateau-lyonnat-rouge-2015-0-75l-14\/"},"modified":"2024-01-11T16:50:53","modified_gmt":"2024-01-11T15:50:53","slug":"chateau-lyonnat-rouge-2015-0-75l-14","status":"publish","type":"product","link":"https:\/\/whisky.ad\/es\/producto\/chateau-lyonnat-rouge-2015-0-75l-14\/","title":{"rendered":"Chateau Lyonnat Rouge 2015 0.75l 14%"},"content":{"rendered":"","protected":false},"excerpt":{"rendered":"<div class=\"flex flex-grow flex-col gap-3\">\n<div class=\"min-h-[20px] flex items-start overflow-x-auto whitespace-pre-wrap break-words flex-col gap-4\">\n<div class=\"markdown prose w-full break-words dark:prose-invert light\">\n<p>Ch\u00e2teau Lyonnat, situado en Lussac-Saint-\u00c9milion, es famoso por su excepcional producci\u00f3n de vino y es el principal ch\u00e2teau de G\u00e9rard Milhade. El vino se elabora con gran esmero, utilizando una mezcla en la que predomina el 85% de Merlot, complementado con un 11% de Cabernet Sauvignon y un 4% de Cabernet Franc. La finca cuenta con parcelas de vi\u00f1as viejas, mientras que los vi\u00f1edos de la ladera crecen sobre suelos calizos y arcillosos. El aspecto del vino es de un granate intenso, y desprende una deliciosa calidez de aromas de pan especiado y frutos rojos. Posee un notable equilibrio entre potencia y flexibilidad, con notas persistentes de vainilla en el final. El clarete a base de Merlot de Ch\u00e2teau Lyonnat ofrece una experiencia sabrosa. Su car\u00e1cter flexible y jugoso lo convierte en un acompa\u00f1ante vers\u00e1til de elegantes platos de pollo, ternera, cordero y verduras. Por sus extraordinarias cualidades, este vino se ha ganado un lugar en nuestra gama principal. El Merlot, tambi\u00e9n conocido como Mare-low, es una variedad de uva que produce vinos de cuerpo medio, carnosos y jugosos, con taninos suaves. A menudo se disfruta como monovarietal, pero tambi\u00e9n se mezcla con Cabernet Sauvignon para suavizar cualquier aspereza. El Merlot se cultiva extensamente en todo el mundo y tiene una gran importancia comercial entre las uvas tintas del sector de la hosteler\u00eda. Esta uva presenta una gran variedad de deliciosos sabores, como ar\u00e1ndanos, cerezas, chocolate, ciruelas y vainilla, lo que aumenta a\u00fan m\u00e1s su atractivo para los aficionados al vino.  <\/p>\n<\/div>\n<\/div>\n<\/div>\n","protected":false},"featured_media":77087,"comment_status":"open","ping_status":"closed","template":"","meta":{"_acf_changed":false},"product_brand":[],"product_cat":[387,486],"product_tag":[],"class_list":{"0":"post-78561","1":"product","2":"type-product","3":"status-publish","4":"has-post-thumbnail","6":"product_cat-vino-es","7":"product_cat-lussac-st-emilion-es","9":"first","10":"instock","11":"taxable","12":"shipping-taxable","13":"product-type-simple"},"acf":[],"aioseo_notices":[],"jetpack_sharing_enabled":true,"_links":{"self":[{"href":"https:\/\/whisky.ad\/es\/wp-json\/wp\/v2\/product\/78561","targetHints":{"allow":["GET"]}}],"collection":[{"href":"https:\/\/whisky.ad\/es\/wp-json\/wp\/v2\/product"}],"about":[{"href":"https:\/\/whisky.ad\/es\/wp-json\/wp\/v2\/types\/product"}],"replies":[{"embeddable":true,"href":"https:\/\/whisky.ad\/es\/wp-json\/wp\/v2\/comments?post=78561"}],"wp:featuredmedia":[{"embeddable":true,"href":"https:\/\/whisky.ad\/es\/wp-json\/wp\/v2\/media\/77087"}],"wp:attachment":[{"href":"https:\/\/whisky.ad\/es\/wp-json\/wp\/v2\/media?parent=78561"}],"wp:term":[{"taxonomy":"product_brand","embeddable":true,"href":"https:\/\/whisky.ad\/es\/wp-json\/wp\/v2\/product_brand?post=78561"},{"taxonomy":"product_cat","embeddable":true,"href":"https:\/\/whisky.ad\/es\/wp-json\/wp\/v2\/product_cat?post=78561"},{"taxonomy":"product_tag","embeddable":true,"href":"https:\/\/whisky.ad\/es\/wp-json\/wp\/v2\/product_tag?post=78561"}],"curies":[{"name":"wp","href":"https:\/\/api.w.org\/{rel}","templated":true}]}}