{"id":78556,"date":"2021-08-03T12:32:36","date_gmt":"2021-08-03T11:32:36","guid":{"rendered":"https:\/\/whisky.ad\/product\/chateau-jean-faux-bordeaux-superieur-aoc\/"},"modified":"2024-01-11T16:42:00","modified_gmt":"2024-01-11T15:42:00","slug":"chateau-jean-faux-bordeaux-superieur-aoc","status":"publish","type":"product","link":"https:\/\/whisky.ad\/es\/producto\/chateau-jean-faux-bordeaux-superieur-aoc\/","title":{"rendered":"Ch\u00e2teau Jean Faux, Bordeaux Sup\u00e9rieur AOC"},"content":{"rendered":"<p>&nbsp;<\/p>\n<p>&nbsp;<\/p>\n","protected":false},"excerpt":{"rendered":"<p>Propiedad: Ch\u00e2teau Jean Faux<br \/>\nColor: Rojo<br \/>\nRegi\u00f3n: Burdeos &#8211; Entre-deux-Mers<br \/>\nDenominaci\u00f3n : Bordeaux Sup\u00e9rieur<br \/>\nVariedades de uva : Cabernet franc , Merlot<br \/>\nWine spectator: 90\/100<br \/>\nVivino: 4.2\/5<\/p>\n<p>El Ch\u00e2teau Jean Faux produce este Bordeaux Sup\u00e9rieur a partir de 12 hect\u00e1reas de vi\u00f1as viejas, de un cuarto de siglo de antig\u00fcedad El terru\u00f1o es el de Saint-Rad\u00e9gonde, bajo Castillon-la-Bataille, con laderas y mesetas arcillo-calc\u00e1reas bien expuestas Est\u00e1n presentes dos variedades de uva, merlot y cabernet franc, con 4 quintas partes de la primera Tras una vendimia manual clasificada en mesa vibratoria, la vinificaci\u00f3n se realiza en parcela y en peque\u00f1as cubas de cemento y acero inoxidable, para un trabajo preciso El envejecimiento es doble, con 12 a 14 meses en barricas de roble nuevas al 40% y 6 meses en cubas para armonizar los lotes<\/p>\n","protected":false},"featured_media":76376,"comment_status":"open","ping_status":"closed","template":"","meta":{"_acf_changed":false},"product_brand":[],"product_cat":[387,393],"product_tag":[],"class_list":{"0":"post-78556","1":"product","2":"type-product","3":"status-publish","4":"has-post-thumbnail","6":"product_cat-vino-es","7":"product_cat-bordeaux-es","9":"first","10":"instock","11":"taxable","12":"shipping-taxable","13":"purchasable","14":"product-type-simple"},"acf":[],"aioseo_notices":[],"jetpack_sharing_enabled":true,"_links":{"self":[{"href":"https:\/\/whisky.ad\/es\/wp-json\/wp\/v2\/product\/78556","targetHints":{"allow":["GET"]}}],"collection":[{"href":"https:\/\/whisky.ad\/es\/wp-json\/wp\/v2\/product"}],"about":[{"href":"https:\/\/whisky.ad\/es\/wp-json\/wp\/v2\/types\/product"}],"replies":[{"embeddable":true,"href":"https:\/\/whisky.ad\/es\/wp-json\/wp\/v2\/comments?post=78556"}],"wp:featuredmedia":[{"embeddable":true,"href":"https:\/\/whisky.ad\/es\/wp-json\/wp\/v2\/media\/76376"}],"wp:attachment":[{"href":"https:\/\/whisky.ad\/es\/wp-json\/wp\/v2\/media?parent=78556"}],"wp:term":[{"taxonomy":"product_brand","embeddable":true,"href":"https:\/\/whisky.ad\/es\/wp-json\/wp\/v2\/product_brand?post=78556"},{"taxonomy":"product_cat","embeddable":true,"href":"https:\/\/whisky.ad\/es\/wp-json\/wp\/v2\/product_cat?post=78556"},{"taxonomy":"product_tag","embeddable":true,"href":"https:\/\/whisky.ad\/es\/wp-json\/wp\/v2\/product_tag?post=78556"}],"curies":[{"name":"wp","href":"https:\/\/api.w.org\/{rel}","templated":true}]}}