{"id":78550,"date":"2023-07-29T18:37:41","date_gmt":"2023-07-29T17:37:41","guid":{"rendered":"https:\/\/whisky.ad\/product\/champagne-monthuys-brut-reserve-075l-125\/"},"modified":"2024-01-11T16:35:52","modified_gmt":"2024-01-11T15:35:52","slug":"champagne-monthuys-brut-reserve-075l-125","status":"publish","type":"product","link":"https:\/\/whisky.ad\/es\/producto\/champagne-monthuys-brut-reserve-075l-125\/","title":{"rendered":"Champagne Monthuys Brut Reserve 0,75l 12,5%"},"content":{"rendered":"","protected":false},"excerpt":{"rendered":"<div class=\"flex flex-grow flex-col gap-3\">\n<div class=\"min-h-[20px] flex items-start overflow-x-auto whitespace-pre-wrap break-words flex-col gap-4\">\n<div class=\"markdown prose w-full break-words dark:prose-invert light\">\n<p>El Champagne Monthuys pertenece a la familia Baron, que posee y cultiva vi\u00f1edos en la regi\u00f3n de Champagne desde el siglo XVII. Al principio, toda la cosecha se vend\u00eda a comerciantes de Epernay y Reims. En 1966, el Sr. Gabriel Baron tom\u00f3 la decisi\u00f3n de vinificar y producir su propio champ\u00e1n. Las primeras botellas se vendieron directamente de la bodega a clientes particulares y restaurantes locales. Con el paso de los a\u00f1os, la empresa sigui\u00f3 creciendo. En la actualidad, la familia posee 38 hect\u00e1reas de vi\u00f1edos y est\u00e1 establecida en el pueblo de Charly sur Marne, en la parte oriental del valle del Marne. Tras una nariz inicial fresca y elegante, esta cuv\u00e9e ofrece notas golosas de melocot\u00f3n y pulpa de albaricoque. En boca, bien equilibrado, se caracteriza por una compleja sensaci\u00f3n de redondez y frescor. Intensas notas de manzana y melocot\u00f3n acompa\u00f1an este bello equilibrio de sabores. El final es largo y puntuado por sutiles notas de frutos secos.     <\/p>\n<\/div>\n<\/div>\n<\/div>\n","protected":false},"featured_media":77075,"comment_status":"open","ping_status":"closed","template":"","meta":{"_acf_changed":false},"product_brand":[],"product_cat":[387,388],"product_tag":[],"class_list":{"0":"post-78550","1":"product","2":"type-product","3":"status-publish","4":"has-post-thumbnail","6":"product_cat-vino-es","7":"product_cat-champagne-es","9":"first","10":"instock","11":"taxable","12":"shipping-taxable","13":"purchasable","14":"product-type-simple"},"acf":[],"aioseo_notices":[],"jetpack_sharing_enabled":true,"_links":{"self":[{"href":"https:\/\/whisky.ad\/es\/wp-json\/wp\/v2\/product\/78550","targetHints":{"allow":["GET"]}}],"collection":[{"href":"https:\/\/whisky.ad\/es\/wp-json\/wp\/v2\/product"}],"about":[{"href":"https:\/\/whisky.ad\/es\/wp-json\/wp\/v2\/types\/product"}],"replies":[{"embeddable":true,"href":"https:\/\/whisky.ad\/es\/wp-json\/wp\/v2\/comments?post=78550"}],"wp:featuredmedia":[{"embeddable":true,"href":"https:\/\/whisky.ad\/es\/wp-json\/wp\/v2\/media\/77075"}],"wp:attachment":[{"href":"https:\/\/whisky.ad\/es\/wp-json\/wp\/v2\/media?parent=78550"}],"wp:term":[{"taxonomy":"product_brand","embeddable":true,"href":"https:\/\/whisky.ad\/es\/wp-json\/wp\/v2\/product_brand?post=78550"},{"taxonomy":"product_cat","embeddable":true,"href":"https:\/\/whisky.ad\/es\/wp-json\/wp\/v2\/product_cat?post=78550"},{"taxonomy":"product_tag","embeddable":true,"href":"https:\/\/whisky.ad\/es\/wp-json\/wp\/v2\/product_tag?post=78550"}],"curies":[{"name":"wp","href":"https:\/\/api.w.org\/{rel}","templated":true}]}}