{"id":78547,"date":"2023-07-29T18:54:03","date_gmt":"2023-07-29T17:54:03","guid":{"rendered":"https:\/\/whisky.ad\/product\/champagne-gosset-brut-grande-reserve-075-12\/"},"modified":"2024-01-11T16:34:06","modified_gmt":"2024-01-11T15:34:06","slug":"champagne-gosset-brut-grande-reserve-075-12","status":"publish","type":"product","link":"https:\/\/whisky.ad\/es\/producto\/champagne-gosset-brut-grande-reserve-075-12\/","title":{"rendered":"Champagne Gosset Brut Grande Reserve 0,75% 12%"},"content":{"rendered":"","protected":false},"excerpt":{"rendered":"<p>Gosset, la segunda casa m\u00e1s antigua de Champagne, presenta su Grande R\u00e9serve, un vino de excepcional riqueza y artesan\u00eda. El ensamblaje de Chardonnay, ligeramente superior al de Pinot Noir, se complementa con un toque de Pinot Meunier, que le confiere un seductor aroma a brioche. El paladar se deleita con deliciosas notas de galleta, que culminan en un final elegante y asertivo. Sin duda, este champ\u00e1n es una aut\u00e9ntica maravilla y un testimonio de la excelencia de Gosset.   <\/p>\n","protected":false},"featured_media":77105,"comment_status":"open","ping_status":"closed","template":"","meta":{"_acf_changed":false},"product_brand":[],"product_cat":[387,388],"product_tag":[],"class_list":{"0":"post-78547","1":"product","2":"type-product","3":"status-publish","4":"has-post-thumbnail","6":"product_cat-vino-es","7":"product_cat-champagne-es","9":"first","10":"instock","11":"taxable","12":"shipping-taxable","13":"purchasable","14":"product-type-simple"},"acf":[],"aioseo_notices":[],"jetpack_sharing_enabled":true,"_links":{"self":[{"href":"https:\/\/whisky.ad\/es\/wp-json\/wp\/v2\/product\/78547","targetHints":{"allow":["GET"]}}],"collection":[{"href":"https:\/\/whisky.ad\/es\/wp-json\/wp\/v2\/product"}],"about":[{"href":"https:\/\/whisky.ad\/es\/wp-json\/wp\/v2\/types\/product"}],"replies":[{"embeddable":true,"href":"https:\/\/whisky.ad\/es\/wp-json\/wp\/v2\/comments?post=78547"}],"wp:featuredmedia":[{"embeddable":true,"href":"https:\/\/whisky.ad\/es\/wp-json\/wp\/v2\/media\/77105"}],"wp:attachment":[{"href":"https:\/\/whisky.ad\/es\/wp-json\/wp\/v2\/media?parent=78547"}],"wp:term":[{"taxonomy":"product_brand","embeddable":true,"href":"https:\/\/whisky.ad\/es\/wp-json\/wp\/v2\/product_brand?post=78547"},{"taxonomy":"product_cat","embeddable":true,"href":"https:\/\/whisky.ad\/es\/wp-json\/wp\/v2\/product_cat?post=78547"},{"taxonomy":"product_tag","embeddable":true,"href":"https:\/\/whisky.ad\/es\/wp-json\/wp\/v2\/product_tag?post=78547"}],"curies":[{"name":"wp","href":"https:\/\/api.w.org\/{rel}","templated":true}]}}