{"id":78544,"date":"2023-08-04T17:24:29","date_gmt":"2023-08-04T16:24:29","guid":{"rendered":"https:\/\/whisky.ad\/product\/campanero-elixir-orange-0-7l-40\/"},"modified":"2024-01-06T18:35:08","modified_gmt":"2024-01-06T17:35:08","slug":"campanero-elixir-orange-0-7l-40","status":"publish","type":"product","link":"https:\/\/whisky.ad\/es\/producto\/campanero-elixir-orange-0-7l-40\/","title":{"rendered":"Campa\u00f1ero Elixir Orange Jamaican Rum 0.7l 40%"},"content":{"rendered":"","protected":false},"excerpt":{"rendered":"<p>Campa\u00f1ero Elixir Naranja es un ron realmente cautivador que ofrece una deliciosa fusi\u00f3n de sabores. Elaborado con la mejor ca\u00f1a de az\u00facar del Caribe, este exquisito elixir se infunde con la esencia de naranjas maduradas al sol, creando una armoniosa combinaci\u00f3n de notas dulces y c\u00edtricas. El resultado es una bebida espirituosa aterciopelada y deliciosa que seduce las papilas gustativas con su rica complejidad. Su tentador color \u00e1mbar refleja la calidez y la vitalidad del Caribe, invit\u00e1ndole a disfrutar de un viaje sensorial con cada sorbo. Perfecto para saborear solo, con hielo o como complemento vers\u00e1til de c\u00f3cteles imaginativos, Campa\u00f1ero Elixir Naranja es un testimonio del arte de hacer ron, ofreciendo una experiencia inolvidable que captura la esencia de la indulgencia tropical. Al levantar la copa, los sentidos son recibidos con una explosi\u00f3n vibrante y arom\u00e1tica de naranjas dulces maduradas al sol. El aroma inicial es vigorizante y promete un viaje lleno de c\u00edtricos. Al primer sorbo, la textura suave y aterciopelada envuelve el paladar en un lujoso abrazo. El distintivo perfil de sabor se despliega con la esencia de las naranjas maduras, revelando una perfecta armon\u00eda de dulzor y acidez. Entre las notas c\u00edtricas, descubrir\u00e1 toques de caramelo y vainilla, que a\u00f1aden capas de complejidad al elixir. La infusi\u00f3n de frutas tropicales realza a\u00fan m\u00e1s la deliciosa esencia tropical, transport\u00e1ndole a las soleadas costas del Caribe. En el paladar medio, aparecen sutiles especias que aportan una suave calidez a la experiencia. Estas especias a\u00f1aden un agradable contraste a la dulzura c\u00edtrica, culminando en un sabor equilibrado y lleno de matices. El final es largo y satisfactorio, dejando una persistente impresi\u00f3n de sabrosa ralladura de naranja y un toque de roble, con ganas de saborear hasta la \u00faltima gota.    <\/p>\n","protected":false},"featured_media":77003,"comment_status":"open","ping_status":"closed","template":"","meta":{"_acf_changed":false},"product_brand":[],"product_cat":[366,384],"product_tag":[],"class_list":{"0":"post-78544","1":"product","2":"type-product","3":"status-publish","4":"has-post-thumbnail","6":"product_cat-ron","7":"product_cat-jamaica-es","9":"first","10":"instock","11":"taxable","12":"shipping-taxable","13":"purchasable","14":"product-type-simple"},"acf":[],"aioseo_notices":[],"jetpack_sharing_enabled":true,"_links":{"self":[{"href":"https:\/\/whisky.ad\/es\/wp-json\/wp\/v2\/product\/78544","targetHints":{"allow":["GET"]}}],"collection":[{"href":"https:\/\/whisky.ad\/es\/wp-json\/wp\/v2\/product"}],"about":[{"href":"https:\/\/whisky.ad\/es\/wp-json\/wp\/v2\/types\/product"}],"replies":[{"embeddable":true,"href":"https:\/\/whisky.ad\/es\/wp-json\/wp\/v2\/comments?post=78544"}],"wp:featuredmedia":[{"embeddable":true,"href":"https:\/\/whisky.ad\/es\/wp-json\/wp\/v2\/media\/77003"}],"wp:attachment":[{"href":"https:\/\/whisky.ad\/es\/wp-json\/wp\/v2\/media?parent=78544"}],"wp:term":[{"taxonomy":"product_brand","embeddable":true,"href":"https:\/\/whisky.ad\/es\/wp-json\/wp\/v2\/product_brand?post=78544"},{"taxonomy":"product_cat","embeddable":true,"href":"https:\/\/whisky.ad\/es\/wp-json\/wp\/v2\/product_cat?post=78544"},{"taxonomy":"product_tag","embeddable":true,"href":"https:\/\/whisky.ad\/es\/wp-json\/wp\/v2\/product_tag?post=78544"}],"curies":[{"name":"wp","href":"https:\/\/api.w.org\/{rel}","templated":true}]}}