{"id":78541,"date":"2023-08-04T17:27:05","date_gmt":"2023-08-04T16:27:05","guid":{"rendered":"https:\/\/whisky.ad\/product\/campanero-anejo-0-7l-54\/"},"modified":"2024-01-06T18:33:14","modified_gmt":"2024-01-06T17:33:14","slug":"campanero-anejo-0-7l-54","status":"publish","type":"product","link":"https:\/\/whisky.ad\/es\/producto\/campanero-anejo-0-7l-54\/","title":{"rendered":"Campa\u00f1ero A\u00f1ejo Panamanian Rum 0.7l 54%"},"content":{"rendered":"","protected":false},"excerpt":{"rendered":"<div class=\"flex flex-grow flex-col gap-3\">\n<div class=\"min-h-[20px] flex flex-col items-start gap-3 overflow-x-auto whitespace-pre-wrap break-words\">\n<div class=\"markdown prose w-full break-words dark:prose-invert light\">\n<p>Campa\u00f1ero A\u00f1ejo es un ron excepcional que muestra la verdadera esencia de la artesan\u00eda consagrada. Elaborado meticulosamente con la mejor ca\u00f1a de az\u00facar del Caribe y envejecido en barricas de roble, este exquisito espirituoso posee un car\u00e1cter refinado y robusto a la vez. El proceso de envejecimiento le confiere un bello tono dorado y una textura aterciopelada, mientras que los complejos aromas de vainilla, caramelo y roble evocan una sensaci\u00f3n de indulgencia. Cada sorbo revela un armonioso equilibrio de sabores, que incluye notas de frutas tropicales y especias, dejando un final persistente y satisfactorio. Campa\u00f1ero A\u00f1ejo es un testimonio del arte de hacer ron, que invita a los aficionados a saborear y celebrar el legado de una tradici\u00f3n consagrada en cada copa. Ya sea solo, con hielo o como protagonista de c\u00f3cteles cl\u00e1sicos, este ron cautivar\u00e1 el paladar y crear\u00e1 recuerdos duraderos de placer caribe\u00f1o. El perfil de sabor de Compa\u00f1ero A\u00f1ejo es una armoniosa mezcla de notas dulces y saladas. El caramelo y el toffee dominan el paladar, acompa\u00f1ados de un delicado toque de roble que a\u00f1ade profundidad y complejidad a la experiencia. A medida que el ron persiste en el paladar, surgen notas de frutos secos y especias, que infunden al sabor una deliciosa complejidad que te mantiene explorando cada matiz. En el paladar medio, una suave calidez de especias como la canela y la nuez moscada aporta una sensaci\u00f3n reconfortante y satisfactoria. El cuidadoso proceso de a\u00f1ejamiento resplandece, creando un perfil de sabor bien redondeado y sofisticado que complace tanto a los entusiastas avezados del ron como a los reci\u00e9n llegados. El final es largo y memorable, dejando una impresi\u00f3n duradera de roble tostado y un dulzor sutil y agradable. Compa\u00f1ero A\u00f1ejo es un testimonio del arte de hacer ron, mostrando la maestr\u00eda del a\u00f1ejamiento y la mezcla para producir un ron accesible y lleno de car\u00e1cter.     <\/p>\n<\/div>\n<\/div>\n<\/div>\n","protected":false},"featured_media":77006,"comment_status":"open","ping_status":"closed","template":"","meta":{"_acf_changed":false},"product_brand":[],"product_cat":[366,381],"product_tag":[],"class_list":{"0":"post-78541","1":"product","2":"type-product","3":"status-publish","4":"has-post-thumbnail","6":"product_cat-ron","7":"product_cat-panama-es","9":"first","10":"instock","11":"taxable","12":"shipping-taxable","13":"purchasable","14":"product-type-simple"},"acf":[],"aioseo_notices":[],"jetpack_sharing_enabled":true,"_links":{"self":[{"href":"https:\/\/whisky.ad\/es\/wp-json\/wp\/v2\/product\/78541","targetHints":{"allow":["GET"]}}],"collection":[{"href":"https:\/\/whisky.ad\/es\/wp-json\/wp\/v2\/product"}],"about":[{"href":"https:\/\/whisky.ad\/es\/wp-json\/wp\/v2\/types\/product"}],"replies":[{"embeddable":true,"href":"https:\/\/whisky.ad\/es\/wp-json\/wp\/v2\/comments?post=78541"}],"wp:featuredmedia":[{"embeddable":true,"href":"https:\/\/whisky.ad\/es\/wp-json\/wp\/v2\/media\/77006"}],"wp:attachment":[{"href":"https:\/\/whisky.ad\/es\/wp-json\/wp\/v2\/media?parent=78541"}],"wp:term":[{"taxonomy":"product_brand","embeddable":true,"href":"https:\/\/whisky.ad\/es\/wp-json\/wp\/v2\/product_brand?post=78541"},{"taxonomy":"product_cat","embeddable":true,"href":"https:\/\/whisky.ad\/es\/wp-json\/wp\/v2\/product_cat?post=78541"},{"taxonomy":"product_tag","embeddable":true,"href":"https:\/\/whisky.ad\/es\/wp-json\/wp\/v2\/product_tag?post=78541"}],"curies":[{"name":"wp","href":"https:\/\/api.w.org\/{rel}","templated":true}]}}