{"id":78532,"date":"2023-08-28T10:32:46","date_gmt":"2023-08-28T09:32:46","guid":{"rendered":"https:\/\/whisky.ad\/product\/buffalo-trace-40-0-7l\/"},"modified":"2023-08-28T10:32:46","modified_gmt":"2023-08-28T09:32:46","slug":"buffalo-trace-40-0-7l","status":"publish","type":"product","link":"https:\/\/whisky.ad\/es\/producto\/buffalo-trace-40-0-7l\/","title":{"rendered":"Buffalo Trace 40% 0.7l"},"content":{"rendered":"","protected":false},"excerpt":{"rendered":"<p>**Buffalo Trace Bourbon: Un Sabor de Herencia y Artesan\u00eda** Buffalo Trace Bourbon es un verdadero testimonio de la rica herencia y el inquebrantable compromiso con la calidad que definen el mundo del bourbon. Arraigado en un legado que abarca siglos, este bourbon ic\u00f3nico es una mezcla magistral de tradici\u00f3n e innovaci\u00f3n, que ofrece a los entusiastas una experiencia gustativa sin igual. **Legado y destilaci\u00f3n:** Impregnado de una historia que se remonta al siglo XVIII, el bourbon Buffalo Trace toma su nombre de la hist\u00f3rica destiler\u00eda de Kentucky donde se elabora meticulosamente. El proceso de destilaci\u00f3n de Buffalo Trace es un arte perfeccionado durante generaciones. Los granos m\u00e1s finos, agua pura de piedra caliza y una combinaci\u00f3n de t\u00e9cnicas consagradas por el tiempo se unen para crear un bourbon que captura la esencia del patrimonio de la regi\u00f3n. **Paleta de sabores:** Desde el momento en que el bourbon Buffalo Trace toca sus labios, se despliega una sinfon\u00eda de sabores. Las notas iniciales revelan la dulzura del caramelo y la vainilla, seguidas de toques de especias que despiertan suavemente el paladar. A medida que el bourbon contin\u00faa su viaje, la calidez del roble tostado y un toque afrutado emergen, creando un perfil de sabor estratificado y armonioso que perdura en los sentidos. **Artesan\u00eda y envejecimiento:** La excelencia del bourbon Buffalo Trace no s\u00f3lo se atribuye a su destilaci\u00f3n, sino tambi\u00e9n a su proceso de envejecimiento. El bourbon se madura cuidadosamente en barricas de roble, lo que le permite desarrollar su car\u00e1cter distintivo con el paso del tiempo. La interacci\u00f3n entre la bebida espirituosa y la madera le confiere profundidad y complejidad, dando como resultado un bourbon robusto y lleno de matices. **La versatilidad del bourbon Buffalo Trace lo convierte en un apreciado compa\u00f1ero para toda una serie de ocasiones. Disfr\u00fatelo solo para saborear toda la profundidad de su perfil de sabor, o d\u00e9jelo brillar en c\u00f3cteles cl\u00e1sicos donde su car\u00e1cter bien equilibrado realza la experiencia global de la bebida. **Significado cultural:** El bourbon Buffalo Trace no es s\u00f3lo una bebida; forma parte de la cultura y la historia de Estados Unidos. La propia destiler\u00eda cuenta con un pasado hist\u00f3rico, habiendo operado durante la Ley Seca y los desaf\u00edos del tiempo. Este bourbon ha sido testigo de los cambios de rumbo de la naci\u00f3n, manteniendo al mismo tiempo su compromiso con la calidad. **Un brindis por la tradici\u00f3n:** Cada botella de Buffalo Trace Bourbon lleva en su interior el esp\u00edritu de quienes lo han elaborado, un legado que sigue evolucionando con cada a\u00f1o que pasa. Es un homenaje a los pioneros que sentaron las bases de la elaboraci\u00f3n del bourbon y una invitaci\u00f3n a los aficionados a compartir ese legado. Desde el primer sorbo hasta la \u00faltima gota, Buffalo Trace Bourbon encarna el arte, la pasi\u00f3n y la dedicaci\u00f3n que han definido su trayectoria. Es un recordatorio de que algunas cosas se disfrutan mejor despacio, apreciando la artesan\u00eda que hay detr\u00e1s de cada copa.<\/p>\n","protected":false},"featured_media":77255,"comment_status":"open","ping_status":"closed","template":"","meta":{"_acf_changed":false},"product_brand":[],"product_cat":[375,397,611],"product_tag":[],"class_list":{"0":"post-78532","1":"product","2":"type-product","3":"status-publish","4":"has-post-thumbnail","6":"product_cat-kentucky-es","7":"product_cat-presentado","8":"product_cat-usa-es","10":"first","11":"instock","12":"sale","13":"featured","14":"taxable","15":"shipping-taxable","16":"purchasable","17":"product-type-simple"},"acf":[],"aioseo_notices":[],"jetpack_sharing_enabled":true,"_links":{"self":[{"href":"https:\/\/whisky.ad\/es\/wp-json\/wp\/v2\/product\/78532","targetHints":{"allow":["GET"]}}],"collection":[{"href":"https:\/\/whisky.ad\/es\/wp-json\/wp\/v2\/product"}],"about":[{"href":"https:\/\/whisky.ad\/es\/wp-json\/wp\/v2\/types\/product"}],"replies":[{"embeddable":true,"href":"https:\/\/whisky.ad\/es\/wp-json\/wp\/v2\/comments?post=78532"}],"wp:featuredmedia":[{"embeddable":true,"href":"https:\/\/whisky.ad\/es\/wp-json\/wp\/v2\/media\/77255"}],"wp:attachment":[{"href":"https:\/\/whisky.ad\/es\/wp-json\/wp\/v2\/media?parent=78532"}],"wp:term":[{"taxonomy":"product_brand","embeddable":true,"href":"https:\/\/whisky.ad\/es\/wp-json\/wp\/v2\/product_brand?post=78532"},{"taxonomy":"product_cat","embeddable":true,"href":"https:\/\/whisky.ad\/es\/wp-json\/wp\/v2\/product_cat?post=78532"},{"taxonomy":"product_tag","embeddable":true,"href":"https:\/\/whisky.ad\/es\/wp-json\/wp\/v2\/product_tag?post=78532"}],"curies":[{"name":"wp","href":"https:\/\/api.w.org\/{rel}","templated":true}]}}