{"id":78529,"date":"2023-08-01T08:55:10","date_gmt":"2023-08-01T07:55:10","guid":{"rendered":"https:\/\/whisky.ad\/product\/bocatheva-15-yo-full-proof-07l-62\/"},"modified":"2024-01-08T12:23:28","modified_gmt":"2024-01-08T11:23:28","slug":"bocatheva-15-yo-full-proof-07l-62","status":"publish","type":"product","link":"https:\/\/whisky.ad\/es\/producto\/bocatheva-15-yo-full-proof-07l-62\/","title":{"rendered":"Bocatheva Venezuelan Rum 15 yo Full Proof 0,7l 62%"},"content":{"rendered":"","protected":false},"excerpt":{"rendered":"<p>Un ron verdaderamente excepcional encerrado en una botella \u00fanica con esta exclusiva Edici\u00f3n Limitada Bocatheva 15 a\u00f1os Full Proof. Este extraordinario ron, &#8220;brut de f\u00fbt&#8221;, no se diluye con agua tras la destilaci\u00f3n. Procedente de Venezuela, esta joya a base de melaza madura \u00fanicamente en barricas de roble americano dentro de las fronteras del pa\u00eds. Las ca\u00f1as de az\u00facar Romana y Cubana, que se cosechan una sola vez al a\u00f1o de diciembre a mayo, se recogen meticulosamente d\u00eda y noche, y la cosecha de la ma\u00f1ana contiene una mayor concentraci\u00f3n de dulzor. La elaboraci\u00f3n de este delicioso n\u00e9ctar requiere 2,24 kg de melaza para producir un solo litro del mejor ron. El proceso de fermentaci\u00f3n dura entre 12 y 16 horas, y la destilaci\u00f3n emplea un meticuloso m\u00e9todo de cuatro columnas. A continuaci\u00f3n, el ron madura en barricas a un volumen aproximado del 65% antes de emprender un viaje de envejecimiento en el clima tropical de Venezuela, lo que se traduce en un aroma ex\u00f3tico y una suavidad deliciosa. Al igual que antes, conserva su naturaleza de &#8220;brut de f\u00fbt&#8221;, lo que significa que no se incorpora agua tras la destilaci\u00f3n. Notas de cata: Aspecto: Tono \u00e1mbar profundo y cautivador. Nariz: Desprende fragancias potentes e intensas. En boca: Una intrincada mezcla de frutos secos y confituras. Final: Extraordinariamente largo y elegante.   <\/p>\n","protected":false},"featured_media":79092,"comment_status":"open","ping_status":"closed","template":"","meta":{"_acf_changed":false},"product_brand":[],"product_cat":[366,372],"product_tag":[],"class_list":{"0":"post-78529","1":"product","2":"type-product","3":"status-publish","4":"has-post-thumbnail","6":"product_cat-ron","7":"product_cat-venezuela-es","9":"first","10":"instock","11":"taxable","12":"shipping-taxable","13":"purchasable","14":"product-type-simple"},"acf":[],"aioseo_notices":[],"jetpack_sharing_enabled":true,"_links":{"self":[{"href":"https:\/\/whisky.ad\/es\/wp-json\/wp\/v2\/product\/78529","targetHints":{"allow":["GET"]}}],"collection":[{"href":"https:\/\/whisky.ad\/es\/wp-json\/wp\/v2\/product"}],"about":[{"href":"https:\/\/whisky.ad\/es\/wp-json\/wp\/v2\/types\/product"}],"replies":[{"embeddable":true,"href":"https:\/\/whisky.ad\/es\/wp-json\/wp\/v2\/comments?post=78529"}],"wp:featuredmedia":[{"embeddable":true,"href":"https:\/\/whisky.ad\/es\/wp-json\/wp\/v2\/media\/79092"}],"wp:attachment":[{"href":"https:\/\/whisky.ad\/es\/wp-json\/wp\/v2\/media?parent=78529"}],"wp:term":[{"taxonomy":"product_brand","embeddable":true,"href":"https:\/\/whisky.ad\/es\/wp-json\/wp\/v2\/product_brand?post=78529"},{"taxonomy":"product_cat","embeddable":true,"href":"https:\/\/whisky.ad\/es\/wp-json\/wp\/v2\/product_cat?post=78529"},{"taxonomy":"product_tag","embeddable":true,"href":"https:\/\/whisky.ad\/es\/wp-json\/wp\/v2\/product_tag?post=78529"}],"curies":[{"name":"wp","href":"https:\/\/api.w.org\/{rel}","templated":true}]}}