{"id":78526,"date":"2023-08-01T09:37:53","date_gmt":"2023-08-01T08:37:53","guid":{"rendered":"https:\/\/whisky.ad\/product\/bocatheva-15-yo-0-7l-45\/"},"modified":"2024-01-08T12:22:02","modified_gmt":"2024-01-08T11:22:02","slug":"bocatheva-15-yo-0-7l-45","status":"publish","type":"product","link":"https:\/\/whisky.ad\/es\/producto\/bocatheva-15-yo-0-7l-45\/","title":{"rendered":"Bocatheva Venezuelan Rum 15 yo 0.7l 45%"},"content":{"rendered":"","protected":false},"excerpt":{"rendered":"<div class=\"flex flex-grow flex-col gap-3\">\n<div class=\"min-h-[20px] flex items-start overflow-x-auto whitespace-pre-wrap break-words\">\n<div class=\"markdown prose w-full break-words dark:prose-invert light\">\n<p>Este extraordinario ron venezolano se elabora exclusivamente a partir de melaza y se a\u00f1eja \u00fanicamente en barricas de roble americano dentro de las fronteras de Venezuela. Las ca\u00f1as de az\u00facar, cuidadosamente seleccionadas, de las variedades Romana y Cubana, se cosechan una sola vez al a\u00f1o, entre diciembre y mayo, con continuos esfuerzos diurnos y nocturnos. Se prefieren las cosechas matinales debido a la mayor concentraci\u00f3n de az\u00facar. En el proceso de producci\u00f3n se utilizan 2,24 kg de melaza para producir un solo litro de este delicioso n\u00e9ctar. El periodo de fermentaci\u00f3n dura entre 12 y 16 horas, seguido de una meticulosa destilaci\u00f3n en cuatro columnas. A continuaci\u00f3n, el ron se trasvasa a barricas con un volumen aproximado del 65%. Su a\u00f1ejamiento tiene lugar en el clima tropical de Venezuela, lo que le confiere un aroma ex\u00f3tico \u00fanico y una deliciosa redondez. A lo largo del proceso de envejecimiento de 15 a\u00f1os, surgen potentes notas de frutas ex\u00f3ticas en nariz, mientras que el paladar se enriquece con sabores afrutados y robustos, expresando con arte su largo periodo de maduraci\u00f3n en Venezuela. El final est\u00e1 marcado por una sensaci\u00f3n potente pero perfectamente equilibrada. Notas de cata: Aspecto: Color \u00e1mbar profundo y seductor. Nariz: Potentes notas de frutas ex\u00f3ticas. Boca: Aromas afrutados y robustos que capturan maravillosamente los 15 a\u00f1os de envejecimiento en Venezuela. Final: Una conclusi\u00f3n convincente, potente pero armoniosamente equilibrada.  <\/p>\n<\/div>\n<\/div>\n<\/div>\n","protected":false},"featured_media":79081,"comment_status":"open","ping_status":"closed","template":"","meta":{"_acf_changed":false},"product_brand":[],"product_cat":[366,372],"product_tag":[],"class_list":{"0":"post-78526","1":"product","2":"type-product","3":"status-publish","4":"has-post-thumbnail","6":"product_cat-ron","7":"product_cat-venezuela-es","9":"first","10":"outofstock","11":"taxable","12":"shipping-taxable","13":"purchasable","14":"product-type-simple"},"acf":[],"aioseo_notices":[],"jetpack_sharing_enabled":true,"_links":{"self":[{"href":"https:\/\/whisky.ad\/es\/wp-json\/wp\/v2\/product\/78526","targetHints":{"allow":["GET"]}}],"collection":[{"href":"https:\/\/whisky.ad\/es\/wp-json\/wp\/v2\/product"}],"about":[{"href":"https:\/\/whisky.ad\/es\/wp-json\/wp\/v2\/types\/product"}],"replies":[{"embeddable":true,"href":"https:\/\/whisky.ad\/es\/wp-json\/wp\/v2\/comments?post=78526"}],"wp:featuredmedia":[{"embeddable":true,"href":"https:\/\/whisky.ad\/es\/wp-json\/wp\/v2\/media\/79081"}],"wp:attachment":[{"href":"https:\/\/whisky.ad\/es\/wp-json\/wp\/v2\/media?parent=78526"}],"wp:term":[{"taxonomy":"product_brand","embeddable":true,"href":"https:\/\/whisky.ad\/es\/wp-json\/wp\/v2\/product_brand?post=78526"},{"taxonomy":"product_cat","embeddable":true,"href":"https:\/\/whisky.ad\/es\/wp-json\/wp\/v2\/product_cat?post=78526"},{"taxonomy":"product_tag","embeddable":true,"href":"https:\/\/whisky.ad\/es\/wp-json\/wp\/v2\/product_tag?post=78526"}],"curies":[{"name":"wp","href":"https:\/\/api.w.org\/{rel}","templated":true}]}}