{"id":78523,"date":"2023-08-01T09:42:18","date_gmt":"2023-08-01T08:42:18","guid":{"rendered":"https:\/\/whisky.ad\/product\/bocatheva-10-yo-0-7l-45\/"},"modified":"2024-01-08T12:19:50","modified_gmt":"2024-01-08T11:19:50","slug":"bocatheva-10-yo-0-7l-45","status":"publish","type":"product","link":"https:\/\/whisky.ad\/es\/producto\/bocatheva-10-yo-0-7l-45\/","title":{"rendered":"Bocatheva Venezuelan Rum 10 yo 0.7l 45%"},"content":{"rendered":"","protected":false},"excerpt":{"rendered":"<div class=\"flex flex-grow flex-col gap-3\">\n<div class=\"min-h-[20px] flex items-start overflow-x-auto whitespace-pre-wrap break-words\">\n<div class=\"markdown prose w-full break-words dark:prose-invert light\">\n<p>Este excepcional ron venezolano se elabora exclusivamente a partir de melaza y se a\u00f1eja dentro de las fronteras de Venezuela, madurando con gracia en barricas de roble americano. Las ca\u00f1as de az\u00facar utilizadas en la producci\u00f3n de este exquisito espirituoso son de las variedades Romana y Cubana. El proceso de recolecci\u00f3n se lleva a cabo una sola vez al a\u00f1o, a partir de diciembre, y contin\u00faa incansablemente d\u00eda y noche. Se favorecen las cosechas matinales, ya que tienen una mayor concentraci\u00f3n de az\u00facar. Para crear este delicioso n\u00e9ctar, se procesan cuidadosamente 2,24 kg de melaza para obtener 1 litro del mejor ron. La fermentaci\u00f3n dura entre 12 y 16 horas, seguidas de una meticulosa destilaci\u00f3n en cuatro columnas. A continuaci\u00f3n, el ron se trasvasa cuidadosamente a barriles con un volumen aproximado del 65%. Este extraordinario espirituoso envejece en el clima tropical de Venezuela, lo que contribuye a su atractivo aroma ex\u00f3tico y a su perfil redondo. La experiencia de degustaci\u00f3n se despliega con un atractivo aspecto ambarino, acompa\u00f1ado de aromas frescos y afrutados en nariz. A continuaci\u00f3n, el paladar recibe un delicioso abanico de notas ex\u00f3ticas, abrazadas por una agradable redondez que acaricia las papilas gustativas. Por \u00faltimo, el final deja una impresi\u00f3n duradera de suavidad y persistencia, creando una experiencia de degustaci\u00f3n verdaderamente memorable   <\/p>\n<p>Notas de cata: Aspecto: Cautivador tono \u00e1mbar. Nariz: Aromas refrescantes y afrutados. Boca: Notas ex\u00f3ticas acompa\u00f1adas de una deliciosa redondez que envuelve el paladar. Final: Suave y duraderamente agradable<\/p>\n<\/div>\n<\/div>\n<\/div>\n","protected":false},"featured_media":79077,"comment_status":"open","ping_status":"closed","template":"","meta":{"_acf_changed":false},"product_brand":[],"product_cat":[366,372],"product_tag":[],"class_list":{"0":"post-78523","1":"product","2":"type-product","3":"status-publish","4":"has-post-thumbnail","6":"product_cat-ron","7":"product_cat-venezuela-es","9":"first","10":"outofstock","11":"taxable","12":"shipping-taxable","13":"purchasable","14":"product-type-simple"},"acf":[],"aioseo_notices":[],"jetpack_sharing_enabled":true,"_links":{"self":[{"href":"https:\/\/whisky.ad\/es\/wp-json\/wp\/v2\/product\/78523","targetHints":{"allow":["GET"]}}],"collection":[{"href":"https:\/\/whisky.ad\/es\/wp-json\/wp\/v2\/product"}],"about":[{"href":"https:\/\/whisky.ad\/es\/wp-json\/wp\/v2\/types\/product"}],"replies":[{"embeddable":true,"href":"https:\/\/whisky.ad\/es\/wp-json\/wp\/v2\/comments?post=78523"}],"wp:featuredmedia":[{"embeddable":true,"href":"https:\/\/whisky.ad\/es\/wp-json\/wp\/v2\/media\/79077"}],"wp:attachment":[{"href":"https:\/\/whisky.ad\/es\/wp-json\/wp\/v2\/media?parent=78523"}],"wp:term":[{"taxonomy":"product_brand","embeddable":true,"href":"https:\/\/whisky.ad\/es\/wp-json\/wp\/v2\/product_brand?post=78523"},{"taxonomy":"product_cat","embeddable":true,"href":"https:\/\/whisky.ad\/es\/wp-json\/wp\/v2\/product_cat?post=78523"},{"taxonomy":"product_tag","embeddable":true,"href":"https:\/\/whisky.ad\/es\/wp-json\/wp\/v2\/product_tag?post=78523"}],"curies":[{"name":"wp","href":"https:\/\/api.w.org\/{rel}","templated":true}]}}