{"id":78520,"date":"2023-11-23T14:58:46","date_gmt":"2023-11-23T13:58:46","guid":{"rendered":"https:\/\/whisky.ad\/product\/bladnoch-single-malt-vinaya-46-7-0-7l\/"},"modified":"2023-11-23T14:58:46","modified_gmt":"2023-11-23T13:58:46","slug":"bladnoch-single-malt-vinaya-46-7-0-7l","status":"publish","type":"product","link":"https:\/\/whisky.ad\/es\/producto\/bladnoch-single-malt-vinaya-46-7-0-7l\/","title":{"rendered":"Bladnoch Single Malt Vinaya 46.7% 0.7L."},"content":{"rendered":"","protected":false},"excerpt":{"rendered":"<p><strong>Bladnoch Single Malt Vinaya 46.7% 0.7L. 1st Fill Bourbon &amp; First Fill Sherry Casks <\/strong><\/p>\n<p>Bladnoch es la destiler\u00eda de whisky escoc\u00e9s de propiedad privada m\u00e1s antigua del mundo, y su legado sigue fluyendo sin interrupci\u00f3n desde 1817. La rica herencia de Bladnoch se remonta a John y Thomas McClelland, a quienes se concedi\u00f3 la preciada licencia para destilar whisky en su granja de Bladnoch, en las Tierras Bajas de Escocia. A lo largo de casi un siglo, las sucesivas generaciones McClelland cultivaron y modernizaron la destiler\u00eda. En su apogeo, el lugar contaba con seis lavaderos y una producci\u00f3n anual de aproximadamente 230.000 litros de alcohol, lo que consolid\u00f3 su estatura como la &#8220;Reina de las Lowlands&#8221;. <strong>NICK SAVAGE<\/strong> <em>EL MASTER DISTILLER<\/em> El Dr. Nick Savage asumi\u00f3 el cargo de Master Distiller en Bladnoch Distillery en 2019, llegando de The Macallan con una impresionante trayectoria. Tras pasar cuatro a\u00f1os en Australia completando su doctorado, Nick mantiene una profunda conexi\u00f3n con las ra\u00edces escocesas y australianas de Bladnoch Distillery. A lo largo de su carrera, la inquebrantable b\u00fasqueda de la perfecci\u00f3n por parte de Nick le ha posicionado como una luminaria de la industria, garantizando la excelencia continua de los Single Malts de Bladnoch. &#8220;El inquebrantable compromiso del equipo de Bladnoch con una calidad sin parang\u00f3n es lo que hace que me sienta incre\u00edblemente emocionado de contribuir al extraordinario futuro de Bladnoch Distillery&#8221;.<\/p>\n<div class=\"flex flex-grow flex-col max-w-full gap-3 gizmo:gap-0\">\n<div class=\"min-h-[20px] text-message flex flex-col items-start gap-3 whitespace-pre-wrap break-words [.text-message+&amp;]:mt-5 overflow-x-auto\" data-message-author-role=\"assistant\" data-message-id=\"0a629f7a-59c1-498d-b04b-17e3a1f94dcb\">\n<div class=\"markdown prose w-full break-words dark:prose-invert dark\">\n<p>Elaborado mediante una excepcional maduraci\u00f3n en una fusi\u00f3n de barricas de Bourbon de primer llenado y barricas de Jerez de primer llenado, esta expresi\u00f3n desvela tentadoras notas de manzana crujiente, delicada hierba floral y sutiles toques de chocolate. Bautizado como &#8220;Vinaya&#8221;, t\u00e9rmino s\u00e1nscrito que significa respeto y gratitud, este homenaje rinde tributo a los pioneros fundadores de la destiler\u00eda, allanando el camino para el estimulante nuevo cap\u00edtulo de Bladnoch, marcado por la innovaci\u00f3n en la producci\u00f3n. Los galardones adornan su trayectoria:<\/p>\n<ul>\n<li>Medalla de bronce en la categor\u00eda Single Malt NAS en los World Whisky Awards de 2022<\/li>\n<li>Medalla de plata en el Concurso Internacional de Vinos y Espirituosos de 2022<\/li>\n<li>Doble medalla de oro en la 2022 San Francisco World Spirits Competition<\/li>\n<\/ul>\n<div class=\"flex flex-grow flex-col max-w-full gap-3 gizmo:gap-0\">\n<div class=\"min-h-[20px] text-message flex flex-col items-start gap-3 whitespace-pre-wrap break-words [.text-message+&amp;]:mt-5 overflow-x-auto\" data-message-author-role=\"assistant\" data-message-id=\"19543f07-4a92-4652-9910-85538fd0ce75\">\n<div class=\"markdown prose w-full break-words dark:prose-invert dark\">\n<p><strong>NOTAS DE SABOR<\/strong><\/p>\n<ul>\n<li>Notas de manzana, hierba floral y chocolate<\/li>\n<\/ul>\n<p><strong>COLOR<\/strong><\/p>\n<ul>\n<li>Parece un campo de cebada en verano<\/li>\n<\/ul>\n<p><strong>NARIZ<\/strong><\/p>\n<ul>\n<li>Esencia arom\u00e1tica de hierba dulce floral entrelazada con caramelos hervidos<\/li>\n<\/ul>\n<p><strong>PALADAR<\/strong><\/p>\n<ul>\n<li>Presenta manzanas verdes frescas y chocolate, acentuados por un sutil toque de pimienta<\/li>\n<\/ul>\n<p><strong>FINALIZAR<\/strong><\/p>\n<ul>\n<li>Culmina en una sensaci\u00f3n ligera y revitalizante<\/li>\n<\/ul>\n<\/div>\n<\/div>\n<\/div>\n<\/div>\n<\/div>\n<\/div>\n","protected":false},"featured_media":77732,"comment_status":"open","ping_status":"closed","template":"","meta":{"_acf_changed":false},"product_brand":[],"product_cat":[319,320,630],"product_tag":[],"class_list":{"0":"post-78520","1":"product","2":"type-product","3":"status-publish","4":"has-post-thumbnail","6":"product_cat-escocia-es","7":"product_cat-bladnoch-es","8":"product_cat-lowland-es","10":"first","11":"instock","12":"purchasable","13":"product-type-simple"},"acf":[],"aioseo_notices":[],"jetpack_sharing_enabled":true,"_links":{"self":[{"href":"https:\/\/whisky.ad\/es\/wp-json\/wp\/v2\/product\/78520","targetHints":{"allow":["GET"]}}],"collection":[{"href":"https:\/\/whisky.ad\/es\/wp-json\/wp\/v2\/product"}],"about":[{"href":"https:\/\/whisky.ad\/es\/wp-json\/wp\/v2\/types\/product"}],"replies":[{"embeddable":true,"href":"https:\/\/whisky.ad\/es\/wp-json\/wp\/v2\/comments?post=78520"}],"wp:featuredmedia":[{"embeddable":true,"href":"https:\/\/whisky.ad\/es\/wp-json\/wp\/v2\/media\/77732"}],"wp:attachment":[{"href":"https:\/\/whisky.ad\/es\/wp-json\/wp\/v2\/media?parent=78520"}],"wp:term":[{"taxonomy":"product_brand","embeddable":true,"href":"https:\/\/whisky.ad\/es\/wp-json\/wp\/v2\/product_brand?post=78520"},{"taxonomy":"product_cat","embeddable":true,"href":"https:\/\/whisky.ad\/es\/wp-json\/wp\/v2\/product_cat?post=78520"},{"taxonomy":"product_tag","embeddable":true,"href":"https:\/\/whisky.ad\/es\/wp-json\/wp\/v2\/product_tag?post=78520"}],"curies":[{"name":"wp","href":"https:\/\/api.w.org\/{rel}","templated":true}]}}