{"id":78514,"date":"2023-11-23T15:54:59","date_gmt":"2023-11-23T14:54:59","guid":{"rendered":"https:\/\/whisky.ad\/product\/bladnoch-single-malt-dragon-series-iteration-ii-the-spirit\/"},"modified":"2023-11-23T15:54:59","modified_gmt":"2023-11-23T14:54:59","slug":"bladnoch-single-malt-dragon-series-iteration-ii-the-spirit","status":"publish","type":"product","link":"https:\/\/whisky.ad\/es\/producto\/bladnoch-single-malt-dragon-series-iteration-ii-the-spirit\/","title":{"rendered":"Bladnoch Single Malt Dragon Series Iteration II &#8220;The Spirit&#8221;"},"content":{"rendered":"","protected":false},"excerpt":{"rendered":"<p><strong>Bladnoch Single Malt Dragon Series Iteration II &#8220;The Spirit&#8221; 48.3% 0.7L.<\/strong><\/p>\n<p>Se vende en un juego de 5 iteraciones diferentes. Bladnoch es la destiler\u00eda de whisky escoc\u00e9s de propiedad privada m\u00e1s antigua del mundo, y su legado sigue fluyendo sin interrupci\u00f3n desde 1817. La rica herencia de Bladnoch se remonta a John y Thomas McClelland, a quienes se concedi\u00f3 la preciada licencia para destilar whisky en su granja de Bladnoch, en las tierras bajas de Escocia. A lo largo de casi un siglo, las sucesivas generaciones McClelland cultivaron y modernizaron la destiler\u00eda. En su apogeo, el lugar contaba con seis lavaderos y una producci\u00f3n anual de aproximadamente 230.000 litros de alcohol, lo que consolid\u00f3 su estatura como la &#8220;Reina de las Lowlands&#8221;. <strong>NICK SAVAGE<\/strong> <em>EL MASTER DISTILLER<\/em> El Dr. Nick Savage asumi\u00f3 el cargo de Master Distiller en Bladnoch Distillery en 2019, llegando de The Macallan con un impresionante bagaje. Tras pasar cuatro a\u00f1os en Australia completando su doctorado, Nick mantiene una profunda conexi\u00f3n con las ra\u00edces escocesas y australianas de Bladnoch Distillery. A lo largo de su carrera, la inquebrantable b\u00fasqueda de la perfecci\u00f3n de Nick lo ha posicionado como una luminaria de la industria, garantizando la excelencia continua de los Single Malts de Bladnoch. &#8221; El inquebrantable compromiso del equipo de Bladnoch con una calidad sin parang\u00f3n es lo que me hace sentir incre\u00edblemente emocionado de contribuir al extraordinario futuro de la destiler\u00eda Bladnoch&#8221;. La Dragon Series establece una comparaci\u00f3n con el intrincado proceso de producci\u00f3n del whisky, poniendo de relieve la enorme variabilidad presente, un tapiz de aparente caos e imprevisibilidad. Sin embargo, empleando las habilidades, la sabidur\u00eda y la experiencia de los artesanos de hoy, junto con el legado de los que nos precedieron, cada iteraci\u00f3n de esta serie culmina en un whisky magn\u00edficamente elaborado.<\/p>\n<div class=\"flex flex-grow flex-col max-w-full gap-3 gizmo:gap-0\">\n<div class=\"min-h-[20px] text-message flex flex-col items-start gap-3 whitespace-pre-wrap break-words [.text-message+&amp;]:mt-5 overflow-x-auto\" data-message-author-role=\"assistant\" data-message-id=\"d6c2d9ca-bd67-440a-a26f-0b29bbfefcd6\">\n<div class=\"markdown prose w-full break-words dark:prose-invert dark\">\n<p>La Iteraci\u00f3n II marca el inicio de la producci\u00f3n de la destiler\u00eda. La cebada malteada, procedente de los campos, se embarca en un viaje a trav\u00e9s de las etapas cruciales de maceraci\u00f3n, fermentaci\u00f3n y destilaci\u00f3n. A lo largo de estos procesos, abundan las variables potenciales y la imprevisibilidad -gravedades, temperaturas, puntos de corte- que exigen un profundo conocimiento por parte de nuestros operarios de maceraci\u00f3n y destilaci\u00f3n para garantizar la consistencia de la nueva bebida espirituosa. Esta firma de la destiler\u00eda Lowland, rica en matices florales y afrutados, espera su colocaci\u00f3n en nuestras barricas de roble para su maduraci\u00f3n.   <\/p>\n<p><strong>NOTAS DE SABOR<\/strong><\/p>\n<ul>\n<li>Dulces hervidos, florales, pimienta<\/li>\n<\/ul>\n<p><strong>NARIZ<\/strong><\/p>\n<ul>\n<li>Aromas que recuerdan a gotas de pera entrelazadas con hierba reci\u00e9n cortada<\/li>\n<\/ul>\n<p><strong>PALADAR<\/strong><\/p>\n<ul>\n<li>Muestra cereales malteados con notas de caramelo cocido y un sutil toque de pimienta agrietada<\/li>\n<\/ul>\n<p><strong>FINALIZAR<\/strong><\/p>\n<ul>\n<li>Una conclusi\u00f3n refrescante y c\u00e1lidamente satisfactoria<\/li>\n<\/ul>\n<p>Strength: 48.3% ABV<\/p>\n<p>Cask types: 1st fill and Refill Bourbons<\/p>\n<\/div>\n<\/div>\n<\/div>\n<div class=\"flex justify-between empty:hidden gizmo:mt-1 gizmo:justify-start gizmo:gap-3 lg:block gizmo:lg:flex\">\n<div class=\"text-gray-400 flex self-end lg:self-center justify-center gizmo:lg:justify-start mt-2 gizmo:mt-0 visible gap-1\"><\/div>\n<\/div>\n","protected":false},"featured_media":77765,"comment_status":"open","ping_status":"closed","template":"","meta":{"_acf_changed":false},"product_brand":[],"product_cat":[320,630,319],"product_tag":[],"class_list":{"0":"post-78514","1":"product","2":"type-product","3":"status-publish","4":"has-post-thumbnail","6":"product_cat-bladnoch-es","7":"product_cat-lowland-es","8":"product_cat-escocia-es","10":"first","11":"instock","12":"taxable","13":"shipping-taxable","14":"purchasable","15":"product-type-simple"},"acf":[],"aioseo_notices":[],"jetpack_sharing_enabled":true,"_links":{"self":[{"href":"https:\/\/whisky.ad\/es\/wp-json\/wp\/v2\/product\/78514","targetHints":{"allow":["GET"]}}],"collection":[{"href":"https:\/\/whisky.ad\/es\/wp-json\/wp\/v2\/product"}],"about":[{"href":"https:\/\/whisky.ad\/es\/wp-json\/wp\/v2\/types\/product"}],"replies":[{"embeddable":true,"href":"https:\/\/whisky.ad\/es\/wp-json\/wp\/v2\/comments?post=78514"}],"wp:featuredmedia":[{"embeddable":true,"href":"https:\/\/whisky.ad\/es\/wp-json\/wp\/v2\/media\/77765"}],"wp:attachment":[{"href":"https:\/\/whisky.ad\/es\/wp-json\/wp\/v2\/media?parent=78514"}],"wp:term":[{"taxonomy":"product_brand","embeddable":true,"href":"https:\/\/whisky.ad\/es\/wp-json\/wp\/v2\/product_brand?post=78514"},{"taxonomy":"product_cat","embeddable":true,"href":"https:\/\/whisky.ad\/es\/wp-json\/wp\/v2\/product_cat?post=78514"},{"taxonomy":"product_tag","embeddable":true,"href":"https:\/\/whisky.ad\/es\/wp-json\/wp\/v2\/product_tag?post=78514"}],"curies":[{"name":"wp","href":"https:\/\/api.w.org\/{rel}","templated":true}]}}