{"id":78511,"date":"2023-11-23T14:35:16","date_gmt":"2023-11-23T13:35:16","guid":{"rendered":"https:\/\/whisky.ad\/product\/bladnoch-single-malt-30yo-45-5-0-7l\/"},"modified":"2023-11-23T14:35:16","modified_gmt":"2023-11-23T13:35:16","slug":"bladnoch-single-malt-30yo-45-5-0-7l","status":"publish","type":"product","link":"https:\/\/whisky.ad\/es\/producto\/bladnoch-single-malt-30yo-45-5-0-7l\/","title":{"rendered":"Bladnoch Single Malt 30YO 45.5% 0.7L"},"content":{"rendered":"","protected":false},"excerpt":{"rendered":"<div class=\"flex flex-grow flex-col max-w-full gap-3 gizmo:gap-0\">\n<div class=\"min-h-[20px] text-message flex flex-col items-start gap-3 whitespace-pre-wrap break-words [.text-message+&amp;]:mt-5 overflow-x-auto\" data-message-author-role=\"assistant\" data-message-id=\"7ba17001-349e-4f24-8bd6-d211ac060bcd\">\n<div class=\"markdown prose w-full break-words dark:prose-invert dark\">\n<p><strong>Bladnoch Single Malt 30 YO 45.5% 0.7l., Sherry Olorosso and Moscatel Casks, 2023 Release, 950 Bottles Release<\/strong><\/p>\n<p>Bladnoch es la destiler\u00eda de whisky escoc\u00e9s de propiedad privada m\u00e1s antigua del mundo, y su legado sigue fluyendo sin interrupci\u00f3n desde 1817. La rica herencia de Bladnoch se remonta a John y Thomas McClelland, a quienes se concedi\u00f3 la preciada licencia para destilar whisky en su granja de Bladnoch, en las Tierras Bajas de Escocia. A lo largo de casi un siglo, las sucesivas generaciones McClelland cultivaron y modernizaron la destiler\u00eda. En su apogeo, el lugar contaba con seis lavaderos y una producci\u00f3n anual de aproximadamente 230.000 litros de alcohol, lo que consolid\u00f3 su estatura como la &#8220;Reina de las Lowlands&#8221;. <strong>NICK SAVAGE<\/strong> <em>EL MASTER DISTILLER<\/em> El Dr. Nick Savage asumi\u00f3 el cargo de Master Distiller en Bladnoch Distillery en 2019, llegando de The Macallan con un impresionante bagaje. Tras pasar cuatro a\u00f1os en Australia completando su doctorado, Nick mantiene una profunda conexi\u00f3n con las ra\u00edces escocesas y australianas de Bladnoch Distillery. A lo largo de su carrera, la inquebrantable b\u00fasqueda de la perfecci\u00f3n de Nick lo ha posicionado como una luminaria de la industria, garantizando la excelencia continua de los Single Malts de Bladnoch. &#8220;El inquebrantable compromiso del equipo de Bladnoch con una calidad sin parang\u00f3n es lo que hace que me sienta incre\u00edblemente emocionado de contribuir al extraordinario futuro de Bladnoch Distillery&#8221;. Presenting the pinnacle of Bladnoch&#8217;s offerings, the 30-year-old Single Malt Scotch whisky emerges as the distillery&#8217;s most venerable release, having matured in a unique blend of Oloroso sherry and Moscatel casks. Crafted from two extraordinary and scarce casks, the Bladnoch 30-year-old Release captivates with its infusion of floral aromas, dried apricots, and hints of nutmeg. Upon tasting, anticipate a luscious interplay of rich almond and marzipan flavors, complemented by the zest of Seville oranges. Surprisingly, the finish remains buoyantly light and fruity, graced by a subtle touch of cracked black pepper. This extraordinary release is limited to a mere 950 bottles worldwide, offering an exclusive tasting experience marked by:<\/p>\n<p><strong>NOTAS DE SABOR<\/strong><\/p>\n<ul>\n<li>Naranjas de Sevilla, Albaricoques, Floral<\/li>\n<\/ul>\n<p><strong>COLOR<\/strong><\/p>\n<ul>\n<li>Cobre<\/li>\n<\/ul>\n<p><strong>NARIZ<\/strong><\/p>\n<ul>\n<li>Fragantes albaricoques secos, toques florales y nuez moscada, entremezclados con naranjas de Sevilla.<\/li>\n<\/ul>\n<p><strong>PALADAR<\/strong><\/p>\n<ul>\n<li>Las almendras y el mazap\u00e1n armonizan con las vibrantes naranjas de Sevilla<\/li>\n<\/ul>\n<p><strong>FINALIZAR<\/strong><\/p>\n<ul>\n<li>Un final delicadamente ligero, floral y afrutado con un toque de pimienta negra<\/li>\n<\/ul>\n<\/div>\n<\/div>\n<\/div>\n","protected":false},"featured_media":77729,"comment_status":"open","ping_status":"closed","template":"","meta":{"_acf_changed":false},"product_brand":[],"product_cat":[630,319,320,339],"product_tag":[],"class_list":{"0":"post-78511","1":"product","2":"type-product","3":"status-publish","4":"has-post-thumbnail","6":"product_cat-lowland-es","7":"product_cat-escocia-es","8":"product_cat-bladnoch-es","9":"product_cat-raro-y-coleccionable","10":"product_shipping_class-free-es","12":"first","13":"instock","14":"purchasable","15":"product-type-simple"},"acf":[],"aioseo_notices":[],"jetpack_sharing_enabled":true,"_links":{"self":[{"href":"https:\/\/whisky.ad\/es\/wp-json\/wp\/v2\/product\/78511","targetHints":{"allow":["GET"]}}],"collection":[{"href":"https:\/\/whisky.ad\/es\/wp-json\/wp\/v2\/product"}],"about":[{"href":"https:\/\/whisky.ad\/es\/wp-json\/wp\/v2\/types\/product"}],"replies":[{"embeddable":true,"href":"https:\/\/whisky.ad\/es\/wp-json\/wp\/v2\/comments?post=78511"}],"wp:featuredmedia":[{"embeddable":true,"href":"https:\/\/whisky.ad\/es\/wp-json\/wp\/v2\/media\/77729"}],"wp:attachment":[{"href":"https:\/\/whisky.ad\/es\/wp-json\/wp\/v2\/media?parent=78511"}],"wp:term":[{"taxonomy":"product_brand","embeddable":true,"href":"https:\/\/whisky.ad\/es\/wp-json\/wp\/v2\/product_brand?post=78511"},{"taxonomy":"product_cat","embeddable":true,"href":"https:\/\/whisky.ad\/es\/wp-json\/wp\/v2\/product_cat?post=78511"},{"taxonomy":"product_tag","embeddable":true,"href":"https:\/\/whisky.ad\/es\/wp-json\/wp\/v2\/product_tag?post=78511"}],"curies":[{"name":"wp","href":"https:\/\/api.w.org\/{rel}","templated":true}]}}