{"id":78507,"date":"2023-11-23T14:21:55","date_gmt":"2023-11-23T13:21:55","guid":{"rendered":"https:\/\/whisky.ad\/product\/bladnoch-single-malt-19-yo-467-0-7l\/"},"modified":"2023-11-23T14:21:55","modified_gmt":"2023-11-23T13:21:55","slug":"bladnoch-single-malt-19-yo-467-0-7l","status":"publish","type":"product","link":"https:\/\/whisky.ad\/es\/producto\/bladnoch-single-malt-19-yo-467-0-7l\/","title":{"rendered":"Bladnoch Single Malt 19 YO 46,7% 0.7L."},"content":{"rendered":"","protected":false},"excerpt":{"rendered":"<p><strong>Bladnoch Single Malt 19 YO, PX Cask, 2023 release<\/strong><\/p>\n<p>Bladnoch es la destiler\u00eda de whisky escoc\u00e9s de propiedad privada m\u00e1s antigua del mundo, y su legado sigue fluyendo sin interrupci\u00f3n desde 1817. La rica herencia de Bladnoch se remonta a John y Thomas McClelland, a quienes se concedi\u00f3 la preciada licencia para destilar whisky en su granja de Bladnoch, en las Tierras Bajas de Escocia. A lo largo de casi un siglo, las sucesivas generaciones McClelland cultivaron y modernizaron la destiler\u00eda. En su apogeo, el lugar contaba con seis lavaderos y una producci\u00f3n anual de aproximadamente 230.000 litros de alcohol, lo que consolid\u00f3 su estatura como la &#8220;Reina de las Lowlands&#8221;. <strong>NICK SAVAGE<\/strong> <em>EL MASTER DISTILLER<\/em> El Dr. Nick Savage asumi\u00f3 el cargo de Master Distiller en Bladnoch Distillery en 2019, llegando de The Macallan con un impresionante bagaje. Tras pasar cuatro a\u00f1os en Australia completando su doctorado, Nick mantiene una profunda conexi\u00f3n con las ra\u00edces escocesas y australianas de Bladnoch Distillery. A lo largo de su carrera, la inquebrantable b\u00fasqueda de la perfecci\u00f3n de Nick lo ha posicionado como una luminaria de la industria, garantizando la excelencia continua de los Single Malts de Bladnoch. &#8220;El inquebrantable compromiso del equipo de Bladnoch con una calidad sin parang\u00f3n es lo que hace que me sienta incre\u00edblemente emocionado de contribuir al extraordinario futuro de Bladnoch Distillery&#8221;.<\/p>\n<div class=\"flex flex-grow flex-col max-w-full gap-3 gizmo:gap-0\">\n<div class=\"min-h-[20px] text-message flex flex-col items-start gap-3 whitespace-pre-wrap break-words [.text-message+&amp;]:mt-5 overflow-x-auto\" data-message-author-role=\"assistant\" data-message-id=\"23c9fe3f-cbf4-453e-8055-02d35d172328\">\n<div class=\"markdown prose w-full break-words dark:prose-invert dark\">\n<p>Bladnoch presenta su expresi\u00f3n inaugural PX Sherry con el lanzamiento del 19 Year Old. Infundido con la rica esencia de estas sabrosas barricas, este whisky de color dorado despliega deliciosas notas de regaliz oscuro, albaricoques secos y un reconfortante toque de nuez moscada. Esta edici\u00f3n debut\u00f3 en 2023. Galardonado como ganador de la categor\u00eda Single Malt de 13 a 20 a\u00f1os en los World Whisky Awards de 2022, esta excepcional expresi\u00f3n ofrece una experiencia de degustaci\u00f3n definida por:  <\/p>\n<p><strong>NOTAS DE SABOR<\/strong><\/p>\n<ul>\n<li>Regaliz, albaricoques secos, roble a\u00f1ejo<\/li>\n<\/ul>\n<p><strong>COLOR<\/strong><\/p>\n<ul>\n<li>Atardecer oscuro<\/li>\n<\/ul>\n<p><strong>NARIZ<\/strong><\/p>\n<ul>\n<li>Aromas intensos de regaliz oscuro y roble a\u00f1ejo, acompa\u00f1ados de un sutil fondo floral<\/li>\n<\/ul>\n<p><strong>PALADAR<\/strong><\/p>\n<ul>\n<li>Sabores envolventes de regaliz en rama entrelazados con albaricoques secos, almendras y la reconfortante calidez de la nuez moscada.<\/li>\n<\/ul>\n<p><strong>FINALIZAR<\/strong><\/p>\n<ul>\n<li>Un final persistente y prolongado impregnado de un dulzor seco<\/li>\n<\/ul>\n<\/div>\n<\/div>\n<\/div>\n<div class=\"flex justify-between empty:hidden gizmo:mt-1 gizmo:justify-start gizmo:gap-3 lg:block gizmo:lg:flex\">\n<div class=\"text-gray-400 flex self-end lg:self-center justify-center gizmo:lg:justify-start mt-2 gizmo:mt-0 visible gap-1\"><\/div>\n<\/div>\n","protected":false},"featured_media":77717,"comment_status":"open","ping_status":"closed","template":"","meta":{"_acf_changed":false},"product_brand":[],"product_cat":[339,630,319,320],"product_tag":[],"class_list":{"0":"post-78507","1":"product","2":"type-product","3":"status-publish","4":"has-post-thumbnail","6":"product_cat-raro-y-coleccionable","7":"product_cat-lowland-es","8":"product_cat-escocia-es","9":"product_cat-bladnoch-es","11":"first","12":"instock","13":"purchasable","14":"product-type-simple"},"acf":[],"aioseo_notices":[],"jetpack_sharing_enabled":true,"_links":{"self":[{"href":"https:\/\/whisky.ad\/es\/wp-json\/wp\/v2\/product\/78507","targetHints":{"allow":["GET"]}}],"collection":[{"href":"https:\/\/whisky.ad\/es\/wp-json\/wp\/v2\/product"}],"about":[{"href":"https:\/\/whisky.ad\/es\/wp-json\/wp\/v2\/types\/product"}],"replies":[{"embeddable":true,"href":"https:\/\/whisky.ad\/es\/wp-json\/wp\/v2\/comments?post=78507"}],"wp:featuredmedia":[{"embeddable":true,"href":"https:\/\/whisky.ad\/es\/wp-json\/wp\/v2\/media\/77717"}],"wp:attachment":[{"href":"https:\/\/whisky.ad\/es\/wp-json\/wp\/v2\/media?parent=78507"}],"wp:term":[{"taxonomy":"product_brand","embeddable":true,"href":"https:\/\/whisky.ad\/es\/wp-json\/wp\/v2\/product_brand?post=78507"},{"taxonomy":"product_cat","embeddable":true,"href":"https:\/\/whisky.ad\/es\/wp-json\/wp\/v2\/product_cat?post=78507"},{"taxonomy":"product_tag","embeddable":true,"href":"https:\/\/whisky.ad\/es\/wp-json\/wp\/v2\/product_tag?post=78507"}],"curies":[{"name":"wp","href":"https:\/\/api.w.org\/{rel}","templated":true}]}}