{"id":78463,"date":"2023-07-23T14:03:56","date_gmt":"2023-07-23T13:03:56","guid":{"rendered":"https:\/\/whisky.ad\/product\/ben-nevis-single-malt-31-yo-621-0-7l\/"},"modified":"2023-07-23T14:03:56","modified_gmt":"2023-07-23T13:03:56","slug":"ben-nevis-single-malt-31-yo-621-0-7l","status":"publish","type":"product","link":"https:\/\/whisky.ad\/es\/producto\/ben-nevis-single-malt-31-yo-621-0-7l\/","title":{"rendered":"Ben Nevis Single Malt 31 YO 62,1% 0.7l"},"content":{"rendered":"","protected":false},"excerpt":{"rendered":"<p><strong>Highland Single Malt Scotch Whisky, Hunter Laing, 70cl \/ 62.1%<\/strong><\/p>\n<p>Parte de la prestigiosa serie Old &amp; Rare Platinum de Hunter Laing, embotellada de forma independiente, este excepcional whisky de malta de barrica \u00fanica procede de la renombrada destiler\u00eda Ben Nevis. Destilado en el a\u00f1o 1991, este whisky escoc\u00e9s se embarc\u00f3 en un extraordinario viaje de maduraci\u00f3n de 31 a\u00f1os, descansando con gracia en los confines de una bota de jerez oloroso. En 2022, se embotell\u00f3 con toda su fuerza de barrica, manteni\u00e9ndose fiel a su car\u00e1cter natural sin colorantes a\u00f1adidos ni filtraci\u00f3n en fr\u00edo.  <\/p>\n<div class=\"product-main__attraction\"><\/div>\n","protected":false},"featured_media":76883,"comment_status":"open","ping_status":"closed","template":"","meta":{"_acf_changed":false},"product_brand":[],"product_cat":[319,339,354,364],"product_tag":[],"class_list":{"0":"post-78463","1":"product","2":"type-product","3":"status-publish","4":"has-post-thumbnail","6":"product_cat-escocia-es","7":"product_cat-raro-y-coleccionable","8":"product_cat-whisky-by-brand","9":"product_cat-ben-nevis-es","11":"first","12":"instock","13":"taxable","14":"shipping-taxable","15":"product-type-simple"},"acf":[],"aioseo_notices":[],"jetpack_sharing_enabled":true,"_links":{"self":[{"href":"https:\/\/whisky.ad\/es\/wp-json\/wp\/v2\/product\/78463","targetHints":{"allow":["GET"]}}],"collection":[{"href":"https:\/\/whisky.ad\/es\/wp-json\/wp\/v2\/product"}],"about":[{"href":"https:\/\/whisky.ad\/es\/wp-json\/wp\/v2\/types\/product"}],"replies":[{"embeddable":true,"href":"https:\/\/whisky.ad\/es\/wp-json\/wp\/v2\/comments?post=78463"}],"wp:featuredmedia":[{"embeddable":true,"href":"https:\/\/whisky.ad\/es\/wp-json\/wp\/v2\/media\/76883"}],"wp:attachment":[{"href":"https:\/\/whisky.ad\/es\/wp-json\/wp\/v2\/media?parent=78463"}],"wp:term":[{"taxonomy":"product_brand","embeddable":true,"href":"https:\/\/whisky.ad\/es\/wp-json\/wp\/v2\/product_brand?post=78463"},{"taxonomy":"product_cat","embeddable":true,"href":"https:\/\/whisky.ad\/es\/wp-json\/wp\/v2\/product_cat?post=78463"},{"taxonomy":"product_tag","embeddable":true,"href":"https:\/\/whisky.ad\/es\/wp-json\/wp\/v2\/product_tag?post=78463"}],"curies":[{"name":"wp","href":"https:\/\/api.w.org\/{rel}","templated":true}]}}