{"id":78459,"date":"2023-07-25T16:12:00","date_gmt":"2023-07-25T15:12:00","guid":{"rendered":"https:\/\/whisky.ad\/product\/armorik-sherry-cask-single-malt-bio-46-70cl\/"},"modified":"2023-07-25T16:12:00","modified_gmt":"2023-07-25T15:12:00","slug":"armorik-sherry-cask-single-malt-bio-46-70cl","status":"publish","type":"product","link":"https:\/\/whisky.ad\/es\/producto\/armorik-sherry-cask-single-malt-bio-46-70cl\/","title":{"rendered":"ARMORIK Sherry Cask Single Malt BIO 46% 70cl"},"content":{"rendered":"","protected":false},"excerpt":{"rendered":"<div class=\"flex flex-grow flex-col gap-3\">\n<div class=\"min-h-[20px] flex items-start overflow-x-auto whitespace-pre-wrap break-words flex-col gap-4\">\n<div class=\"markdown prose w-full break-words dark:prose-invert light\">\n<p>Armorik Sherry Cask es un whisky de malta con una graduaci\u00f3n alcoh\u00f3lica del 46%. Su exquisito sabor nace de su proceso de maduraci\u00f3n, en el que se envejece completamente en barricas de jerez oloroso. Estas barricas, utilizadas tradicionalmente en la producci\u00f3n de whisky escoc\u00e9s, conten\u00edan vino de Jerez, parecido al Pineau des Charentes. Este envejecimiento \u00fanico le confiere notas especiadas y de frutas confitadas que realzan el car\u00e1cter afrutado inherente al Armorik. Una deliciosa fusi\u00f3n de influencias bretonas y andaluzas da como resultado un whisky de sabor generoso y distintivo. Elaborado a partir de cebada francesa de cultivo ecol\u00f3gico y destilado en alambiques tradicionales, Armorik Sherry Cask ejemplifica nuestra dedicaci\u00f3n a la creaci\u00f3n de un single malt excepcional que encarna la verdadera esencia del car\u00e1cter bret\u00f3n: un whisky rico, afrutado y elaborado con la m\u00e1xima consideraci\u00f3n por el medio ambiente. La excepcional calidad de este whisky le ha valido importantes reconocimientos, como medallas de oro en el &#8220;San Francisco World Spirits Competition 2017&#8221; y en el &#8220;International Spirits Challenge 2021&#8221;, as\u00ed como una medalla de plata en el &#8220;Concours G\u00e9n\u00e9ral Agricole 2019&#8221;. Tales reconocimientos validan a\u00fan m\u00e1s a Armorik Sherry Cask como un whisky notable y galardonado, perfecto para aquellos que buscan una experiencia verdaderamente especial y sabrosa.    <\/p>\n<div class=\"flex flex-grow flex-col gap-3\">\n<div class=\"min-h-[20px] flex items-start overflow-x-auto whitespace-pre-wrap break-words flex-col gap-4\">\n<div class=\"markdown prose w-full break-words dark:prose-invert light\">\n<p>Notas de cata: Nariz: El aroma es intenso, exquisitamente refinado y elegante, con una delicada influencia de la barrica de jerez. La dulzura de la vainilla y los c\u00edtricos se entrelazan armoniosamente, mientras que un sutil toque de mentol y frutos secos a\u00f1ade una intrigante profundidad al bouquet. En boca: En el paladar, el whisky muestra un equilibrio y una redondez perfectos. Los deliciosos sabores de cr\u00e8me br\u00fbl\u00e9e, ciruela pasa y almendras tostadas se unen para crear una experiencia de degustaci\u00f3n realmente gratificante. Final: El final es una deliciosa interacci\u00f3n de vainilla y especias, acompa\u00f1ada por la reconfortante calidez de las notas de jerez, dejando una impresi\u00f3n duradera y satisfactoria.<\/p>\n<\/div>\n<\/div>\n<\/div>\n<\/div>\n<\/div>\n<\/div>\n","protected":false},"featured_media":76343,"comment_status":"open","ping_status":"closed","template":"","meta":{"_acf_changed":false},"product_brand":[],"product_cat":[354,355,356],"product_tag":[],"class_list":{"0":"post-78459","1":"product","2":"type-product","3":"status-publish","4":"has-post-thumbnail","6":"product_cat-whisky-by-brand","7":"product_cat-france-es","8":"product_cat-armorik-es","10":"first","11":"instock","12":"taxable","13":"shipping-taxable","14":"purchasable","15":"product-type-simple"},"acf":[],"aioseo_notices":[],"jetpack_sharing_enabled":true,"_links":{"self":[{"href":"https:\/\/whisky.ad\/es\/wp-json\/wp\/v2\/product\/78459","targetHints":{"allow":["GET"]}}],"collection":[{"href":"https:\/\/whisky.ad\/es\/wp-json\/wp\/v2\/product"}],"about":[{"href":"https:\/\/whisky.ad\/es\/wp-json\/wp\/v2\/types\/product"}],"replies":[{"embeddable":true,"href":"https:\/\/whisky.ad\/es\/wp-json\/wp\/v2\/comments?post=78459"}],"wp:featuredmedia":[{"embeddable":true,"href":"https:\/\/whisky.ad\/es\/wp-json\/wp\/v2\/media\/76343"}],"wp:attachment":[{"href":"https:\/\/whisky.ad\/es\/wp-json\/wp\/v2\/media?parent=78459"}],"wp:term":[{"taxonomy":"product_brand","embeddable":true,"href":"https:\/\/whisky.ad\/es\/wp-json\/wp\/v2\/product_brand?post=78459"},{"taxonomy":"product_cat","embeddable":true,"href":"https:\/\/whisky.ad\/es\/wp-json\/wp\/v2\/product_cat?post=78459"},{"taxonomy":"product_tag","embeddable":true,"href":"https:\/\/whisky.ad\/es\/wp-json\/wp\/v2\/product_tag?post=78459"}],"curies":[{"name":"wp","href":"https:\/\/api.w.org\/{rel}","templated":true}]}}