{"id":78456,"date":"2023-11-15T15:48:02","date_gmt":"2023-11-15T14:48:02","guid":{"rendered":"https:\/\/whisky.ad\/product\/armorik-roof-rye-double-maturation-11-yo-0-5l-43\/"},"modified":"2023-11-15T15:48:02","modified_gmt":"2023-11-15T14:48:02","slug":"armorik-roof-rye-double-maturation-11-yo-0-5l-43","status":"publish","type":"product","link":"https:\/\/whisky.ad\/es\/producto\/armorik-roof-rye-double-maturation-11-yo-0-5l-43\/","title":{"rendered":"Armorik Roof Rye Double Maturation 11 YO 0.5l 43%"},"content":{"rendered":"","protected":false},"excerpt":{"rendered":"<p class=\"\">&#8220;Destilado en Breta\u00f1a, este Rye Whisky madur\u00f3 durante 9 a\u00f1os en barricas de Jerez con el clima suave y h\u00famedo de la Costa de Granito Rosa.<\/p>\n<p class=\"\">Despu\u00e9s madur\u00f3 durante dos a\u00f1os bajo el clima seco y soleado de la Provenza, en barricas nuevas, para marcarlas a la &#8220;americana&#8221;.<\/p>\n","protected":false},"featured_media":77651,"comment_status":"open","ping_status":"closed","template":"","meta":{"_acf_changed":false},"product_brand":[],"product_cat":[354,355,356],"product_tag":[],"class_list":{"0":"post-78456","1":"product","2":"type-product","3":"status-publish","4":"has-post-thumbnail","6":"product_cat-whisky-by-brand","7":"product_cat-france-es","8":"product_cat-armorik-es","10":"first","11":"instock","12":"taxable","13":"shipping-taxable","14":"purchasable","15":"product-type-simple"},"acf":[],"aioseo_notices":[],"jetpack_sharing_enabled":true,"_links":{"self":[{"href":"https:\/\/whisky.ad\/es\/wp-json\/wp\/v2\/product\/78456","targetHints":{"allow":["GET"]}}],"collection":[{"href":"https:\/\/whisky.ad\/es\/wp-json\/wp\/v2\/product"}],"about":[{"href":"https:\/\/whisky.ad\/es\/wp-json\/wp\/v2\/types\/product"}],"replies":[{"embeddable":true,"href":"https:\/\/whisky.ad\/es\/wp-json\/wp\/v2\/comments?post=78456"}],"wp:featuredmedia":[{"embeddable":true,"href":"https:\/\/whisky.ad\/es\/wp-json\/wp\/v2\/media\/77651"}],"wp:attachment":[{"href":"https:\/\/whisky.ad\/es\/wp-json\/wp\/v2\/media?parent=78456"}],"wp:term":[{"taxonomy":"product_brand","embeddable":true,"href":"https:\/\/whisky.ad\/es\/wp-json\/wp\/v2\/product_brand?post=78456"},{"taxonomy":"product_cat","embeddable":true,"href":"https:\/\/whisky.ad\/es\/wp-json\/wp\/v2\/product_cat?post=78456"},{"taxonomy":"product_tag","embeddable":true,"href":"https:\/\/whisky.ad\/es\/wp-json\/wp\/v2\/product_tag?post=78456"}],"curies":[{"name":"wp","href":"https:\/\/api.w.org\/{rel}","templated":true}]}}