{"id":78452,"date":"2023-07-25T16:21:13","date_gmt":"2023-07-25T15:21:13","guid":{"rendered":"https:\/\/whisky.ad\/product\/armorik-peated-single-malt-yeun-elez-jobic-0-7l-46\/"},"modified":"2023-07-25T16:21:13","modified_gmt":"2023-07-25T15:21:13","slug":"armorik-peated-single-malt-yeun-elez-jobic-0-7l-46","status":"publish","type":"product","link":"https:\/\/whisky.ad\/es\/producto\/armorik-peated-single-malt-yeun-elez-jobic-0-7l-46\/","title":{"rendered":"ARMORIK Peated Single Malt-Yeun Elez Jobic- 0.7l 46%"},"content":{"rendered":"","protected":false},"excerpt":{"rendered":"<div class=\"flex flex-grow flex-col gap-3\">\n<div class=\"min-h-[20px] flex items-start overflow-x-auto whitespace-pre-wrap break-words flex-col gap-4\">\n<div class=\"markdown prose w-full break-words dark:prose-invert light\">\n<p>Lanzado en septiembre de 2020, Yeun Elez es el resultado de la incursi\u00f3n de la destiler\u00eda en los territorios del peated. La destiler\u00eda ofrece una variante con peinado del Armorik single malt: utilizando cebada malteada escocesa con 50 ppm de peinado, agua de su propia fuente y su saber hacer artesanal. Este whisky bret\u00f3n Single Malt ha sido meticulosamente destilado y madurado para resaltar su car\u00e1cter de turba, delicado, elegante y afrutado. Utilizando los alambiques tradicionales, se esfuerzan por crear un single malt excepcional que refleja maravillosamente el car\u00e1cter bret\u00f3n.<\/p>\n<div class=\"flex flex-grow flex-col gap-3\">\n<div class=\"min-h-[20px] flex items-start overflow-x-auto whitespace-pre-wrap break-words flex-col gap-4\">\n<div class=\"markdown prose w-full break-words dark:prose-invert light\">\n<p>Yeun Elez Jobic &#8211; Peated Single Malt 46% &#8211; 70cl Maduraci\u00f3n: Barricas de Bourbon La singularidad del whisky peated reside en el uso de turba, un material org\u00e1nico empleado como combustible durante el proceso de secado de la cebada malteada. La turba imparte seductores sabores ahumados que cautivan los corazones de numerosos entusiastas del whisky. Los prestigiosos galardones recibidos por nuestro Yeun Elez hablan por s\u00ed solos de su excepcional calidad. Fue galardonado con el t\u00edtulo de Mejor Whisky Franc\u00e9s Single Malt en los World Whiskies Awards de 2020 y obtuvo con orgullo una Medalla de Oro en el Concours G\u00e9n\u00e9ral Agricole de Par\u00eds en 2022. Este reconocimiento refleja el extraordinario trabajo artesanal y la dedicaci\u00f3n dedicados a la creaci\u00f3n de este extraordinario whisky de malta con peated.<\/p>\n<div class=\"flex flex-grow flex-col gap-3\">\n<div class=\"min-h-[20px] flex items-start overflow-x-auto whitespace-pre-wrap break-words flex-col gap-4\">\n<div class=\"markdown prose w-full break-words dark:prose-invert light\">\n<p>Notas de cata: Nariz: Exhibiendo una intensidad arom\u00e1tica cautivadora, la nariz revela un car\u00e1cter medicinal de turba con notas de alcanfor y clavo. Esta esencia de turba se entrelaza armoniosamente con notas afrutadas, como pl\u00e1tano maduro, melocot\u00f3n cocido y deliciosos toques de pasteler\u00eda. En boca: Al saborearlo, el paladar se ve agraciado por el envolvente abrazo del humo, complementado por el refrescante sabor de las notas c\u00edtricas. La riqueza del whisky se despliega con agradable redondez, acompa\u00f1ada de un sutil toque de salinidad. Final: El final es una sinfon\u00eda persistente de elementos yodados y especiados, dejando tras de s\u00ed la calidez persistente de un crepitante fuego de le\u00f1a. Esta memorable conclusi\u00f3n contribuye verdaderamente al encanto de este excepcional whisky de malta.<\/p>\n<\/div>\n<\/div>\n<\/div>\n<\/div>\n<\/div>\n<\/div>\n<\/div>\n<\/div>\n<\/div>\n","protected":false},"featured_media":76910,"comment_status":"open","ping_status":"closed","template":"","meta":{"_acf_changed":false},"product_brand":[],"product_cat":[354,355,356],"product_tag":[],"class_list":{"0":"post-78452","1":"product","2":"type-product","3":"status-publish","4":"has-post-thumbnail","6":"product_cat-whisky-by-brand","7":"product_cat-france-es","8":"product_cat-armorik-es","10":"first","11":"instock","12":"taxable","13":"shipping-taxable","14":"purchasable","15":"product-type-simple"},"acf":[],"aioseo_notices":[],"jetpack_sharing_enabled":true,"_links":{"self":[{"href":"https:\/\/whisky.ad\/es\/wp-json\/wp\/v2\/product\/78452","targetHints":{"allow":["GET"]}}],"collection":[{"href":"https:\/\/whisky.ad\/es\/wp-json\/wp\/v2\/product"}],"about":[{"href":"https:\/\/whisky.ad\/es\/wp-json\/wp\/v2\/types\/product"}],"replies":[{"embeddable":true,"href":"https:\/\/whisky.ad\/es\/wp-json\/wp\/v2\/comments?post=78452"}],"wp:featuredmedia":[{"embeddable":true,"href":"https:\/\/whisky.ad\/es\/wp-json\/wp\/v2\/media\/76910"}],"wp:attachment":[{"href":"https:\/\/whisky.ad\/es\/wp-json\/wp\/v2\/media?parent=78452"}],"wp:term":[{"taxonomy":"product_brand","embeddable":true,"href":"https:\/\/whisky.ad\/es\/wp-json\/wp\/v2\/product_brand?post=78452"},{"taxonomy":"product_cat","embeddable":true,"href":"https:\/\/whisky.ad\/es\/wp-json\/wp\/v2\/product_cat?post=78452"},{"taxonomy":"product_tag","embeddable":true,"href":"https:\/\/whisky.ad\/es\/wp-json\/wp\/v2\/product_tag?post=78452"}],"curies":[{"name":"wp","href":"https:\/\/api.w.org\/{rel}","templated":true}]}}