{"id":78449,"date":"2021-08-03T16:51:49","date_gmt":"2021-08-03T15:51:49","guid":{"rendered":"https:\/\/whisky.ad\/product\/armorik-double-maturation-single-malt-bio-46-70cl\/"},"modified":"2021-08-03T16:51:49","modified_gmt":"2021-08-03T15:51:49","slug":"armorik-double-maturation-single-malt-bio-46-70cl","status":"publish","type":"product","link":"https:\/\/whisky.ad\/es\/producto\/armorik-double-maturation-single-malt-bio-46-70cl\/","title":{"rendered":"ARMORIK Double Maturation Single Malt Bio 46% 70cl"},"content":{"rendered":"<p><strong>ARMORIK DOUBLE MATURATION<\/strong><\/p>\n<p><strong>46% &#8211; 70cl<br \/>\nMaduraci\u00f3n:<\/strong>Madurado en barricas de roble bret\u00f3n y, a continuaci\u00f3n, en barricas de jerez oloroso. S\u00edmbolo de los valores de la destiler\u00eda, Armorik Doble Maduraci\u00f3n pone de relieve tanto la calidad de su saber hacer como sus ra\u00edces en <em>el terru\u00f1o<\/em> bret\u00f3n. Se envejece en barricas \u00fanicas de roble de los bosques bretones, fabricadas por el \u00faltimo tonelero de Breta\u00f1a. Tras varios a\u00f1os, el whisky se traslada a barricas de jerez oloroso. <strong>NOSE<br \/>\n<\/strong> Un equilibrio muy fino entre las notas afrutadas de ciruelas mirabel y c\u00edtricos, con reflejos especiados de vainilla. <strong>MOUTH<br \/>\n<\/strong> Un ataque muy suave y redondo de miel, la complejidad del producto se revela con notas al mismo tiempo especiadas, ligeramente amaderadas con fruta madura en volumen generoso. <strong>FINISH<br \/>\n<\/strong> Muy largo, con notas de especias, galleta y mermelada.<\/p>\n","protected":false},"excerpt":{"rendered":"<p>ARMORIK DOUBLE MATURATION 46% &#8211; 70cl Maduraci\u00f3n:Madurado en barricas de roble bret\u00f3n y, a continuaci\u00f3n, en barricas de jerez oloroso. S\u00edmbolo de los valores de la destiler\u00eda, Armorik Doble Maduraci\u00f3n pone de relieve tanto la calidad de su saber hacer como sus ra\u00edces en el terru\u00f1o bret\u00f3n. Se envejece en barricas \u00fanicas de roble de [&hellip;]<\/p>\n","protected":false},"featured_media":76388,"comment_status":"open","ping_status":"closed","template":"","meta":{"_acf_changed":false},"product_brand":[],"product_cat":[354,355,356],"product_tag":[],"class_list":{"0":"post-78449","1":"product","2":"type-product","3":"status-publish","4":"has-post-thumbnail","6":"product_cat-whisky-by-brand","7":"product_cat-france-es","8":"product_cat-armorik-es","10":"first","11":"instock","12":"taxable","13":"shipping-taxable","14":"purchasable","15":"product-type-simple"},"acf":[],"aioseo_notices":[],"jetpack_sharing_enabled":true,"_links":{"self":[{"href":"https:\/\/whisky.ad\/es\/wp-json\/wp\/v2\/product\/78449","targetHints":{"allow":["GET"]}}],"collection":[{"href":"https:\/\/whisky.ad\/es\/wp-json\/wp\/v2\/product"}],"about":[{"href":"https:\/\/whisky.ad\/es\/wp-json\/wp\/v2\/types\/product"}],"replies":[{"embeddable":true,"href":"https:\/\/whisky.ad\/es\/wp-json\/wp\/v2\/comments?post=78449"}],"wp:featuredmedia":[{"embeddable":true,"href":"https:\/\/whisky.ad\/es\/wp-json\/wp\/v2\/media\/76388"}],"wp:attachment":[{"href":"https:\/\/whisky.ad\/es\/wp-json\/wp\/v2\/media?parent=78449"}],"wp:term":[{"taxonomy":"product_brand","embeddable":true,"href":"https:\/\/whisky.ad\/es\/wp-json\/wp\/v2\/product_brand?post=78449"},{"taxonomy":"product_cat","embeddable":true,"href":"https:\/\/whisky.ad\/es\/wp-json\/wp\/v2\/product_cat?post=78449"},{"taxonomy":"product_tag","embeddable":true,"href":"https:\/\/whisky.ad\/es\/wp-json\/wp\/v2\/product_tag?post=78449"}],"curies":[{"name":"wp","href":"https:\/\/api.w.org\/{rel}","templated":true}]}}