{"id":78446,"date":"2023-07-25T16:06:28","date_gmt":"2023-07-25T15:06:28","guid":{"rendered":"https:\/\/whisky.ad\/product\/armorik-classic-single-malt-bio-46-70cl\/"},"modified":"2023-07-25T16:06:28","modified_gmt":"2023-07-25T15:06:28","slug":"armorik-classic-single-malt-bio-46-70cl","status":"publish","type":"product","link":"https:\/\/whisky.ad\/es\/producto\/armorik-classic-single-malt-bio-46-70cl\/","title":{"rendered":"ARMORIK Classic Single Malt BIO 46% 70cl"},"content":{"rendered":"","protected":false},"excerpt":{"rendered":"<div class=\"flex flex-grow flex-col gap-3\">\n<div class=\"min-h-[20px] flex items-start overflow-x-auto whitespace-pre-wrap break-words flex-col gap-4\">\n<div class=\"markdown prose w-full break-words dark:prose-invert light\">\n<p>Armorik Classic es un whisky de malta con una graduaci\u00f3n del 46%. El proceso de maduraci\u00f3n se lleva a cabo en barricas de bourbon de distintas edades, lo que da como resultado una expresi\u00f3n suave, exquisita e indulgente que muestra maravillosamente la maestr\u00eda de nuestro maestro mezclador y la excepcional calidad de la maduraci\u00f3n costera en las costas de Breta\u00f1a. Elaborado a partir de cebada francesa ecol\u00f3gica y destilado en alambiques tradicionales, Armorik Classic es un testimonio de nuestro compromiso con la producci\u00f3n de un whisky de malta extraordinario que encarna la esencia del esp\u00edritu bret\u00f3n: un whisky rico, afrutado y elaborado con el m\u00e1ximo respeto por el medio ambiente. Este whisky excepcional ha cosechado prestigiosos galardones, entre ellos una medalla de oro en el San Francisco World Spirits Competition, as\u00ed como medallas de plata en el International Spirits Challenge 2021 y en el International Wine &amp; Spirit Competition 2021. Estos reconocimientos refuerzan a\u00fan m\u00e1s el car\u00e1cter excepcional y la calidad de Armorik Classic, convirti\u00e9ndolo en una opci\u00f3n destacada para los entusiastas del whisky que buscan una experiencia extraordinaria y galardonada. <\/p>\n<div class=\"flex flex-grow flex-col gap-3\">\n<div class=\"min-h-[20px] flex items-start overflow-x-auto whitespace-pre-wrap break-words flex-col gap-4\">\n<div class=\"markdown prose w-full break-words dark:prose-invert light\">\n<p>Notas de cata: Nariz: El aroma es intenso e intrincado, con una destacada presencia de cereales ligeramente especiados, seguidos de deliciosas notas de frutas ex\u00f3ticas como el mango y el maracuy\u00e1. Boca: El paladar experimenta una viva explosi\u00f3n de frutas frescas, con notas de jugoso melocot\u00f3n y albaricoque que toman la delantera, seguidas de una hermosa dulzura acentuada por matices de vainilla. La riqueza y potencia del whisky se complementan con ligeras notas tostadas, que a\u00f1aden profundidad al perfil general de sabor. Final: El final es agradablemente largo, ofreciendo una sensaci\u00f3n vibrante y c\u00e1lida, con un sutil toque de yodo que a\u00f1ade un toque \u00fanico y memorable a la conclusi\u00f3n del whisky.<\/p>\n<\/div>\n<\/div>\n<\/div>\n<\/div>\n<\/div>\n<\/div>\n","protected":false},"featured_media":76334,"comment_status":"open","ping_status":"closed","template":"","meta":{"_acf_changed":false},"product_brand":[],"product_cat":[354,355,356],"product_tag":[],"class_list":{"0":"post-78446","1":"product","2":"type-product","3":"status-publish","4":"has-post-thumbnail","6":"product_cat-whisky-by-brand","7":"product_cat-france-es","8":"product_cat-armorik-es","10":"first","11":"instock","12":"taxable","13":"shipping-taxable","14":"purchasable","15":"product-type-simple"},"acf":[],"aioseo_notices":[],"jetpack_sharing_enabled":true,"_links":{"self":[{"href":"https:\/\/whisky.ad\/es\/wp-json\/wp\/v2\/product\/78446","targetHints":{"allow":["GET"]}}],"collection":[{"href":"https:\/\/whisky.ad\/es\/wp-json\/wp\/v2\/product"}],"about":[{"href":"https:\/\/whisky.ad\/es\/wp-json\/wp\/v2\/types\/product"}],"replies":[{"embeddable":true,"href":"https:\/\/whisky.ad\/es\/wp-json\/wp\/v2\/comments?post=78446"}],"wp:featuredmedia":[{"embeddable":true,"href":"https:\/\/whisky.ad\/es\/wp-json\/wp\/v2\/media\/76334"}],"wp:attachment":[{"href":"https:\/\/whisky.ad\/es\/wp-json\/wp\/v2\/media?parent=78446"}],"wp:term":[{"taxonomy":"product_brand","embeddable":true,"href":"https:\/\/whisky.ad\/es\/wp-json\/wp\/v2\/product_brand?post=78446"},{"taxonomy":"product_cat","embeddable":true,"href":"https:\/\/whisky.ad\/es\/wp-json\/wp\/v2\/product_cat?post=78446"},{"taxonomy":"product_tag","embeddable":true,"href":"https:\/\/whisky.ad\/es\/wp-json\/wp\/v2\/product_tag?post=78446"}],"curies":[{"name":"wp","href":"https:\/\/api.w.org\/{rel}","templated":true}]}}