{"id":78442,"date":"2023-07-25T16:49:31","date_gmt":"2023-07-25T15:49:31","guid":{"rendered":"https:\/\/whisky.ad\/product\/armorik-16-yo-single-cask-0-7l-45-2\/"},"modified":"2023-07-25T16:49:31","modified_gmt":"2023-07-25T15:49:31","slug":"armorik-16-yo-single-cask-0-7l-45-2","status":"publish","type":"product","link":"https:\/\/whisky.ad\/es\/producto\/armorik-16-yo-single-cask-0-7l-45-2\/","title":{"rendered":"ARMORIK 16 YO Single Cask 0.7l 45.2%"},"content":{"rendered":"","protected":false},"excerpt":{"rendered":"<div class=\"flex flex-grow flex-col gap-3\">\n<div class=\"min-h-[20px] flex items-start overflow-x-auto whitespace-pre-wrap break-words flex-col gap-4\">\n<div class=\"markdown prose w-full break-words dark:prose-invert light\">\n<p>Armorik Single Cask 16 Ans Sali\u00f3 a la venta el 6 de julio de 2022 45,2% &#8211; 70cl Maduraci\u00f3n: Madurado en barricas de Jerez Disponibilidad: Edici\u00f3n limitada &#8211; 576 botellas Armorik Single Cask 16 Years Old se erige con orgullo como el whisky m\u00e1s antiguo jam\u00e1s lanzado por nuestra estimada destiler\u00eda. Extra\u00eddo cuidadosamente del barril n\u00b03308, su viaje comenz\u00f3 en barricas de bourbon desde diciembre de 2004 hasta agosto de 2008. Posteriormente, descans\u00f3 brevemente en barricas de roble bret\u00f3n desde agosto de 2008 hasta octubre de 2008, antes de embarcarse en una maduraci\u00f3n de 12 a\u00f1os en barricas de Jerez, escondido en el silencio y la oscuridad de nuestras preciadas bodegas. Con este extraordinario Armorik Single Cask 16 a\u00f1os, elaborado a partir de una de las barricas m\u00e1s antiguas de nuestra colecci\u00f3n, queremos compartir un momento precioso de la historia de la destiler\u00eda. Para celebrar la singularidad de este whisky excepcional, cada botella est\u00e1 numerada y adornada con una etiqueta distintiva que recuerda los anillos de envejecimiento del roble. Nariz: La nariz es de una riqueza y potencia cautivadoras. La edad del whisky se revela a trav\u00e9s de tentadoras notas de brandy a\u00f1ejo y aromas amaderados. Aparecen sutiles notas de frutas ex\u00f3ticas, acentuadas por un delicado toque de lavanda. Con el tiempo, la frutosidad se transforma, evocando la esencia del mel\u00f3n maduro recubierto de miel resinosa. Un tenue y tenue toque ahumado complementa maravillosamente el bouquet general. Boca: El paladar ofrece una experiencia almibarada, donde el afrutado del mango y el pl\u00e1tano flameado toman el protagonismo, seguidos de intrigantes notas de parqu\u00e9 encerado. Una intensa explosi\u00f3n de mermelada de naranja destaca en el fondo, a\u00f1adiendo una deliciosa capa de complejidad. Final: El final es impresionantemente largo, ya que las notas ahumadas regresan con gracia y se mezclan armoniosamente con las notas de caramelo de miel, dejando una impresi\u00f3n duradera y memorable en el paladar. Armorik Single Cask 16 Ans es un verdadero testimonio de la notable artesan\u00eda y dedicaci\u00f3n invertidas en la producci\u00f3n de un whisky extraordinario digno de celebraci\u00f3n y admiraci\u00f3n.<\/p>\n<\/div>\n<\/div>\n<\/div>\n","protected":false},"featured_media":76526,"comment_status":"open","ping_status":"closed","template":"","meta":{"_acf_changed":false},"product_brand":[],"product_cat":[354,355,356],"product_tag":[],"class_list":{"0":"post-78442","1":"product","2":"type-product","3":"status-publish","4":"has-post-thumbnail","6":"product_cat-whisky-by-brand","7":"product_cat-france-es","8":"product_cat-armorik-es","10":"first","11":"instock","12":"taxable","13":"shipping-taxable","14":"product-type-simple"},"acf":[],"aioseo_notices":[],"jetpack_sharing_enabled":true,"_links":{"self":[{"href":"https:\/\/whisky.ad\/es\/wp-json\/wp\/v2\/product\/78442","targetHints":{"allow":["GET"]}}],"collection":[{"href":"https:\/\/whisky.ad\/es\/wp-json\/wp\/v2\/product"}],"about":[{"href":"https:\/\/whisky.ad\/es\/wp-json\/wp\/v2\/types\/product"}],"replies":[{"embeddable":true,"href":"https:\/\/whisky.ad\/es\/wp-json\/wp\/v2\/comments?post=78442"}],"wp:featuredmedia":[{"embeddable":true,"href":"https:\/\/whisky.ad\/es\/wp-json\/wp\/v2\/media\/76526"}],"wp:attachment":[{"href":"https:\/\/whisky.ad\/es\/wp-json\/wp\/v2\/media?parent=78442"}],"wp:term":[{"taxonomy":"product_brand","embeddable":true,"href":"https:\/\/whisky.ad\/es\/wp-json\/wp\/v2\/product_brand?post=78442"},{"taxonomy":"product_cat","embeddable":true,"href":"https:\/\/whisky.ad\/es\/wp-json\/wp\/v2\/product_cat?post=78442"},{"taxonomy":"product_tag","embeddable":true,"href":"https:\/\/whisky.ad\/es\/wp-json\/wp\/v2\/product_tag?post=78442"}],"curies":[{"name":"wp","href":"https:\/\/api.w.org\/{rel}","templated":true}]}}