{"id":78438,"date":"2023-07-25T16:38:36","date_gmt":"2023-07-25T15:38:36","guid":{"rendered":"https:\/\/whisky.ad\/product\/armorik-15-yo-single-malt-0-7l-46\/"},"modified":"2023-12-05T16:42:35","modified_gmt":"2023-12-05T15:42:35","slug":"armorik-15-yo-single-malt-0-7l-46","status":"publish","type":"product","link":"https:\/\/whisky.ad\/es\/producto\/armorik-15-yo-single-malt-0-7l-46\/","title":{"rendered":"ARMORIK 15 YO Single Malt 0.7l 46%"},"content":{"rendered":"","protected":false},"excerpt":{"rendered":"<div class=\"flex flex-grow flex-col gap-3\">\n<div class=\"min-h-[20px] flex items-start overflow-x-auto whitespace-pre-wrap break-words flex-col gap-4\">\n<div class=\"markdown prose w-full break-words dark:prose-invert light\">\n<p>Armorik 15 Ans &#8211; Edici\u00f3n 2022 Lanzamiento el 20 de septiembre de 2022 46% &#8211; 70cl Maduraci\u00f3n: 15 a\u00f1os (9 a\u00f1os en barricas de Bourbon y 6 a\u00f1os en barricas de Jerez) Disponibilidad: Edici\u00f3n limitada &#8211; 730 botellas Bas\u00e1ndonos en el \u00e9xito de nuestro Armorik de 10 a\u00f1os, nos enorgullece desvelar todas las posibilidades que ofrecen las numerosas barricas almacenadas en Lannion. Armorik 15 a\u00f1os, primer whisky franc\u00e9s de 15 a\u00f1os y presentado en una edici\u00f3n anual limitada de 1.500 botellas, se convierte con orgullo en el segundo embotellado de nuestra gama con menci\u00f3n de edad. Esta expresi\u00f3n excepcional es el testimonio de nuestra experiencia y nuestra maestr\u00eda de dos d\u00e9cadas en el arte de la maduraci\u00f3n. Embotellado al 46%, Armorik 15 a\u00f1os se somete a un cautivador viaje de maduraci\u00f3n, pasando 9 a\u00f1os en barricas de Bourbon antes de pasar con gracia a barricas de Oloroso de Jerez durante 6 a\u00f1os m\u00e1s. &#8220;Con la edad, Armorik 15 a\u00f1os adquiere una elegante plenitud arom\u00e1tica, al tiempo que conserva la frescura afrutada caracter\u00edstica de nuestro destilado&#8221;. Nariz: La nariz desprende una riqueza e intensidad cautivadoras, caracterizadas por frutas ex\u00f3ticas maduras como el mango y el maracuy\u00e1. La madurez del whisky se hace evidente a trav\u00e9s de la presencia de aromas de rancio y madera barnizada. Siguen sutiles notas dulces, con melocot\u00f3n, miel, caramelo y albaricoque seco. El viaje sensorial culmina con un delicado toque de comino y finas notas de turba. En boca: En el paladar, el whisky ofrece una deliciosa interacci\u00f3n de nitidez y dulzura. El estallido inicial de frutas frescas, como pera madura y pl\u00e1tano, evoluciona hacia un delicioso dulzor que recuerda a caramelos de miel y frutas ex\u00f3ticas. Notas picantes y especiadas de clavo y canela realzan con elegancia el sabor afrutado. Final: El final es impresionantemente largo y c\u00e1lido, oscilando entre notas especiadas y sutilmente ahumadas. Un toque final de mermelada de melocot\u00f3n a\u00f1ade un delicioso dulzor a la impresi\u00f3n duradera del whisky. Armorik 15 Ans encarna el pin\u00e1culo de la artesan\u00eda, ofreciendo una experiencia de degustaci\u00f3n verdaderamente excepcional y memorable.<\/p>\n<\/div>\n<\/div>\n<\/div>\n","protected":false},"featured_media":79247,"comment_status":"open","ping_status":"closed","template":"","meta":{"_acf_changed":false},"product_brand":[],"product_cat":[356,354,355],"product_tag":[],"class_list":{"0":"post-78438","1":"product","2":"type-product","3":"status-publish","4":"has-post-thumbnail","6":"product_cat-armorik-es","7":"product_cat-whisky-by-brand","8":"product_cat-france-es","10":"first","11":"instock","12":"taxable","13":"shipping-taxable","14":"purchasable","15":"product-type-simple"},"acf":[],"aioseo_notices":[],"jetpack_sharing_enabled":true,"_links":{"self":[{"href":"https:\/\/whisky.ad\/es\/wp-json\/wp\/v2\/product\/78438","targetHints":{"allow":["GET"]}}],"collection":[{"href":"https:\/\/whisky.ad\/es\/wp-json\/wp\/v2\/product"}],"about":[{"href":"https:\/\/whisky.ad\/es\/wp-json\/wp\/v2\/types\/product"}],"replies":[{"embeddable":true,"href":"https:\/\/whisky.ad\/es\/wp-json\/wp\/v2\/comments?post=78438"}],"wp:featuredmedia":[{"embeddable":true,"href":"https:\/\/whisky.ad\/es\/wp-json\/wp\/v2\/media\/79247"}],"wp:attachment":[{"href":"https:\/\/whisky.ad\/es\/wp-json\/wp\/v2\/media?parent=78438"}],"wp:term":[{"taxonomy":"product_brand","embeddable":true,"href":"https:\/\/whisky.ad\/es\/wp-json\/wp\/v2\/product_brand?post=78438"},{"taxonomy":"product_cat","embeddable":true,"href":"https:\/\/whisky.ad\/es\/wp-json\/wp\/v2\/product_cat?post=78438"},{"taxonomy":"product_tag","embeddable":true,"href":"https:\/\/whisky.ad\/es\/wp-json\/wp\/v2\/product_tag?post=78438"}],"curies":[{"name":"wp","href":"https:\/\/api.w.org\/{rel}","templated":true}]}}