{"id":78435,"date":"2023-07-25T16:32:37","date_gmt":"2023-07-25T15:32:37","guid":{"rendered":"https:\/\/whisky.ad\/product\/armorik-10-yo-single-malt-0-7l-46\/"},"modified":"2023-07-25T16:32:37","modified_gmt":"2023-07-25T15:32:37","slug":"armorik-10-yo-single-malt-0-7l-46","status":"publish","type":"product","link":"https:\/\/whisky.ad\/es\/producto\/armorik-10-yo-single-malt-0-7l-46\/","title":{"rendered":"ARMORIK 10 YO Single Malt 0.7l 46%"},"content":{"rendered":"","protected":false},"excerpt":{"rendered":"<div class=\"flex flex-grow flex-col gap-3\">\n<div class=\"min-h-[20px] flex items-start overflow-x-auto whitespace-pre-wrap break-words flex-col gap-4\">\n<div class=\"markdown prose w-full break-words dark:prose-invert light\">\n<p>Armorik 10 ans &#8211; \u00e9dition 2023 Lanzamiento el 24 de marzo de 2023 46% &#8211; 70cl Maduraci\u00f3n: Barricas de Bourbon y Jerez Disponibilidad: Edici\u00f3n limitada &#8211; 5000 botellas Tras el exitoso lanzamiento del primer Armorik 10 A\u00f1os, estamos encantados de desvelar las posibilidades ampliadas de nuestras preciadas barricas. Esta nueva edici\u00f3n de Armorik 10 Years Old muestra con orgullo la experiencia de nuestro Maestro Mezclador y nuestra maestr\u00eda de 25 a\u00f1os en el envejecimiento del whisky de malta. Galardonado con el prestigioso t\u00edtulo de &#8220;Mejor Whisky Franc\u00e9s&#8221; en los World Whiskies Awards de 2020 y 2022. Nariz: Expresiva e indulgente, la nariz se abre con una deliciosa variedad de frutas, al tiempo que conserva su frescura vigorizante. Notas de albaricoque, moscatel y mango toman la delantera, seguidas de toques gourmet de almendras asadas y naranja confitada. Un sutil toque de tabaco a\u00f1ade una tentadora complejidad. Boca: El paladar es una cautivadora interacci\u00f3n de frescura y redondez, que enfatiza con maestr\u00eda la esencia afrutada de Armorik con sabores de melocot\u00f3n amarillo y frutas ex\u00f3ticas. Poco a poco, se despliega una dulce sinfon\u00eda, con notas de miel, jarabe de arce y azahar que aportan su encanto. Final: El final es notablemente largo y floral, con la seductora esencia del jazm\u00edn. Baila con gracia entre notas especiadas y ligeramente ahumadas, dejando una impresi\u00f3n memorable que perdura en el paladar.<\/p>\n<\/div>\n<\/div>\n<\/div>\n<div class=\"flex justify-between lg:block\">\n<div class=\"text-gray-400 flex self-end lg:self-center justify-center mt-2 gap-2 md:gap-3 lg:gap-1 lg:absolute lg:top-0 lg:translate-x-full lg:right-0 lg:mt-0 lg:pl-2 visible\"><\/div>\n<\/div>\n","protected":false},"featured_media":76511,"comment_status":"open","ping_status":"closed","template":"","meta":{"_acf_changed":false},"product_brand":[],"product_cat":[354,355,356],"product_tag":[],"class_list":{"0":"post-78435","1":"product","2":"type-product","3":"status-publish","4":"has-post-thumbnail","6":"product_cat-whisky-by-brand","7":"product_cat-france-es","8":"product_cat-armorik-es","10":"first","11":"instock","12":"taxable","13":"shipping-taxable","14":"purchasable","15":"product-type-simple"},"acf":[],"aioseo_notices":[],"jetpack_sharing_enabled":true,"_links":{"self":[{"href":"https:\/\/whisky.ad\/es\/wp-json\/wp\/v2\/product\/78435","targetHints":{"allow":["GET"]}}],"collection":[{"href":"https:\/\/whisky.ad\/es\/wp-json\/wp\/v2\/product"}],"about":[{"href":"https:\/\/whisky.ad\/es\/wp-json\/wp\/v2\/types\/product"}],"replies":[{"embeddable":true,"href":"https:\/\/whisky.ad\/es\/wp-json\/wp\/v2\/comments?post=78435"}],"wp:featuredmedia":[{"embeddable":true,"href":"https:\/\/whisky.ad\/es\/wp-json\/wp\/v2\/media\/76511"}],"wp:attachment":[{"href":"https:\/\/whisky.ad\/es\/wp-json\/wp\/v2\/media?parent=78435"}],"wp:term":[{"taxonomy":"product_brand","embeddable":true,"href":"https:\/\/whisky.ad\/es\/wp-json\/wp\/v2\/product_brand?post=78435"},{"taxonomy":"product_cat","embeddable":true,"href":"https:\/\/whisky.ad\/es\/wp-json\/wp\/v2\/product_cat?post=78435"},{"taxonomy":"product_tag","embeddable":true,"href":"https:\/\/whisky.ad\/es\/wp-json\/wp\/v2\/product_tag?post=78435"}],"curies":[{"name":"wp","href":"https:\/\/api.w.org\/{rel}","templated":true}]}}