{"id":78432,"date":"2023-08-29T18:43:41","date_gmt":"2023-08-29T17:43:41","guid":{"rendered":"https:\/\/whisky.ad\/product\/armagnac-delord-bas-armagnac-napoleon-0-7l-40\/"},"modified":"2024-01-05T17:32:27","modified_gmt":"2024-01-05T16:32:27","slug":"armagnac-delord-bas-armagnac-napoleon-0-7l-40","status":"publish","type":"product","link":"https:\/\/whisky.ad\/es\/producto\/armagnac-delord-bas-armagnac-napoleon-0-7l-40\/","title":{"rendered":"Armagnac Delord Bas Armagnac Napoleon 0.7l 40%"},"content":{"rendered":"","protected":false},"excerpt":{"rendered":"<div class=\"flex flex-grow flex-col gap-3 max-w-full\">\n<div class=\"min-h-[20px] flex flex-col items-start gap-3 overflow-x-auto whitespace-pre-wrap break-words\">\n<div class=\"markdown prose w-full break-words dark:prose-invert light\">\n<p>Un Armagnac de notable frutosidad, rico en sabores y accesible, que presume de una excelente mezcla de fuerza y elegancia. La destiler\u00eda se encuentra en Lannepax, Gascu\u00f1a, tierra ancestral de la familia Delord. Sus vi\u00f1edos est\u00e1n plantados con las variedades Colombard, Ugni Blanc y Folle Blanche. Este Armagnac ofrece aromas vibrantes que abarcan pasas al horno, crema de coco, cacao en polvo, granos de pimienta ex\u00f3tica, frutos secos mantecosos y toques de cuero. Su final es una combinaci\u00f3n persistente y en constante evoluci\u00f3n de miel, cacao, fruta y especias picantes. La familia Delord fund\u00f3 la destiler\u00eda en 1893.<\/p>\n<\/div>\n<\/div>\n<\/div>\n","protected":false},"featured_media":77516,"comment_status":"open","ping_status":"closed","template":"","meta":{"_acf_changed":false},"product_brand":[],"product_cat":[340,345],"product_tag":[],"class_list":{"0":"post-78432","1":"product","2":"type-product","3":"status-publish","4":"has-post-thumbnail","6":"product_cat-cognac-armagnac-brandy-es","7":"product_cat-bebidas-acoholicas-es","9":"first","10":"instock","11":"taxable","12":"shipping-taxable","13":"purchasable","14":"product-type-simple"},"acf":[],"aioseo_notices":[],"jetpack_sharing_enabled":true,"_links":{"self":[{"href":"https:\/\/whisky.ad\/es\/wp-json\/wp\/v2\/product\/78432","targetHints":{"allow":["GET"]}}],"collection":[{"href":"https:\/\/whisky.ad\/es\/wp-json\/wp\/v2\/product"}],"about":[{"href":"https:\/\/whisky.ad\/es\/wp-json\/wp\/v2\/types\/product"}],"replies":[{"embeddable":true,"href":"https:\/\/whisky.ad\/es\/wp-json\/wp\/v2\/comments?post=78432"}],"wp:featuredmedia":[{"embeddable":true,"href":"https:\/\/whisky.ad\/es\/wp-json\/wp\/v2\/media\/77516"}],"wp:attachment":[{"href":"https:\/\/whisky.ad\/es\/wp-json\/wp\/v2\/media?parent=78432"}],"wp:term":[{"taxonomy":"product_brand","embeddable":true,"href":"https:\/\/whisky.ad\/es\/wp-json\/wp\/v2\/product_brand?post=78432"},{"taxonomy":"product_cat","embeddable":true,"href":"https:\/\/whisky.ad\/es\/wp-json\/wp\/v2\/product_cat?post=78432"},{"taxonomy":"product_tag","embeddable":true,"href":"https:\/\/whisky.ad\/es\/wp-json\/wp\/v2\/product_tag?post=78432"}],"curies":[{"name":"wp","href":"https:\/\/api.w.org\/{rel}","templated":true}]}}