{"id":78429,"date":"2023-08-29T18:39:51","date_gmt":"2023-08-29T17:39:51","guid":{"rendered":"https:\/\/whisky.ad\/product\/armagnac-delord-bas-armagnac-20yo-0-7l-40\/"},"modified":"2024-01-05T17:36:40","modified_gmt":"2024-01-05T16:36:40","slug":"armagnac-delord-bas-armagnac-20yo-0-7l-40","status":"publish","type":"product","link":"https:\/\/whisky.ad\/es\/producto\/armagnac-delord-bas-armagnac-20yo-0-7l-40\/","title":{"rendered":"Armagnac Delord Bas Armagnac 20yo 0.7l 40%"},"content":{"rendered":"","protected":false},"excerpt":{"rendered":"<p>La historia comenz\u00f3 con Prosper Delord, un destilador errante, que se enamor\u00f3 inicialmente del exquisito aguardiente de Armagnac. En 1893 fund\u00f3 la Casa Delord, que evolucion\u00f3 hasta convertirse en Armagnac Delord Brothers cuando sus dos hijos, Gaston y Georges, heredaron el alambique y continuaron el legado de su padre con el mismo fervor por el Armagnac. En la actualidad, los hijos de Gaston, Jacques y Pierre Delord, contin\u00faan la tradici\u00f3n familiar, junto con la siguiente generaci\u00f3n, Jerome y Sylvain. Con aromas de frutos secos y vainilla, este Armagnac de 20 a\u00f1os, de una notable complejidad arom\u00e1tica, cautivar\u00e1 su paladar con sus notas de especias suaves (canela, vainilla), de madera y de rancio (nuez).  <\/p>\n","protected":false},"featured_media":77519,"comment_status":"open","ping_status":"closed","template":"","meta":{"_acf_changed":false},"product_brand":[],"product_cat":[340,345],"product_tag":[],"class_list":{"0":"post-78429","1":"product","2":"type-product","3":"status-publish","4":"has-post-thumbnail","6":"product_cat-cognac-armagnac-brandy-es","7":"product_cat-bebidas-acoholicas-es","9":"first","10":"instock","11":"taxable","12":"shipping-taxable","13":"purchasable","14":"product-type-simple"},"acf":[],"aioseo_notices":[],"jetpack_sharing_enabled":true,"_links":{"self":[{"href":"https:\/\/whisky.ad\/es\/wp-json\/wp\/v2\/product\/78429","targetHints":{"allow":["GET"]}}],"collection":[{"href":"https:\/\/whisky.ad\/es\/wp-json\/wp\/v2\/product"}],"about":[{"href":"https:\/\/whisky.ad\/es\/wp-json\/wp\/v2\/types\/product"}],"replies":[{"embeddable":true,"href":"https:\/\/whisky.ad\/es\/wp-json\/wp\/v2\/comments?post=78429"}],"wp:featuredmedia":[{"embeddable":true,"href":"https:\/\/whisky.ad\/es\/wp-json\/wp\/v2\/media\/77519"}],"wp:attachment":[{"href":"https:\/\/whisky.ad\/es\/wp-json\/wp\/v2\/media?parent=78429"}],"wp:term":[{"taxonomy":"product_brand","embeddable":true,"href":"https:\/\/whisky.ad\/es\/wp-json\/wp\/v2\/product_brand?post=78429"},{"taxonomy":"product_cat","embeddable":true,"href":"https:\/\/whisky.ad\/es\/wp-json\/wp\/v2\/product_cat?post=78429"},{"taxonomy":"product_tag","embeddable":true,"href":"https:\/\/whisky.ad\/es\/wp-json\/wp\/v2\/product_tag?post=78429"}],"curies":[{"name":"wp","href":"https:\/\/api.w.org\/{rel}","templated":true}]}}