{"id":78426,"date":"2023-08-29T18:33:52","date_gmt":"2023-08-29T17:33:52","guid":{"rendered":"https:\/\/whisky.ad\/product\/armagnac-delord-bas-armagnac-15yo-0-7l-40\/"},"modified":"2024-01-05T18:03:32","modified_gmt":"2024-01-05T17:03:32","slug":"armagnac-delord-bas-armagnac-15yo-0-7l-40","status":"publish","type":"product","link":"https:\/\/whisky.ad\/es\/producto\/armagnac-delord-bas-armagnac-15yo-0-7l-40\/","title":{"rendered":"Armagnac Delord Bas Armagnac 15yo 0.7l 40%"},"content":{"rendered":"","protected":false},"excerpt":{"rendered":"<div class=\"flex flex-grow flex-col gap-3 max-w-full\">\n<div class=\"min-h-[20px] flex flex-col items-start gap-3 overflow-x-auto whitespace-pre-wrap break-words\">\n<div class=\"markdown prose w-full break-words dark:prose-invert light\">\n<p>La historia comenz\u00f3 con Prosper Delord, un destilador errante, que se enamor\u00f3 inicialmente del exquisito aguardiente de Armagnac. En 1893 fund\u00f3 la Casa Delord, que evolucion\u00f3 hasta convertirse en Armagnac Delord Brothers cuando sus dos hijos, Gaston y Georges, heredaron el alambique y continuaron el legado de su padre con el mismo fervor por el Armagnac. En la actualidad, los hijos de Gaston, Jacques y Pierre Delord, contin\u00faan la tradici\u00f3n familiar, junto con la siguiente generaci\u00f3n, Jerome y Sylvain. A pesar de su relativa juventud, este Armagnac de 15 a\u00f1os posee un notable refinamiento, un impresionante equilibrio y un car\u00e1cter afrutado. Presenta un bouquet arom\u00e1tico de ciruelas pasas, frutos secos y una riqueza de aromas, acompa\u00f1ados de sutiles notas especiadas. En boca, la experiencia se despliega con la presencia de ciruelas, ciruelas pasas y deliciosos frutos secos almendrados, realzados por suaves matices especiados como la canela.  <\/p>\n<\/div>\n<\/div>\n<\/div>\n","protected":false},"featured_media":77507,"comment_status":"open","ping_status":"closed","template":"","meta":{"_acf_changed":false},"product_brand":[],"product_cat":[345,340],"product_tag":[],"class_list":{"0":"post-78426","1":"product","2":"type-product","3":"status-publish","4":"has-post-thumbnail","6":"product_cat-bebidas-acoholicas-es","7":"product_cat-cognac-armagnac-brandy-es","9":"first","10":"instock","11":"taxable","12":"shipping-taxable","13":"purchasable","14":"product-type-simple"},"acf":[],"aioseo_notices":[],"jetpack_sharing_enabled":true,"_links":{"self":[{"href":"https:\/\/whisky.ad\/es\/wp-json\/wp\/v2\/product\/78426","targetHints":{"allow":["GET"]}}],"collection":[{"href":"https:\/\/whisky.ad\/es\/wp-json\/wp\/v2\/product"}],"about":[{"href":"https:\/\/whisky.ad\/es\/wp-json\/wp\/v2\/types\/product"}],"replies":[{"embeddable":true,"href":"https:\/\/whisky.ad\/es\/wp-json\/wp\/v2\/comments?post=78426"}],"wp:featuredmedia":[{"embeddable":true,"href":"https:\/\/whisky.ad\/es\/wp-json\/wp\/v2\/media\/77507"}],"wp:attachment":[{"href":"https:\/\/whisky.ad\/es\/wp-json\/wp\/v2\/media?parent=78426"}],"wp:term":[{"taxonomy":"product_brand","embeddable":true,"href":"https:\/\/whisky.ad\/es\/wp-json\/wp\/v2\/product_brand?post=78426"},{"taxonomy":"product_cat","embeddable":true,"href":"https:\/\/whisky.ad\/es\/wp-json\/wp\/v2\/product_cat?post=78426"},{"taxonomy":"product_tag","embeddable":true,"href":"https:\/\/whisky.ad\/es\/wp-json\/wp\/v2\/product_tag?post=78426"}],"curies":[{"name":"wp","href":"https:\/\/api.w.org\/{rel}","templated":true}]}}