{"id":78423,"date":"2023-08-28T15:05:27","date_gmt":"2023-08-28T14:05:27","guid":{"rendered":"https:\/\/whisky.ad\/product\/aoc-fine-bretagne-cuvee-glycine-0-7l-40\/"},"modified":"2024-01-06T14:04:30","modified_gmt":"2024-01-06T13:04:30","slug":"aoc-fine-bretagne-cuvee-glycine-0-7l-40","status":"publish","type":"product","link":"https:\/\/whisky.ad\/es\/producto\/aoc-fine-bretagne-cuvee-glycine-0-7l-40\/","title":{"rendered":"AOC Fine Bretagne cuv\u00e9e Glycine 0.7l 40%"},"content":{"rendered":"","protected":false},"excerpt":{"rendered":"<p>Brandy de Manzana Con un comportamiento accesible para el consumidor, tranquiliza inmediatamente sobre el origen del producto. En efecto, las notas de manzana fresca, el suave dulzor y el agradable matiz azucarado lo convierten en un aguardiente asequible y c\u00e1lido. Color: Dorado. Nariz: Hermosa intensidad. Las notas florales de rosa y jazm\u00edn van seguidas de la esencia afrutada de la manzana compotada. Boca: Un impacto inicial incre\u00edblemente suave. Los sabores de manzana que siguen se ven realzados por la vivacidad del Fine Bretagne. Final: Vivo y afrutado.<\/p>\n","protected":false},"featured_media":77312,"comment_status":"open","ping_status":"closed","template":"","meta":{"_acf_changed":false},"product_brand":[],"product_cat":[351,345],"product_tag":[],"class_list":{"0":"post-78423","1":"product","2":"type-product","3":"status-publish","4":"has-post-thumbnail","6":"product_cat-calvados-es-2","7":"product_cat-bebidas-acoholicas-es","9":"first","10":"instock","11":"taxable","12":"shipping-taxable","13":"purchasable","14":"product-type-simple"},"acf":[],"aioseo_notices":[],"jetpack_sharing_enabled":true,"_links":{"self":[{"href":"https:\/\/whisky.ad\/es\/wp-json\/wp\/v2\/product\/78423","targetHints":{"allow":["GET"]}}],"collection":[{"href":"https:\/\/whisky.ad\/es\/wp-json\/wp\/v2\/product"}],"about":[{"href":"https:\/\/whisky.ad\/es\/wp-json\/wp\/v2\/types\/product"}],"replies":[{"embeddable":true,"href":"https:\/\/whisky.ad\/es\/wp-json\/wp\/v2\/comments?post=78423"}],"wp:featuredmedia":[{"embeddable":true,"href":"https:\/\/whisky.ad\/es\/wp-json\/wp\/v2\/media\/77312"}],"wp:attachment":[{"href":"https:\/\/whisky.ad\/es\/wp-json\/wp\/v2\/media?parent=78423"}],"wp:term":[{"taxonomy":"product_brand","embeddable":true,"href":"https:\/\/whisky.ad\/es\/wp-json\/wp\/v2\/product_brand?post=78423"},{"taxonomy":"product_cat","embeddable":true,"href":"https:\/\/whisky.ad\/es\/wp-json\/wp\/v2\/product_cat?post=78423"},{"taxonomy":"product_tag","embeddable":true,"href":"https:\/\/whisky.ad\/es\/wp-json\/wp\/v2\/product_tag?post=78423"}],"curies":[{"name":"wp","href":"https:\/\/api.w.org\/{rel}","templated":true}]}}