{"id":78420,"date":"2023-08-28T15:02:51","date_gmt":"2023-08-28T14:02:51","guid":{"rendered":"https:\/\/whisky.ad\/product\/aoc-fine-bretagne-cuvee-etoile-0-7l-43\/"},"modified":"2024-01-06T17:03:35","modified_gmt":"2024-01-06T16:03:35","slug":"aoc-fine-bretagne-cuvee-etoile-0-7l-43","status":"publish","type":"product","link":"https:\/\/whisky.ad\/es\/producto\/aoc-fine-bretagne-cuvee-etoile-0-7l-43\/","title":{"rendered":"AOC Fine Bretagne Cuv\u00e9e \u00e9toile 0.7l 43%"},"content":{"rendered":"","protected":false},"excerpt":{"rendered":"<div class=\"flex flex-grow flex-col gap-3 max-w-full\">\n<div class=\"min-h-[20px] flex flex-col items-start gap-3 overflow-x-auto whitespace-pre-wrap break-words\">\n<div class=\"markdown prose w-full break-words dark:prose-invert light\">\n<p>Brandy de poma La cuv\u00e9e &#8220;Etoile&#8221;, que porta el nom d&#8217;una de les \u00faltimes goletes de pesca Paimpol actives, ha estat sotmesa a una meticulosa crian\u00e7a amb b\u00f3tes de roure procedents dels boscos de Llemos\u00ed, reconegudes per les seves qualitats d&#8217;envelliment. Aquesta Fine Bretagne desenvolupa aromes potents i c\u00e0lides, amb notes de poma al forn complementades amb delicades notes llenyoses. Color: Ambre. Nas: una complexitat i intensitat precioses. La poma madura es combina amb lila i pebre en un equilibri harmoni\u00f3s. Boca: un gust inicial incre\u00efblement suau. La rodonesa i la dol\u00e7or persisteixen durant tota l&#8217;experi\u00e8ncia del tast. L&#8217;equilibri de notes de poma, florals i esp\u00e8cies est\u00e0 present en un volum excepcional. Final: notablement llarg, caracteritzat per una dol\u00e7or suau i afruitat. Una lleugera amargor convida a prendre un altre glop.<\/p>\n<\/div>\n<\/div>\n<\/div>\n","protected":false},"featured_media":77306,"comment_status":"open","ping_status":"closed","template":"","meta":{"_acf_changed":false},"product_brand":[],"product_cat":[351,345],"product_tag":[],"class_list":{"0":"post-78420","1":"product","2":"type-product","3":"status-publish","4":"has-post-thumbnail","6":"product_cat-calvados-es-2","7":"product_cat-bebidas-acoholicas-es","9":"first","10":"instock","11":"taxable","12":"shipping-taxable","13":"purchasable","14":"product-type-simple"},"acf":[],"aioseo_notices":[],"jetpack_sharing_enabled":true,"_links":{"self":[{"href":"https:\/\/whisky.ad\/es\/wp-json\/wp\/v2\/product\/78420","targetHints":{"allow":["GET"]}}],"collection":[{"href":"https:\/\/whisky.ad\/es\/wp-json\/wp\/v2\/product"}],"about":[{"href":"https:\/\/whisky.ad\/es\/wp-json\/wp\/v2\/types\/product"}],"replies":[{"embeddable":true,"href":"https:\/\/whisky.ad\/es\/wp-json\/wp\/v2\/comments?post=78420"}],"wp:featuredmedia":[{"embeddable":true,"href":"https:\/\/whisky.ad\/es\/wp-json\/wp\/v2\/media\/77306"}],"wp:attachment":[{"href":"https:\/\/whisky.ad\/es\/wp-json\/wp\/v2\/media?parent=78420"}],"wp:term":[{"taxonomy":"product_brand","embeddable":true,"href":"https:\/\/whisky.ad\/es\/wp-json\/wp\/v2\/product_brand?post=78420"},{"taxonomy":"product_cat","embeddable":true,"href":"https:\/\/whisky.ad\/es\/wp-json\/wp\/v2\/product_cat?post=78420"},{"taxonomy":"product_tag","embeddable":true,"href":"https:\/\/whisky.ad\/es\/wp-json\/wp\/v2\/product_tag?post=78420"}],"curies":[{"name":"wp","href":"https:\/\/api.w.org\/{rel}","templated":true}]}}