{"id":78410,"date":"2023-08-28T10:48:40","date_gmt":"2023-08-28T09:48:40","guid":{"rendered":"https:\/\/whisky.ad\/product\/aalborg-taffel-aqvavit-0-7l-45\/"},"modified":"2024-01-06T17:07:01","modified_gmt":"2024-01-06T16:07:01","slug":"aalborg-taffel-aqvavit-0-7l-45","status":"publish","type":"product","link":"https:\/\/whisky.ad\/es\/producto\/aalborg-taffel-aqvavit-0-7l-45\/","title":{"rendered":"Aalborg Taffel Aqvavit 0.7l 45%"},"content":{"rendered":"","protected":false},"excerpt":{"rendered":"<p>Aalborg Taffel es un Aquavit atemporal, introducido por primera vez en 1846. Esta bebida espirituosa cl\u00e1sica posee una encantadora mezcla de sabores a alcaravea y c\u00edtricos. Su excepcional calidad fue reconocida cuando se le concedi\u00f3 el t\u00edtulo de Mejor Aquavit del Mundo en el Concurso Internacional de Vinos y Espirituosos de 2002.<\/p>\n","protected":false},"featured_media":77279,"comment_status":"open","ping_status":"closed","template":"","meta":{"_acf_changed":false},"product_brand":[],"product_cat":[345,346],"product_tag":[],"class_list":{"0":"post-78410","1":"product","2":"type-product","3":"status-publish","4":"has-post-thumbnail","6":"product_cat-bebidas-acoholicas-es","7":"product_cat-aquavit-es","9":"first","10":"instock","11":"taxable","12":"shipping-taxable","13":"purchasable","14":"product-type-simple"},"acf":[],"aioseo_notices":[],"jetpack_sharing_enabled":true,"_links":{"self":[{"href":"https:\/\/whisky.ad\/es\/wp-json\/wp\/v2\/product\/78410","targetHints":{"allow":["GET"]}}],"collection":[{"href":"https:\/\/whisky.ad\/es\/wp-json\/wp\/v2\/product"}],"about":[{"href":"https:\/\/whisky.ad\/es\/wp-json\/wp\/v2\/types\/product"}],"replies":[{"embeddable":true,"href":"https:\/\/whisky.ad\/es\/wp-json\/wp\/v2\/comments?post=78410"}],"wp:featuredmedia":[{"embeddable":true,"href":"https:\/\/whisky.ad\/es\/wp-json\/wp\/v2\/media\/77279"}],"wp:attachment":[{"href":"https:\/\/whisky.ad\/es\/wp-json\/wp\/v2\/media?parent=78410"}],"wp:term":[{"taxonomy":"product_brand","embeddable":true,"href":"https:\/\/whisky.ad\/es\/wp-json\/wp\/v2\/product_brand?post=78410"},{"taxonomy":"product_cat","embeddable":true,"href":"https:\/\/whisky.ad\/es\/wp-json\/wp\/v2\/product_cat?post=78410"},{"taxonomy":"product_tag","embeddable":true,"href":"https:\/\/whisky.ad\/es\/wp-json\/wp\/v2\/product_tag?post=78410"}],"curies":[{"name":"wp","href":"https:\/\/api.w.org\/{rel}","templated":true}]}}