{"id":78408,"date":"2023-11-23T15:43:38","date_gmt":"2023-11-23T14:43:38","guid":{"rendered":"https:\/\/whisky.ad\/product\/bladnoch-single-malt-dragon-series-iteracion-i-el-campo\/"},"modified":"2024-01-05T13:08:56","modified_gmt":"2024-01-05T12:08:56","slug":"bladnoch-single-malt-dragon-series-iteracion-i-el-campo","status":"publish","type":"product","link":"https:\/\/whisky.ad\/es\/producto\/bladnoch-single-malt-dragon-series-iteracion-i-el-campo\/","title":{"rendered":"Bladnoch Single Malt Dragon Series Iteraci\u00f3n I &#8220;El Campo&#8221;"},"content":{"rendered":"","protected":false},"excerpt":{"rendered":"<p><strong>Bladnoch Single Malt Dragon Series Iteration I &#8220;The Field&#8221; 46,7% 0,7L.<\/strong><\/p>\n<p>Se vende en un conjunto de 5 iteraciones diferentes<\/p>\n<p>Bladnoch es la destiler\u00eda de whisky escoc\u00e9s de propiedad privada m\u00e1s antigua del mundo, y su legado sigue fluyendo sin interrupci\u00f3n desde 1817. La rica herencia de Bladnoch se remonta a John y Thomas McClelland, a quienes se concedi\u00f3 la preciada licencia para destilar whisky en su granja de Bladnoch, en las Tierras Bajas de Escocia. A lo largo de casi un siglo, las sucesivas generaciones McClelland cultivaron y modernizaron la destiler\u00eda. En su apogeo, el lugar contaba con seis lavaderos y una producci\u00f3n anual de aproximadamente 230.000 litros de alcohol, lo que consolid\u00f3 su estatura como la &#8220;Reina de las Lowlands&#8221;. <strong>NICK SAVAGE<\/strong> <em>EL MASTER DISTILLER<\/em> El Dr. Nick Savage asumi\u00f3 el cargo de Master Distiller en Bladnoch Distillery en 2019, llegando de The Macallan con una impresionante trayectoria. Tras pasar cuatro a\u00f1os en Australia completando su doctorado, Nick mantiene una profunda conexi\u00f3n con las ra\u00edces escocesas y australianas de Bladnoch Distillery. A lo largo de su carrera, la inquebrantable b\u00fasqueda de la perfecci\u00f3n por parte de Nick le ha posicionado como una luminaria de la industria, garantizando la excelencia continua de los Single Malts de Bladnoch. &#8220;El inquebrantable compromiso del equipo de Bladnoch con una calidad sin parang\u00f3n es lo que hace que me sienta incre\u00edblemente emocionado de contribuir al extraordinario futuro de Bladnoch Distillery&#8221;.<\/p>\n<div class=\"flex flex-grow flex-col max-w-full gap-3 gizmo:gap-0\">\n<div class=\"min-h-[20px] text-message flex flex-col items-start gap-3 whitespace-pre-wrap break-words [.text-message+&amp;]:mt-5 overflow-x-auto\" data-message-author-role=\"assistant\" data-message-id=\"67986be6-d9cd-4acf-a71b-e482d6e28247\">\n<div class=\"markdown prose w-full break-words dark:prose-invert dark\">\n<p>La Serie Drag\u00f3n establece un paralelismo con la producci\u00f3n de whisky, mostrando la enorme variabilidad inherente al proceso, aparentemente ca\u00f3tico e impredecible. Sin embargo, gracias a la destreza, los conocimientos y la artesan\u00eda ancestral, cada iteraci\u00f3n culmina en un whisky maravillosamente elaborado. <\/p>\n<hr>\n<p>La Iteraci\u00f3n I es la piedra angular de nuestro whisky. La cebada cosechada en los campos se somete a un meticuloso malteado, dando forma a la materia prima principal de nuestra destiler\u00eda. Incluso antes de que esta esencia bruta llegue a nuestras puertas, encarna las diversas influencias de la naturaleza, el medio ambiente y el propio proceso de malteado.  <\/p>\n<p><strong>NOTAS DE SABOR<\/strong><\/p>\n<ul>\n<li>Pan de molde, c\u00edtrico, refrescante<\/li>\n<\/ul>\n<p><strong>NARIZ<\/strong><\/p>\n<ul>\n<li>Aromas de cebada tostada entrelazados con hierba cortada floral<\/li>\n<\/ul>\n<p><strong>PALADAR<\/strong><\/p>\n<ul>\n<li>Abraza refrescantes manzanas c\u00edtricas y cremosas notas de pan de molde<\/li>\n<\/ul>\n<p><strong>FINALIZAR<\/strong><\/p>\n<ul>\n<li>Termina con una revitalizante y dulce persistencia<\/li>\n<\/ul>\n<p>Strength: 46.7% ABV<\/p>\n<p>Cask types: Refill Bourbon<\/p>\n<\/div>\n<\/div>\n<\/div>\n<div class=\"flex justify-between empty:hidden gizmo:mt-1 gizmo:justify-start gizmo:gap-3 lg:block gizmo:lg:flex\">\n<div class=\"text-gray-400 flex self-end lg:self-center justify-center gizmo:lg:justify-start mt-2 gizmo:mt-0 visible gap-1\"><\/div>\n<\/div>\n","protected":false},"featured_media":77756,"comment_status":"open","ping_status":"closed","template":"","meta":{"_acf_changed":false},"product_brand":[],"product_cat":[319,320,630],"product_tag":[],"class_list":{"0":"post-78408","1":"product","2":"type-product","3":"status-publish","4":"has-post-thumbnail","6":"product_cat-escocia-es","7":"product_cat-bladnoch-es","8":"product_cat-lowland-es","10":"first","11":"instock","12":"taxable","13":"shipping-taxable","14":"purchasable","15":"product-type-simple"},"acf":[],"aioseo_notices":[],"jetpack_sharing_enabled":true,"_links":{"self":[{"href":"https:\/\/whisky.ad\/es\/wp-json\/wp\/v2\/product\/78408","targetHints":{"allow":["GET"]}}],"collection":[{"href":"https:\/\/whisky.ad\/es\/wp-json\/wp\/v2\/product"}],"about":[{"href":"https:\/\/whisky.ad\/es\/wp-json\/wp\/v2\/types\/product"}],"replies":[{"embeddable":true,"href":"https:\/\/whisky.ad\/es\/wp-json\/wp\/v2\/comments?post=78408"}],"wp:featuredmedia":[{"embeddable":true,"href":"https:\/\/whisky.ad\/es\/wp-json\/wp\/v2\/media\/77756"}],"wp:attachment":[{"href":"https:\/\/whisky.ad\/es\/wp-json\/wp\/v2\/media?parent=78408"}],"wp:term":[{"taxonomy":"product_brand","embeddable":true,"href":"https:\/\/whisky.ad\/es\/wp-json\/wp\/v2\/product_brand?post=78408"},{"taxonomy":"product_cat","embeddable":true,"href":"https:\/\/whisky.ad\/es\/wp-json\/wp\/v2\/product_cat?post=78408"},{"taxonomy":"product_tag","embeddable":true,"href":"https:\/\/whisky.ad\/es\/wp-json\/wp\/v2\/product_tag?post=78408"}],"curies":[{"name":"wp","href":"https:\/\/api.w.org\/{rel}","templated":true}]}}