{"id":78399,"date":"2023-11-23T16:03:50","date_gmt":"2023-11-23T15:03:50","guid":{"rendered":"https:\/\/whisky.ad\/product\/bladnoch-single-malt-dragon-series-iteration-iii-the-casks\/"},"modified":"2024-01-05T13:00:09","modified_gmt":"2024-01-05T12:00:09","slug":"bladnoch-single-malt-dragon-series-iteration-iii-the-casks","status":"publish","type":"product","link":"https:\/\/whisky.ad\/es\/producto\/bladnoch-single-malt-dragon-series-iteration-iii-the-casks\/","title":{"rendered":"Bladnoch Single Malt Dragon Series Iteration III &#8220;The Casks&#8221;"},"content":{"rendered":"","protected":false},"excerpt":{"rendered":"<p><strong>Bladnoch Single Malt Dragon Series Iteration III &#8220;The Casks&#8221; 49.9% 0.7L<\/strong><\/p>\n<p>Se vende en un conjunto de 5 iteraciones diferentes<\/p>\n<p>Bladnoch es la destiler\u00eda de whisky escoc\u00e9s de propiedad privada m\u00e1s antigua del mundo, y su legado sigue fluyendo sin interrupci\u00f3n desde 1817. La rica herencia de Bladnoch se remonta a John y Thomas McClelland, a quienes se concedi\u00f3 la preciada licencia para destilar whisky en su granja de Bladnoch, en las Tierras Bajas de Escocia. A lo largo de casi un siglo, las sucesivas generaciones McClelland cultivaron y modernizaron la destiler\u00eda. En su apogeo, el lugar contaba con seis lavaderos y una producci\u00f3n anual de aproximadamente 230.000 litros de alcohol, lo que consolid\u00f3 su estatura como la &#8220;Reina de las Lowlands&#8221;. <strong>NICK SAVAGE<\/strong> <em>EL MASTER DISTILLER<\/em> El Dr. Nick Savage asumi\u00f3 el cargo de Master Distiller en Bladnoch Distillery en 2019, llegando de The Macallan con una impresionante trayectoria. Tras pasar cuatro a\u00f1os en Australia completando su doctorado, Nick mantiene una profunda conexi\u00f3n con las ra\u00edces escocesas y australianas de Bladnoch Distillery. A lo largo de su carrera, la inquebrantable b\u00fasqueda de la perfecci\u00f3n por parte de Nick le ha posicionado como una luminaria de la industria, garantizando la excelencia continua de los Single Malts de Bladnoch. &#8220;El inquebrantable compromiso del equipo de Bladnoch con una calidad sin parang\u00f3n es lo que hace que me sienta incre\u00edblemente emocionado de contribuir al extraordinario futuro de Bladnoch Distillery&#8221;.<\/p>\n<div class=\"flex flex-grow flex-col max-w-full gap-3 gizmo:gap-0\">\n<div class=\"min-h-[20px] text-message flex flex-col items-start gap-3 whitespace-pre-wrap break-words [.text-message+&amp;]:mt-5 overflow-x-auto\" data-message-author-role=\"assistant\" data-message-id=\"7866674f-82ed-442d-870f-2334e6918d8d\">\n<div class=\"markdown prose w-full break-words dark:prose-invert dark\">\n<p>La Serie Drag\u00f3n establece una comparaci\u00f3n con el intrincado proceso de producci\u00f3n del whisky, poniendo de relieve la amplia gama de variabilidad presente, un tapiz de aparente caos e imprevisibilidad. Sin embargo, empleando las habilidades, la sabidur\u00eda y la experiencia de los artesanos actuales, junto con el legado de los que nos precedieron, cada iteraci\u00f3n de esta serie culmina en un whisky magn\u00edficamente elaborado. <\/p>\n<hr>\n<p>La Iteraci\u00f3n III de esta serie arroja luz sobre otra fuente primaria de variabilidad: el arte de la toneler\u00eda. La elaboraci\u00f3n de nuestras barricas exige una meticulosa consideraci\u00f3n de numerosas variables, que abarcan las especies de roble, los entornos de crecimiento y las intrincadas t\u00e9cnicas de tostado, carbonizaci\u00f3n y sazonado. Estos factores ejercen una profunda influencia, similar al efecto mariposa, en el car\u00e1cter final de nuestro whisky, a menos que sean controlados por las manos de expertos toneleros.  <\/p>\n<p><strong>NOTAS DE SABOR<\/strong><\/p>\n<ul>\n<li>Palomitas, especias, riqueza<\/li>\n<\/ul>\n<p><strong>NARIZ<\/strong><\/p>\n<ul>\n<li>Aromas que recuerdan a la canela en rama y al jengibre de ra\u00edz con un fondo de c\u00edtricos<\/li>\n<\/ul>\n<p><strong>PALADAR<\/strong><\/p>\n<ul>\n<li>It exhibits flavours of sultanas intertwined with caramel popcorn and hints of ginger root.<\/li>\n<\/ul>\n<p><strong>FINALIZAR<\/strong><\/p>\n<ul>\n<li>Un calor y un espesor lujosos y prolongados<\/li>\n<\/ul>\n<p>Strength: 49.9% ABV<\/p>\n<p>Tipos de barrica: Bourbon de roble americano de primer llenado y Jerez de roble espa\u00f1ol de primer llenado<\/p>\n<\/div>\n<\/div>\n<\/div>\n","protected":false},"featured_media":77771,"comment_status":"open","ping_status":"closed","template":"","meta":{"_acf_changed":false},"product_brand":[],"product_cat":[319,320,630],"product_tag":[],"class_list":{"0":"post-78399","1":"product","2":"type-product","3":"status-publish","4":"has-post-thumbnail","6":"product_cat-escocia-es","7":"product_cat-bladnoch-es","8":"product_cat-lowland-es","10":"first","11":"instock","12":"taxable","13":"shipping-taxable","14":"purchasable","15":"product-type-simple"},"acf":[],"aioseo_notices":[],"jetpack_sharing_enabled":true,"_links":{"self":[{"href":"https:\/\/whisky.ad\/es\/wp-json\/wp\/v2\/product\/78399","targetHints":{"allow":["GET"]}}],"collection":[{"href":"https:\/\/whisky.ad\/es\/wp-json\/wp\/v2\/product"}],"about":[{"href":"https:\/\/whisky.ad\/es\/wp-json\/wp\/v2\/types\/product"}],"replies":[{"embeddable":true,"href":"https:\/\/whisky.ad\/es\/wp-json\/wp\/v2\/comments?post=78399"}],"wp:featuredmedia":[{"embeddable":true,"href":"https:\/\/whisky.ad\/es\/wp-json\/wp\/v2\/media\/77771"}],"wp:attachment":[{"href":"https:\/\/whisky.ad\/es\/wp-json\/wp\/v2\/media?parent=78399"}],"wp:term":[{"taxonomy":"product_brand","embeddable":true,"href":"https:\/\/whisky.ad\/es\/wp-json\/wp\/v2\/product_brand?post=78399"},{"taxonomy":"product_cat","embeddable":true,"href":"https:\/\/whisky.ad\/es\/wp-json\/wp\/v2\/product_cat?post=78399"},{"taxonomy":"product_tag","embeddable":true,"href":"https:\/\/whisky.ad\/es\/wp-json\/wp\/v2\/product_tag?post=78399"}],"curies":[{"name":"wp","href":"https:\/\/api.w.org\/{rel}","templated":true}]}}