{"id":78396,"date":"2023-11-23T16:13:49","date_gmt":"2023-11-23T15:13:49","guid":{"rendered":"https:\/\/whisky.ad\/product\/bladnoch-single-malt-dragon-series-iteration-iv-the-ageing\/"},"modified":"2024-01-05T12:45:18","modified_gmt":"2024-01-05T11:45:18","slug":"bladnoch-single-malt-dragon-series-iteration-iv-the-ageing","status":"publish","type":"product","link":"https:\/\/whisky.ad\/es\/producto\/bladnoch-single-malt-dragon-series-iteration-iv-the-ageing\/","title":{"rendered":"Bladnoch Single Malt Dragon Series Iteration IV &#8220;The Ageing&#8221;"},"content":{"rendered":"","protected":false},"excerpt":{"rendered":"<p><strong>Bladnoch Dragon Series Iteration IV &#8220;The Ageing&#8221; 51.5% 0.7L.<\/strong><\/p>\n<p>Se vende en un conjunto de 5 iteraciones diferentes<\/p>\n<p>Bladnoch es la destiler\u00eda de whisky escoc\u00e9s de propiedad privada m\u00e1s antigua del mundo, y su legado sigue fluyendo sin interrupci\u00f3n desde 1817. La rica herencia de Bladnoch se remonta a John y Thomas McClelland, a quienes se concedi\u00f3 la preciada licencia para destilar whisky en su granja de Bladnoch, en las Tierras Bajas de Escocia. A lo largo de casi un siglo, las sucesivas generaciones McClelland cultivaron y modernizaron la destiler\u00eda. En su apogeo, el lugar contaba con seis lavaderos y una producci\u00f3n anual de aproximadamente 230.000 litros de alcohol, lo que consolid\u00f3 su estatura como la &#8220;Reina de las Lowlands&#8221;. <strong>NICK SAVAGE<\/strong> <em>EL MASTER DISTILLER<\/em> El Dr. Nick Savage asumi\u00f3 el cargo de Master Distiller en Bladnoch Distillery en 2019, llegando de The Macallan con una impresionante trayectoria. Tras pasar cuatro a\u00f1os en Australia completando su doctorado, Nick mantiene una profunda conexi\u00f3n con las ra\u00edces escocesas y australianas de Bladnoch Distillery. A lo largo de su carrera, la inquebrantable b\u00fasqueda de la perfecci\u00f3n por parte de Nick le ha posicionado como una luminaria de la industria, garantizando la excelencia continua de los Single Malts de Bladnoch. &#8220;El inquebrantable compromiso del equipo de Bladnoch con una calidad sin parang\u00f3n es lo que hace que me sienta incre\u00edblemente emocionado de contribuir al extraordinario futuro de Bladnoch Distillery&#8221;.<\/p>\n<div class=\"flex flex-grow flex-col max-w-full gap-3 gizmo:gap-0\">\n<div class=\"min-h-[20px] text-message flex flex-col items-start gap-3 whitespace-pre-wrap break-words [.text-message+&amp;]:mt-5 overflow-x-auto\" data-message-author-role=\"assistant\" data-message-id=\"672dd541-3973-4b1d-81b0-76b00d04e814\">\n<div class=\"markdown prose w-full break-words dark:prose-invert dark\">\n<p>La Serie Drag\u00f3n establece comparaciones con la intrincada naturaleza de la producci\u00f3n del whisky, revelando la vasta e intrincada variabilidad inherente al proceso, aparentemente ca\u00f3tico e impredecible. Sin embargo, con las habilidades colectivas, el conocimiento y la herencia transmitida por los artesanos a trav\u00e9s de generaciones, cada una de estas iteraciones doradas se transforma en un whisky exquisitamente elaborado <\/p>\n<hr>\n<p>La Iteraci\u00f3n IV se adentra en el proceso m\u00e1s extenso, intrincado y enigm\u00e1tico: la maduraci\u00f3n. Las barricas llenas de alcohol reci\u00e9n hecho emprenden un viaje que abarca a\u00f1os y d\u00e9cadas, entablando una intrincada danza con su entorno y creando un marco impredecible para la evoluci\u00f3n del whisky. Quienes depositan estas barricas las dejan en manos de futuros custodios, que salvaguardar\u00e1n los resultados. La interacci\u00f3n de los ciclos estacionales de temperatura, la humedad, las caracter\u00edsticas de la bodega y la et\u00e9rea &#8220;parte de los \u00e1ngeles&#8221; contribuyen a crear un tapiz de complejidad que hay que gestionar. La b\u00fasqueda de barricas en los rincones m\u00e1s oscuros y fr\u00edos de los almacenes de Bladnoch potencia estos efectos en la Iteraci\u00f3n IV.    <\/p>\n<p><strong>NOTAS DE SABOR<\/strong><\/p>\n<ul>\n<li>Moras, terroso, dulzor meloso<\/li>\n<\/ul>\n<p><strong>NARIZ<\/strong><\/p>\n<ul>\n<li>Roble pulido y miel se entremezclan en un ambiente terroso de almac\u00e9n<\/li>\n<\/ul>\n<p><strong>PALADAR<\/strong><\/p>\n<ul>\n<li>Sabores dulces de roble acompa\u00f1ados de moras terrosas<\/li>\n<\/ul>\n<p><strong>FINALIZAR<\/strong><\/p>\n<ul>\n<li>El dulzor perdura, dejando una sensaci\u00f3n c\u00e1lida y picante<\/li>\n<\/ul>\n<p>Graduaci\u00f3n: 51,5% ABV<\/p>\n<p>Tipo de barrica: Hogshead de vino tinto, Bourbon de primer llenado<\/p>\n<\/div>\n<\/div>\n<\/div>\n<div class=\"flex justify-between empty:hidden gizmo:mt-1 gizmo:justify-start gizmo:gap-3 lg:block gizmo:lg:flex\">\n<div class=\"text-gray-400 flex self-end lg:self-center justify-center gizmo:lg:justify-start mt-2 gizmo:mt-0 visible gap-1\"><\/div>\n<\/div>\n","protected":false},"featured_media":77777,"comment_status":"open","ping_status":"closed","template":"","meta":{"_acf_changed":false},"product_brand":[],"product_cat":[319,320,630],"product_tag":[],"class_list":{"0":"post-78396","1":"product","2":"type-product","3":"status-publish","4":"has-post-thumbnail","6":"product_cat-escocia-es","7":"product_cat-bladnoch-es","8":"product_cat-lowland-es","10":"first","11":"instock","12":"taxable","13":"shipping-taxable","14":"purchasable","15":"product-type-simple"},"acf":[],"aioseo_notices":[],"jetpack_sharing_enabled":true,"_links":{"self":[{"href":"https:\/\/whisky.ad\/es\/wp-json\/wp\/v2\/product\/78396","targetHints":{"allow":["GET"]}}],"collection":[{"href":"https:\/\/whisky.ad\/es\/wp-json\/wp\/v2\/product"}],"about":[{"href":"https:\/\/whisky.ad\/es\/wp-json\/wp\/v2\/types\/product"}],"replies":[{"embeddable":true,"href":"https:\/\/whisky.ad\/es\/wp-json\/wp\/v2\/comments?post=78396"}],"wp:featuredmedia":[{"embeddable":true,"href":"https:\/\/whisky.ad\/es\/wp-json\/wp\/v2\/media\/77777"}],"wp:attachment":[{"href":"https:\/\/whisky.ad\/es\/wp-json\/wp\/v2\/media?parent=78396"}],"wp:term":[{"taxonomy":"product_brand","embeddable":true,"href":"https:\/\/whisky.ad\/es\/wp-json\/wp\/v2\/product_brand?post=78396"},{"taxonomy":"product_cat","embeddable":true,"href":"https:\/\/whisky.ad\/es\/wp-json\/wp\/v2\/product_cat?post=78396"},{"taxonomy":"product_tag","embeddable":true,"href":"https:\/\/whisky.ad\/es\/wp-json\/wp\/v2\/product_tag?post=78396"}],"curies":[{"name":"wp","href":"https:\/\/api.w.org\/{rel}","templated":true}]}}