{"id":78393,"date":"2023-12-05T10:14:13","date_gmt":"2023-12-05T09:14:13","guid":{"rendered":"https:\/\/whisky.ad\/product\/conac-ae-dor-extra-30-yo-grande-champagne\/"},"modified":"2023-12-07T12:00:47","modified_gmt":"2023-12-07T11:00:47","slug":"conac-ae-dor-extra-30-yo-grande-champagne","status":"publish","type":"product","link":"https:\/\/whisky.ad\/es\/producto\/conac-ae-dor-extra-30-yo-grande-champagne\/","title":{"rendered":"Co\u00f1ac AE DOR Extra 30 YO Grande Champagne"},"content":{"rendered":"","protected":false},"excerpt":{"rendered":"<div class=\"flex flex-grow flex-col max-w-full\">\n<div class=\"min-h-[20px] text-message flex flex-col items-start gap-3 whitespace-pre-wrap break-words [.text-message+&amp;]:mt-5 overflow-x-auto\" data-message-author-role=\"assistant\" data-message-id=\"397c8976-5d28-43c3-8c1e-f42e8c647a1c\">\n<div class=\"markdown prose w-full break-words dark:prose-invert dark\">\n<p><strong>Co\u00f1ac AE DOR Extra 30 YO Grande Champagne<\/strong><\/p>\n<p>El co\u00f1ac A.E. Dor Extra Grande Champagne encarna la sublimidad. Envejecido meticulosamente en peque\u00f1as barricas dentro de una bodega h\u00fameda, este co\u00f1ac de calidad premier cru &#8220;extra&#8221; cautiva desde el primer momento.  Envuelto en un espl\u00e9ndido decantador y un estuche de presentaci\u00f3n, luce un cautivador matiz profundo que s\u00f3lo posee un co\u00f1ac aut\u00e9nticamente bien a\u00f1ejado. La odisea sensorial contin\u00faa con un bouquet de violetas, vainilla y cacao. Para los curiosos del esquivo aroma y sabor del &#8220;rancio&#8221;, este ejemplar lo exhibe de forma impecable. Para quienes no conozcan los co\u00f1acs de A.E. Dor, este ejemplar es un testimonio de la excepcional talla de esta casa. Con un inventario de aguardientes anterior a la crisis de la filoxera de finales del siglo XIX, esta casa no s\u00f3lo encarna una rica historia, sino que tambi\u00e9n mantiene una extraordinaria bodega para elaborar co\u00f1acs sin parang\u00f3n. Le aseguramos que una vez que saboree un co\u00f1ac de A.E. Dor, volver\u00e1 a por m\u00e1s.<\/p>\n<\/div>\n<\/div>\n<\/div>\n","protected":false},"featured_media":78209,"comment_status":"open","ping_status":"closed","template":"","meta":{"_acf_changed":false},"product_brand":[],"product_cat":[339,340],"product_tag":[],"class_list":{"0":"post-78393","1":"product","2":"type-product","3":"status-publish","4":"has-post-thumbnail","6":"product_cat-raro-y-coleccionable","7":"product_cat-cognac-armagnac-brandy-es","9":"first","10":"instock","11":"taxable","12":"shipping-taxable","13":"purchasable","14":"product-type-simple"},"acf":[],"aioseo_notices":[],"jetpack_sharing_enabled":true,"_links":{"self":[{"href":"https:\/\/whisky.ad\/es\/wp-json\/wp\/v2\/product\/78393","targetHints":{"allow":["GET"]}}],"collection":[{"href":"https:\/\/whisky.ad\/es\/wp-json\/wp\/v2\/product"}],"about":[{"href":"https:\/\/whisky.ad\/es\/wp-json\/wp\/v2\/types\/product"}],"replies":[{"embeddable":true,"href":"https:\/\/whisky.ad\/es\/wp-json\/wp\/v2\/comments?post=78393"}],"wp:featuredmedia":[{"embeddable":true,"href":"https:\/\/whisky.ad\/es\/wp-json\/wp\/v2\/media\/78209"}],"wp:attachment":[{"href":"https:\/\/whisky.ad\/es\/wp-json\/wp\/v2\/media?parent=78393"}],"wp:term":[{"taxonomy":"product_brand","embeddable":true,"href":"https:\/\/whisky.ad\/es\/wp-json\/wp\/v2\/product_brand?post=78393"},{"taxonomy":"product_cat","embeddable":true,"href":"https:\/\/whisky.ad\/es\/wp-json\/wp\/v2\/product_cat?post=78393"},{"taxonomy":"product_tag","embeddable":true,"href":"https:\/\/whisky.ad\/es\/wp-json\/wp\/v2\/product_tag?post=78393"}],"curies":[{"name":"wp","href":"https:\/\/api.w.org\/{rel}","templated":true}]}}