{"id":77793,"date":"2023-11-23T16:20:20","date_gmt":"2023-11-23T15:20:20","guid":{"rendered":"https:\/\/whisky.ad\/product\/bladnoch-single-malt-dragon-series-iteracion-v-la-decision\/"},"modified":"2024-01-05T12:33:52","modified_gmt":"2024-01-05T11:33:52","slug":"bladnoch-single-malt-dragon-series-iteracion-v-la-decision","status":"publish","type":"product","link":"https:\/\/whisky.ad\/es\/producto\/bladnoch-single-malt-dragon-series-iteracion-v-la-decision\/","title":{"rendered":"Bladnoch Single Malt Dragon Series Iteraci\u00f3n V &#8220;La Decisi\u00f3n&#8221;"},"content":{"rendered":"","protected":false},"excerpt":{"rendered":"<p><strong>Bladnoch Single Malt Dragon Series Iteraci\u00f3n V &#8220;La Decisi\u00f3n&#8221; 53,1% 0,7l.<\/strong><\/p>\n<p>Se vende en un conjunto de 5 iteraciones diferentes<\/p>\n<p>Bladnoch es la destiler\u00eda de whisky escoc\u00e9s de propiedad privada m\u00e1s antigua del mundo, y su legado sigue fluyendo sin interrupci\u00f3n desde 1817. La rica herencia de Bladnoch se remonta a John y Thomas McClelland, a quienes se concedi\u00f3 la preciada licencia para destilar whisky en su granja de Bladnoch, en las Tierras Bajas de Escocia. A lo largo de casi un siglo, las sucesivas generaciones McClelland cultivaron y modernizaron la destiler\u00eda. En su apogeo, el lugar contaba con seis lavaderos y una producci\u00f3n anual de aproximadamente 230.000 litros de alcohol, lo que consolid\u00f3 su estatura como la &#8220;Reina de las Lowlands&#8221;. <strong>NICK SAVAGE<\/strong> <em>EL MASTER DISTILLER<\/em> El Dr. Nick Savage asumi\u00f3 el cargo de Master Distiller en Bladnoch Distillery en 2019, llegando de The Macallan con una impresionante trayectoria. Tras pasar cuatro a\u00f1os en Australia completando su doctorado, Nick mantiene una profunda conexi\u00f3n con las ra\u00edces escocesas y australianas de Bladnoch Distillery. A lo largo de su carrera, la inquebrantable b\u00fasqueda de la perfecci\u00f3n por parte de Nick le ha posicionado como una luminaria de la industria, garantizando la excelencia continua de los Single Malts de Bladnoch. &#8220;El inquebrantable compromiso del equipo de Bladnoch con una calidad sin parang\u00f3n es lo que hace que me sienta incre\u00edblemente emocionado de contribuir al extraordinario futuro de Bladnoch Distillery&#8221;.<\/p>\n<div class=\"flex flex-grow flex-col max-w-full gap-3 gizmo:gap-0\">\n<div class=\"min-h-[20px] text-message flex flex-col items-start gap-3 whitespace-pre-wrap break-words [.text-message+&amp;]:mt-5 overflow-x-auto\" data-message-author-role=\"assistant\" data-message-id=\"59f022bc-a9bd-4bac-9917-7a9fca41e103\">\n<div class=\"markdown prose w-full break-words dark:prose-invert dark\">\n<p>Dragon Series establece paralelismos con la intrincada naturaleza de la producci\u00f3n de whisky, revelando la amplia variabilidad inherente al proceso: un aparente tapiz de caos e imprevisibilidad. Sin embargo, aprovechar las habilidades, el conocimiento y la experiencia de los artesanos de hoy, as\u00ed como el legado transmitido de generaci\u00f3n en generaci\u00f3n, garantiza que cada versi\u00f3n dorada culmine en un whisky bellamente elaborado. <\/p>\n<hr>\n<p>La iteraci\u00f3n V traslada el enfoque al coraz\u00f3n de la creaci\u00f3n del whisky: la sala de muestras, donde se desarrollan las decisiones cr\u00edticas que dan forma a nuestros productos finales. Aqu\u00ed, cada part\u00edcula de variabilidad e imprevisibilidad se sopesa meticulosamente, salvaguardando los intereses del ma\u00f1ana y al mismo tiempo armonizando las demandas actuales de una experiencia consistente y sostenible para todos. Estos pasos finales resumen la complejidad encontrada hasta ahora, simplific\u00e1ndola con oportunidades innovadoras y la capacidad de seleccionar acciones con vencimiento flexible. El objetivo sigue siendo garantizar que las fluctuaciones y la imprevisibilidad encontradas en la curva del proceso hasta este punto pasen desapercibidas cuando se toman las decisiones correctas.   <\/p>\n<p><strong>NOTAS DE SABOR<\/strong><\/p>\n<ul>\n<li>Uvas trituradas, crema de caf\u00e9, albaricoques<\/li>\n<\/ul>\n<p><strong>NARIZ<\/strong><\/p>\n<ul>\n<li>Aromas que recuerdan a uvas rojas trituradas mezcladas con cremas de caf\u00e9.<\/li>\n<\/ul>\n<p><strong>PALADAR<\/strong><\/p>\n<ul>\n<li>Revela sabores de crema de caf\u00e9 junto con albaricoques, complementados con un toque de nuez moscada.<\/li>\n<\/ul>\n<p><strong>FINALIZAR<\/strong><\/p>\n<ul>\n<li>Una conclusi\u00f3n espesa y duradera<\/li>\n<\/ul>\n<p>Fuerza: 53,1% ABV Tipos de barricas: barricas de vino h\u00fangaro Tokaji, barricas de jerez Canasta espa\u00f1olas<\/p>\n<\/div>\n<\/div>\n<\/div>\n<div class=\"flex justify-between empty:hidden gizmo:mt-1 gizmo:justify-start gizmo:gap-3 lg:block gizmo:lg:flex\">\n<div class=\"text-gray-400 flex self-end lg:self-center justify-center gizmo:lg:justify-start mt-2 gizmo:mt-0 visible gap-1\"><\/div>\n<\/div>\n","protected":false},"featured_media":77783,"comment_status":"open","ping_status":"closed","template":"","meta":{"_acf_changed":false},"product_brand":[],"product_cat":[319,320,630],"product_tag":[],"class_list":{"0":"post-77793","1":"product","2":"type-product","3":"status-publish","4":"has-post-thumbnail","6":"product_cat-escocia-es","7":"product_cat-bladnoch-es","8":"product_cat-lowland-es","10":"first","11":"instock","12":"purchasable","13":"product-type-simple"},"acf":[],"aioseo_notices":[],"jetpack_sharing_enabled":true,"_links":{"self":[{"href":"https:\/\/whisky.ad\/es\/wp-json\/wp\/v2\/product\/77793","targetHints":{"allow":["GET"]}}],"collection":[{"href":"https:\/\/whisky.ad\/es\/wp-json\/wp\/v2\/product"}],"about":[{"href":"https:\/\/whisky.ad\/es\/wp-json\/wp\/v2\/types\/product"}],"replies":[{"embeddable":true,"href":"https:\/\/whisky.ad\/es\/wp-json\/wp\/v2\/comments?post=77793"}],"wp:featuredmedia":[{"embeddable":true,"href":"https:\/\/whisky.ad\/es\/wp-json\/wp\/v2\/media\/77783"}],"wp:attachment":[{"href":"https:\/\/whisky.ad\/es\/wp-json\/wp\/v2\/media?parent=77793"}],"wp:term":[{"taxonomy":"product_brand","embeddable":true,"href":"https:\/\/whisky.ad\/es\/wp-json\/wp\/v2\/product_brand?post=77793"},{"taxonomy":"product_cat","embeddable":true,"href":"https:\/\/whisky.ad\/es\/wp-json\/wp\/v2\/product_cat?post=77793"},{"taxonomy":"product_tag","embeddable":true,"href":"https:\/\/whisky.ad\/es\/wp-json\/wp\/v2\/product_tag?post=77793"}],"curies":[{"name":"wp","href":"https:\/\/api.w.org\/{rel}","templated":true}]}}