{"id":81082,"date":"2025-01-15T15:15:58","date_gmt":"2025-01-15T14:15:58","guid":{"rendered":"https:\/\/whisky.ad\/programa-de-fidelidad\/"},"modified":"2025-01-15T19:11:24","modified_gmt":"2025-01-15T18:11:24","slug":"programa-de-fidelidad","status":"publish","type":"page","link":"https:\/\/whisky.ad\/es\/programa-de-fidelidad\/","title":{"rendered":"PROGRAMA-DE-FIDELIDAD"},"content":{"rendered":"[vc_row full_width=&#8221;stretch_row_content_no_spaces&#8221; content_placement=&#8221;middle&#8221; type=&#8221;full_page_width&#8221; padding_top=&#8221;&#8221; padding_bottom=&#8221;&#8221;][vc_column][layerslider_vc id=&#8221;5&#8243;][\/vc_column][\/vc_row][vc_row type=&#8221;container&#8221; padding_top=&#8221;&#8221; padding_bottom=&#8221;&#8221;][vc_column width=&#8221;2\/3&#8243;][vc_custom_heading text=&#8221;PROGRAMA DE FIDELIDAD&#8221; font_container=&#8221;tag:h2|font_size:30|text_align:center|color:%23000000&#8243;][\/vc_column][vc_column width=&#8221;1\/3&#8243;][vc_btn title=&#8221;\u00a1Aplica aqu\u00ed, es gratis!&#8221; color=&#8221;orange&#8221; size=&#8221;lg&#8221; link=&#8221;url:https%3A%2F%2Fwhisky.ad%2Fapply-for-our-loyalty-program%2F|title:Aplica%20para%20nuestro%20programa%20de%20fidelidad|&#8221;][\/vc_column][\/vc_row][vc_row type=&#8221;container&#8221; padding_top=&#8221;&#8221; padding_bottom=&#8221;&#8221;][vc_column][vc_column_text]<strong>Programa de Fidelidad Luxury Spirits &amp; Luxury Watches Andorra<\/strong><\/p>\n<p><strong>\u00danete ahora<\/strong>: Reg\u00edstrate en nuestro programa de fidelidad y recibir\u00e1s un regalo de bienvenida en nuestra tienda. Comenzar\u00e1s a acumular puntos con tu primera compra.<\/p>\n<p><strong>Sistema de puntos<\/strong>: Gana puntos por cada euro gastado (excluyendo impuestos). Los puntos pueden canjearse por descuentos, productos gratis u ofertas exclusivas.<\/p>\n<p><strong>Niveles de Membres\u00eda<\/strong>:<\/p>\n<p><span style=\"color: #993300;\"><strong>MIEMBRO BRONCE<\/strong><\/span>: Gana 0,5 puntos por cada euro gastado<\/p>\n<p><span style=\"color: #808080;\"><strong>MIEMBRO PLATA<\/strong><\/span>: Gana 1 punto por cada euro gastado por encima de los 500 \u20ac al a\u00f1o.<\/p>\n<p><span style=\"color: #ffcc00;\"><strong>MIEMBRO ORO<\/strong><\/span>: Gana 1,5 puntos por cada euro gastado por encima de los 1000 \u20ac al a\u00f1o.<\/p>\n<p><span style=\"color: #999999;\"><strong>MIEMBRO PLATINO<\/strong><\/span>: Gana 2 puntos por cada euro gastado por encima de los 2.000 \u20ac al a\u00f1o.<\/p>\n<p><strong>Trae o recomienda a tus amigos \/ colegas<\/strong>:<\/p>\n<p>Gana 200 puntos*\u00b9 por cada nuevo cliente que traigas.<\/p>\n<p><strong>Beneficios Exclusivos<\/strong>:<\/p>\n<p><strong>Miembros Oro y Platino<\/strong>:<\/p>\n<ul>\n<li>Acceso a eventos exclusivos para miembros, como catas de vino\/whisky y clases de mixolog\u00eda.<\/li>\n<li>Acceso anticipado a las novedades y productos de edici\u00f3n limitada.<\/li>\n<li>Recomendaciones personalizadas basadas en tu historial de compras.<\/li>\n<\/ul>\n<p><strong>Miembros Platino<\/strong>:<\/p>\n<ul>\n<li>Acceso gratuito a nuestro bar abierto para 2 personas.<\/li>\n<li>Invitaci\u00f3n VIP para visitas a destiler\u00edas y eventos exclusivos (excluyendo los costos de transporte y alojamiento).<\/li>\n<\/ul>\n<p><strong>Canje<\/strong>: Los puntos pueden canjearse en l\u00ednea o en la tienda. Para canjearlos, presenta tu tarjeta de membres\u00eda.<\/p>\n<p><strong>Canje en nuestra oferta principal<\/strong>, que incluye la mayor\u00eda de nuestros productos (excepto la lista 1 y art\u00edculos de edici\u00f3n limitada o de colecci\u00f3n):<\/p>\n<ul>\n<li>100 puntos = 3 \u20ac de descuento en tu pr\u00f3xima compra o un regalo sorpresa.<\/li>\n<li>200 puntos = 6 \u20ac de descuento en tu pr\u00f3xima compra.<\/li>\n<li>500 puntos = 15 \u20ac de descuento en tu pr\u00f3xima compra.<\/li>\n<\/ul>\n<p><strong>Canje en nuestra oferta competitiva<\/strong> (que incluye la lista 1 y art\u00edculos de edici\u00f3n limitada o de colecci\u00f3n):<\/p>\n<ul>\n<li>100 puntos = 2 \u20ac de descuento en tu pr\u00f3xima compra.<\/li>\n<li>200 puntos = 4 \u20ac de descuento en tu pr\u00f3xima compra.<\/li>\n<li>500 puntos = 10 \u20ac de descuento en tu pr\u00f3xima compra.<\/li>\n<\/ul>\n<p><strong>Caducidad<\/strong>: Los puntos caducan si no se usan dentro de los 12 meses. Las cuentas se vuelven inactivas si no hay actividad durante 12 meses consecutivos.<\/p>\n<p><strong>Privacidad<\/strong>: Tu informaci\u00f3n personal se mantiene confidencial y se utiliza \u00fanicamente para el programa de fidelidad. No compartimos tus datos con terceros sin tu consentimiento.<\/p>\n<p><strong>T\u00e9rminos y condiciones<\/strong>: Nos reservamos el derecho de modificar los t\u00e9rminos del programa, suspender cuentas por violaciones o cancelar membres\u00edas bajo ciertas condiciones.<\/p>\n<p>*\u00b9 Si el nuevo cliente realiza compras por 50 \u20ac o m\u00e1s dentro de 1 a\u00f1o.<\/p>\n<p><strong>Lista 1<\/strong>:<\/p>\n<ul>\n<li>J W Double Black<\/li>\n<li>J W Gold Label<\/li>\n<li>Macallan 12<\/li>\n<li>Macallan Rare<\/li>\n<li>Macallan 15 Doub Cask<\/li>\n<li>Macallan 18<\/li>\n<li>Highland Park 18<\/li>\n<li>Tomatin 14<\/li>\n<li>Tomatin 18<\/li>\n<li>Kavalan distillery select no2<\/li>\n<li>Kavalan single malt whisky<\/li>\n<li>Cardhu 18<\/li>\n<li>Redbreast 15<\/li>\n<li>Knappogue Castle 12 Marsala<\/li>\n<li>Bushmills 10<\/li>\n<li>Bushmills 16<\/li>\n<li>Bushmills 21<\/li>\n<li>Green Spot<\/li>\n<li>Yellow Spot 12<\/li>\n<li>Hennessy XO<\/li>\n<li>Tequila 1800 anejo<\/li>\n<li>Jack Daniels single barrel<\/li>\n<li>Veuve Clicquot Ros\u00e9<\/li>\n<li>Deutz Brut Classic<\/li>\n<li>Barcelo Imperial onyx<\/li>\n<li>Cubaney 25<\/li>\n<li>Diplomatico Reserva Exclusiva<\/li>\n<li>El Dorado 8 YO<\/li>\n<li>Olivers Esquisito 1985<\/li>\n<li>Mount Gay XO triple cask<\/li>\n<li>Zacapa 23<\/li>\n<li>Zacapa Edition Negra<\/li>\n<li>Zacapa XO<\/li>\n<li>Don Papa Mascara<\/li>\n<\/ul>\n<p><strong>Y actualizado de vez en cuando<\/strong>[\/vc_column_text][\/vc_column][\/vc_row]\n","protected":false},"excerpt":{"rendered":"<p>[vc_row full_width=&#8221;stretch_row_content_no_spaces&#8221; content_placement=&#8221;middle&#8221; type=&#8221;full_page_width&#8221; padding_top=&#8221;&#8221; padding_bottom=&#8221;&#8221;][vc_column][layerslider_vc id=&#8221;5&#8243;][\/vc_column][\/vc_row][vc_row type=&#8221;container&#8221; padding_top=&#8221;&#8221; padding_bottom=&#8221;&#8221;][vc_column width=&#8221;2\/3&#8243;][vc_custom_heading text=&#8221;PROGRAMA DE FIDELIDAD&#8221; font_container=&#8221;tag:h2|font_size:30|text_align:center|color:%23000000&#8243;][\/vc_column][vc_column width=&#8221;1\/3&#8243;][vc_btn title=&#8221;\u00a1Aplica aqu\u00ed, es gratis!&#8221; color=&#8221;orange&#8221; size=&#8221;lg&#8221; link=&#8221;url:https%3A%2F%2Fwhisky.ad%2Fapply-for-our-loyalty-program%2F|title:Aplica%20para%20nuestro%20programa%20de%20fidelidad|&#8221;][\/vc_column][\/vc_row][vc_row type=&#8221;container&#8221; padding_top=&#8221;&#8221; padding_bottom=&#8221;&#8221;][vc_column][vc_column_text]Programa de Fidelidad Luxury Spirits &amp; Luxury Watches Andorra \u00danete ahora: Reg\u00edstrate en nuestro programa de fidelidad y recibir\u00e1s un regalo de bienvenida en nuestra tienda. Comenzar\u00e1s a acumular puntos [&hellip;]<\/p>\n","protected":false},"author":1,"featured_media":0,"parent":0,"menu_order":0,"comment_status":"closed","ping_status":"closed","template":"page-full-width.php","meta":{"_acf_changed":false,"footnotes":""},"class_list":["post-81082","page","type-page","status-publish","hentry"],"acf":[],"aioseo_notices":[],"jetpack_sharing_enabled":true,"jetpack_shortlink":"https:\/\/wp.me\/PemYjf-l5M","_links":{"self":[{"href":"https:\/\/whisky.ad\/es\/wp-json\/wp\/v2\/pages\/81082","targetHints":{"allow":["GET"]}}],"collection":[{"href":"https:\/\/whisky.ad\/es\/wp-json\/wp\/v2\/pages"}],"about":[{"href":"https:\/\/whisky.ad\/es\/wp-json\/wp\/v2\/types\/page"}],"author":[{"embeddable":true,"href":"https:\/\/whisky.ad\/es\/wp-json\/wp\/v2\/users\/1"}],"replies":[{"embeddable":true,"href":"https:\/\/whisky.ad\/es\/wp-json\/wp\/v2\/comments?post=81082"}],"version-history":[{"count":5,"href":"https:\/\/whisky.ad\/es\/wp-json\/wp\/v2\/pages\/81082\/revisions"}],"predecessor-version":[{"id":81091,"href":"https:\/\/whisky.ad\/es\/wp-json\/wp\/v2\/pages\/81082\/revisions\/81091"}],"wp:attachment":[{"href":"https:\/\/whisky.ad\/es\/wp-json\/wp\/v2\/media?parent=81082"}],"curies":[{"name":"wp","href":"https:\/\/api.w.org\/{rel}","templated":true}]}}