{"id":79596,"date":"2019-10-13T17:36:06","date_gmt":"2019-10-13T16:36:06","guid":{"rendered":"https:\/\/whisky.ad\/ginebra\/"},"modified":"2023-12-18T16:38:44","modified_gmt":"2023-12-18T15:38:44","slug":"ginebra","status":"publish","type":"page","link":"https:\/\/whisky.ad\/es\/ginebra\/","title":{"rendered":"Ginebra"},"content":{"rendered":"[vc_row type=&#8221;full_page_width&#8221; padding_top=&#8221;&#8221; padding_bottom=&#8221;&#8221;][vc_column][layerslider_vc id=&#8221;10&#8243;][\/vc_column][\/vc_row][vc_row type=&#8221;container&#8221; padding_top=&#8221;&#8221; padding_bottom=&#8221;&#8221;][vc_column][vc_column_text]<strong>\u00bfDe qu\u00e9 est\u00e1 hecha la ginebra?<br \/>\n<\/strong><br \/>\nHoy responderemos a las preguntas de qu\u00e9 est\u00e1 hecha la ginebra y tambi\u00e9n c\u00f3mo se elabora. \u00bfDe qu\u00e9 est\u00e1 hecha la ginebra? La definici\u00f3n de ginebra: La definici\u00f3n general de ginebra es cualquier bebida espirituosa de base neutra que tenga el enebro como bot\u00e1nico principal, que debe mantener un ABV (alcohol por volumen) m\u00ednimo definido. La UE ha &#8220;definido&#8221; con precisi\u00f3n qu\u00e9 es la &#8220;London Dry Gin&#8221;, qu\u00e9 tipo de residuo sale de ella A continuaci\u00f3n se ofrece una visi\u00f3n general. El principal sabor bot\u00e1nico deben ser las bayas de enebro. Debe utilizar un aguardiente de base neutra (etanol de origen agr\u00edcola) originalmente destilado por encima del 96% ABV luego, debe ser redestilado al menos al 70% GVA. S\u00f3lo puede diluirse hasta una intensidad m\u00ednima del 37,5% en la UE (40% en EE.UU.) tras la destilaci\u00f3n. Sin ingredientes artificiales. No se puede a\u00f1adir ning\u00fan sabor o color adicional despu\u00e9s de la destilaci\u00f3n.<\/p>\n<p><strong>\u00bfCu\u00e1l es la diferencia entre ginebra y vodka?<\/strong><\/p>\n<p>La ginebra es cualquier bebida espirituosa de base neutra, como el vodka, pero la similitud termina aqu\u00ed. A continuaci\u00f3n, la ginebra a\u00f1ade una serie de &#8220;bot\u00e1nicos&#8221; (descritos en la secci\u00f3n anterior) y uno de esos bot\u00e1nicos debe ser el enebro. Supongo que por eso probablemente haya visto Vodka de fresa, Vodka de cereza, Vodka de lim\u00f3n, pero nunca Vodka de enebro. Sin embargo, un poco de Google le permitir\u00e1 descubrir que alg\u00fan avispado Alec ha &#8220;inventado&#8221; el vodka de enebro, aunque en la etiqueta siga diciendo que la ginebra cubre todos los \u00e1ngulos del marketing. B\u00e1sicamente, es una ginebra (o vodka) que no tiene m\u00e1s bot\u00e1nico que el enebro.<\/p>\n[\/vc_column_text][\/vc_column][\/vc_row][vc_row type=&#8221;full_page_width_inner_container&#8221; padding_top=&#8221;&#8221; padding_bottom=&#8221;&#8221;][vc_column]<div class=\"woocommerce columns-3 \"><ul class=\"products columns-3\">\n<li class=\"product type-product post-80758 status-publish first instock product_cat-ginebra has-post-thumbnail taxable shipping-taxable purchasable product-type-simple\">\n\t<a href=\"https:\/\/whisky.ad\/es\/producto\/ben-lomond-ginebra-escocesa-de-naranja-sanguina-y-pomelo-rosado-07-l-38\/\" class=\"woocommerce-LoopProduct-link woocommerce-loop-product__link\"><img loading=\"lazy\" decoding=\"async\" width=\"300\" height=\"300\" src=\"https:\/\/whisky.ad\/wp-content\/uploads\/2024\/09\/blood-orange-pink-grapefruit-gin-490199_800x-300x300.webp\" class=\"attachment-woocommerce_thumbnail size-woocommerce_thumbnail\" alt=\"Ben Lomond Ginebra escocesa de naranja sanguina y pomelo rosado 0,7 l 38 %\" srcset=\"https:\/\/whisky.ad\/wp-content\/uploads\/2024\/09\/blood-orange-pink-grapefruit-gin-490199_800x-300x300.webp 300w, https:\/\/whisky.ad\/wp-content\/uploads\/2024\/09\/blood-orange-pink-grapefruit-gin-490199_800x-500x500.webp 500w, https:\/\/whisky.ad\/wp-content\/uploads\/2024\/09\/blood-orange-pink-grapefruit-gin-490199_800x-100x100.webp 100w, https:\/\/whisky.ad\/wp-content\/uploads\/2024\/09\/blood-orange-pink-grapefruit-gin-490199_800x-150x150.webp 150w, https:\/\/whisky.ad\/wp-content\/uploads\/2024\/09\/blood-orange-pink-grapefruit-gin-490199_800x-768x768.webp 768w, https:\/\/whisky.ad\/wp-content\/uploads\/2024\/09\/blood-orange-pink-grapefruit-gin-490199_800x-1024x1024.webp 1024w\" sizes=\"auto, (max-width: 300px) 100vw, 300px\" \/><h2 class=\"woocommerce-loop-product__title\">Ben Lomond Ginebra escocesa de naranja sanguina y pomelo rosado 0,7 l 38 %<\/h2>\n\t<span class=\"price\"><span class=\"woocommerce-Price-amount amount\"><bdi><span class=\"woocommerce-Price-currencySymbol\">&euro;<\/span>26.95<\/bdi><\/span><\/span>\n<\/a><a href=\"\/es\/wp-json\/wp\/v2\/pages\/79596?add-to-cart=80758\" aria-describedby=\"woocommerce_loop_add_to_cart_link_describedby_80758\" data-quantity=\"1\" class=\"button product_type_simple add_to_cart_button ajax_add_to_cart\" data-product_id=\"80758\" data-product_sku=\"\" aria-label=\"A\u00f1adir al carrito: &ldquo;Ben Lomond Ginebra escocesa de naranja sanguina y pomelo rosado 0,7 l 38 %&rdquo;\" rel=\"nofollow\" data-success_message=\"\u00abBen Lomond Ginebra escocesa de naranja sanguina y pomelo rosado 0,7 l 38 %\u00bb se ha a\u00f1adido a tu carrito\" title=\"Minimum qty is 1\">A\u00f1adir al carrito<\/a>\t<span id=\"woocommerce_loop_add_to_cart_link_describedby_80758\" class=\"screen-reader-text\">\n\t\t\t<\/span>\n<\/li>\n<li class=\"product type-product post-80755 status-publish instock product_cat-ginebra has-post-thumbnail taxable shipping-taxable purchasable product-type-simple\">\n\t<a href=\"https:\/\/whisky.ad\/es\/producto\/ben-lomond-ginebra-de-mora-y-grosella-07l-38\/\" class=\"woocommerce-LoopProduct-link woocommerce-loop-product__link\"><img loading=\"lazy\" decoding=\"async\" width=\"300\" height=\"300\" src=\"https:\/\/whisky.ad\/wp-content\/uploads\/2024\/09\/ben-lomond-blackberry-gooseberry-gin-505903_600x-300x300.webp\" class=\"attachment-woocommerce_thumbnail size-woocommerce_thumbnail\" alt=\"Ben Lomond Ginebra de mora y grosella 07l 38%\" srcset=\"https:\/\/whisky.ad\/wp-content\/uploads\/2024\/09\/ben-lomond-blackberry-gooseberry-gin-505903_600x-300x300.webp 300w, https:\/\/whisky.ad\/wp-content\/uploads\/2024\/09\/ben-lomond-blackberry-gooseberry-gin-505903_600x-500x500.webp 500w, https:\/\/whisky.ad\/wp-content\/uploads\/2024\/09\/ben-lomond-blackberry-gooseberry-gin-505903_600x-100x100.webp 100w, https:\/\/whisky.ad\/wp-content\/uploads\/2024\/09\/ben-lomond-blackberry-gooseberry-gin-505903_600x-150x150.webp 150w, https:\/\/whisky.ad\/wp-content\/uploads\/2024\/09\/ben-lomond-blackberry-gooseberry-gin-505903_600x-768x768.webp 768w, https:\/\/whisky.ad\/wp-content\/uploads\/2024\/09\/ben-lomond-blackberry-gooseberry-gin-505903_600x-1024x1024.webp 1024w\" sizes=\"auto, (max-width: 300px) 100vw, 300px\" \/><h2 class=\"woocommerce-loop-product__title\">Ben Lomond Ginebra de mora y grosella 07l 38%<\/h2>\n\t<span class=\"price\"><span class=\"woocommerce-Price-amount amount\"><bdi><span class=\"woocommerce-Price-currencySymbol\">&euro;<\/span>26.95<\/bdi><\/span><\/span>\n<\/a><a href=\"\/es\/wp-json\/wp\/v2\/pages\/79596?add-to-cart=80755\" aria-describedby=\"woocommerce_loop_add_to_cart_link_describedby_80755\" data-quantity=\"1\" class=\"button product_type_simple add_to_cart_button ajax_add_to_cart\" data-product_id=\"80755\" data-product_sku=\"\" aria-label=\"A\u00f1adir al carrito: &ldquo;Ben Lomond Ginebra de mora y grosella 07l 38%&rdquo;\" rel=\"nofollow\" data-success_message=\"\u00abBen Lomond Ginebra de mora y grosella 07l 38%\u00bb se ha a\u00f1adido a tu carrito\" title=\"Minimum qty is 1\">A\u00f1adir al carrito<\/a>\t<span id=\"woocommerce_loop_add_to_cart_link_describedby_80755\" class=\"screen-reader-text\">\n\t\t\t<\/span>\n<\/li>\n<li class=\"product type-product post-80752 status-publish last instock product_cat-ginebra has-post-thumbnail taxable shipping-taxable purchasable product-type-simple\">\n\t<a href=\"https:\/\/whisky.ad\/es\/producto\/ben-lomond-ginebra-de-frambuesa-y-flor-de-sauco-0-7l-38\/\" class=\"woocommerce-LoopProduct-link woocommerce-loop-product__link\"><img loading=\"lazy\" decoding=\"async\" width=\"300\" height=\"300\" src=\"https:\/\/whisky.ad\/wp-content\/uploads\/2024\/09\/raspberry-elderflower-gin-266580_600x-300x300.webp\" class=\"attachment-woocommerce_thumbnail size-woocommerce_thumbnail\" alt=\"Ben Lomond Ginebra de Frambuesa y flor de sa\u00faco 0.7l 38%\" srcset=\"https:\/\/whisky.ad\/wp-content\/uploads\/2024\/09\/raspberry-elderflower-gin-266580_600x-300x300.webp 300w, https:\/\/whisky.ad\/wp-content\/uploads\/2024\/09\/raspberry-elderflower-gin-266580_600x-500x500.webp 500w, https:\/\/whisky.ad\/wp-content\/uploads\/2024\/09\/raspberry-elderflower-gin-266580_600x-100x100.webp 100w, https:\/\/whisky.ad\/wp-content\/uploads\/2024\/09\/raspberry-elderflower-gin-266580_600x-150x150.webp 150w, https:\/\/whisky.ad\/wp-content\/uploads\/2024\/09\/raspberry-elderflower-gin-266580_600x-768x768.webp 768w, https:\/\/whisky.ad\/wp-content\/uploads\/2024\/09\/raspberry-elderflower-gin-266580_600x-1024x1024.webp 1024w\" sizes=\"auto, (max-width: 300px) 100vw, 300px\" \/><h2 class=\"woocommerce-loop-product__title\">Ben Lomond Ginebra de Frambuesa y flor de sa\u00faco 0.7l 38%<\/h2>\n\t<span class=\"price\"><span class=\"woocommerce-Price-amount amount\"><bdi><span class=\"woocommerce-Price-currencySymbol\">&euro;<\/span>26.95<\/bdi><\/span><\/span>\n<\/a><a href=\"\/es\/wp-json\/wp\/v2\/pages\/79596?add-to-cart=80752\" aria-describedby=\"woocommerce_loop_add_to_cart_link_describedby_80752\" data-quantity=\"1\" class=\"button product_type_simple add_to_cart_button ajax_add_to_cart\" data-product_id=\"80752\" data-product_sku=\"\" aria-label=\"A\u00f1adir al carrito: &ldquo;Ben Lomond Ginebra de Frambuesa y flor de sa\u00faco 0.7l 38%&rdquo;\" rel=\"nofollow\" data-success_message=\"\u00abBen Lomond Ginebra de Frambuesa y flor de sa\u00faco 0.7l 38%\u00bb se ha a\u00f1adido a tu carrito\" title=\"Minimum qty is 1\">A\u00f1adir al carrito<\/a>\t<span id=\"woocommerce_loop_add_to_cart_link_describedby_80752\" class=\"screen-reader-text\">\n\t\t\t<\/span>\n<\/li>\n<li class=\"product type-product post-79241 status-publish first instock product_cat-bebidas-acoholicas-es product_cat-ginebra product_tag-estonia-es has-post-thumbnail taxable shipping-taxable purchasable product-type-simple\">\n\t<a href=\"https:\/\/whisky.ad\/es\/producto\/crafters-london-dry-gin-0-7l-43\/\" class=\"woocommerce-LoopProduct-link woocommerce-loop-product__link\"><img loading=\"lazy\" decoding=\"async\" width=\"300\" height=\"300\" src=\"https:\/\/whisky.ad\/wp-content\/uploads\/2018\/11\/crafters-london-dry-gin-2-300x300.jpg\" class=\"attachment-woocommerce_thumbnail size-woocommerce_thumbnail\" alt=\"Crafter&#039;s London Dry Gin 0.7L. 43%\" srcset=\"https:\/\/whisky.ad\/wp-content\/uploads\/2018\/11\/crafters-london-dry-gin-2-300x300.jpg 300w, https:\/\/whisky.ad\/wp-content\/uploads\/2018\/11\/crafters-london-dry-gin-2-500x500.jpg 500w, https:\/\/whisky.ad\/wp-content\/uploads\/2018\/11\/crafters-london-dry-gin-2-100x100.jpg 100w, https:\/\/whisky.ad\/wp-content\/uploads\/2018\/11\/crafters-london-dry-gin-2-150x150.jpg 150w, https:\/\/whisky.ad\/wp-content\/uploads\/2018\/11\/crafters-london-dry-gin-2-768x768.jpg 768w, https:\/\/whisky.ad\/wp-content\/uploads\/2018\/11\/crafters-london-dry-gin-2-1024x1024.jpg 1024w\" sizes=\"auto, (max-width: 300px) 100vw, 300px\" \/><h2 class=\"woocommerce-loop-product__title\">Crafter&#8217;s London Dry Gin 0.7L. 43%<\/h2>\n\t<span class=\"price\"><span class=\"woocommerce-Price-amount amount\"><bdi><span class=\"woocommerce-Price-currencySymbol\">&euro;<\/span>23.95<\/bdi><\/span><\/span>\n<\/a><a href=\"\/es\/wp-json\/wp\/v2\/pages\/79596?add-to-cart=79241\" aria-describedby=\"woocommerce_loop_add_to_cart_link_describedby_79241\" data-quantity=\"1\" class=\"button product_type_simple add_to_cart_button ajax_add_to_cart\" data-product_id=\"79241\" data-product_sku=\"\" aria-label=\"A\u00f1adir al carrito: &ldquo;Crafter&#039;s London Dry Gin 0.7L. 43%&rdquo;\" rel=\"nofollow\" data-success_message=\"\u00abCrafter&#039;s London Dry Gin 0.7L. 43%\u00bb se ha a\u00f1adido a tu carrito\" title=\"Minimum qty is 1\">A\u00f1adir al carrito<\/a>\t<span id=\"woocommerce_loop_add_to_cart_link_describedby_79241\" class=\"screen-reader-text\">\n\t\t\t<\/span>\n<\/li>\n<li class=\"product type-product post-79223 status-publish instock product_cat-bebidas-acoholicas-es product_cat-ginebra product_tag-swedish-es has-post-thumbnail taxable shipping-taxable purchasable product-type-simple\">\n\t<a href=\"https:\/\/whisky.ad\/es\/producto\/znaps-of-sweden-ultra-premium-gin-0-7l-40\/\" class=\"woocommerce-LoopProduct-link woocommerce-loop-product__link\"><img loading=\"lazy\" decoding=\"async\" width=\"300\" height=\"300\" src=\"https:\/\/whisky.ad\/wp-content\/uploads\/2018\/11\/znaps-ultra-premium-gin-300x300.jpg\" class=\"attachment-woocommerce_thumbnail size-woocommerce_thumbnail\" alt=\"Znaps of Sweden Ultra Premium Gin 0.7L. 40%\" srcset=\"https:\/\/whisky.ad\/wp-content\/uploads\/2018\/11\/znaps-ultra-premium-gin-300x300.jpg 300w, https:\/\/whisky.ad\/wp-content\/uploads\/2018\/11\/znaps-ultra-premium-gin-500x500.jpg 500w, https:\/\/whisky.ad\/wp-content\/uploads\/2018\/11\/znaps-ultra-premium-gin-100x100.jpg 100w, https:\/\/whisky.ad\/wp-content\/uploads\/2018\/11\/znaps-ultra-premium-gin-150x150.jpg 150w, https:\/\/whisky.ad\/wp-content\/uploads\/2018\/11\/znaps-ultra-premium-gin-768x768.jpg 768w, https:\/\/whisky.ad\/wp-content\/uploads\/2018\/11\/znaps-ultra-premium-gin-1024x1024.jpg 1024w\" sizes=\"auto, (max-width: 300px) 100vw, 300px\" \/><h2 class=\"woocommerce-loop-product__title\">Znaps of Sweden Ultra Premium Gin 0.7L. 40%<\/h2>\n\t<span class=\"price\"><span class=\"woocommerce-Price-amount amount\"><bdi><span class=\"woocommerce-Price-currencySymbol\">&euro;<\/span>19.95<\/bdi><\/span><\/span>\n<\/a><a href=\"\/es\/wp-json\/wp\/v2\/pages\/79596?add-to-cart=79223\" aria-describedby=\"woocommerce_loop_add_to_cart_link_describedby_79223\" data-quantity=\"1\" class=\"button product_type_simple add_to_cart_button ajax_add_to_cart\" data-product_id=\"79223\" data-product_sku=\"\" aria-label=\"A\u00f1adir al carrito: &ldquo;Znaps of Sweden Ultra Premium Gin 0.7L. 40%&rdquo;\" rel=\"nofollow\" data-success_message=\"\u00abZnaps of Sweden Ultra Premium Gin 0.7L. 40%\u00bb se ha a\u00f1adido a tu carrito\" title=\"Minimum qty is 1\">A\u00f1adir al carrito<\/a>\t<span id=\"woocommerce_loop_add_to_cart_link_describedby_79223\" class=\"screen-reader-text\">\n\t\t\t<\/span>\n<\/li>\n<li class=\"product type-product post-78925 status-publish last instock product_cat-bebidas-acoholicas-es product_cat-ginebra has-post-thumbnail taxable shipping-taxable purchasable product-type-simple\">\n\t<a href=\"https:\/\/whisky.ad\/es\/producto\/mackmyra-organic-gin-0-7l-40\/\" class=\"woocommerce-LoopProduct-link woocommerce-loop-product__link\"><img loading=\"lazy\" decoding=\"async\" width=\"300\" height=\"300\" src=\"https:\/\/whisky.ad\/wp-content\/uploads\/2020\/01\/mackmyra-organic-gin_-300x300.webp\" class=\"attachment-woocommerce_thumbnail size-woocommerce_thumbnail\" alt=\"Mackmyra Organic Gin 0.7L. 40%\" srcset=\"https:\/\/whisky.ad\/wp-content\/uploads\/2020\/01\/mackmyra-organic-gin_-300x300.webp 300w, https:\/\/whisky.ad\/wp-content\/uploads\/2020\/01\/mackmyra-organic-gin_-500x500.webp 500w, https:\/\/whisky.ad\/wp-content\/uploads\/2020\/01\/mackmyra-organic-gin_-100x100.webp 100w, https:\/\/whisky.ad\/wp-content\/uploads\/2020\/01\/mackmyra-organic-gin_-150x150.webp 150w, https:\/\/whisky.ad\/wp-content\/uploads\/2020\/01\/mackmyra-organic-gin_-768x768.webp 768w, https:\/\/whisky.ad\/wp-content\/uploads\/2020\/01\/mackmyra-organic-gin_-1024x1024.webp 1024w\" sizes=\"auto, (max-width: 300px) 100vw, 300px\" \/><h2 class=\"woocommerce-loop-product__title\">Mackmyra Organic Gin 0.7L. 40%<\/h2>\n\t<span class=\"price\"><span class=\"woocommerce-Price-amount amount\"><bdi><span class=\"woocommerce-Price-currencySymbol\">&euro;<\/span>24.95<\/bdi><\/span><\/span>\n<\/a><a href=\"\/es\/wp-json\/wp\/v2\/pages\/79596?add-to-cart=78925\" aria-describedby=\"woocommerce_loop_add_to_cart_link_describedby_78925\" data-quantity=\"1\" class=\"button product_type_simple add_to_cart_button ajax_add_to_cart\" data-product_id=\"78925\" data-product_sku=\"\" aria-label=\"A\u00f1adir al carrito: &ldquo;Mackmyra Organic Gin 0.7L. 40%&rdquo;\" rel=\"nofollow\" data-success_message=\"\u00abMackmyra Organic Gin 0.7L. 40%\u00bb se ha a\u00f1adido a tu carrito\" title=\"Minimum qty is 1\">A\u00f1adir al carrito<\/a>\t<span id=\"woocommerce_loop_add_to_cart_link_describedby_78925\" class=\"screen-reader-text\">\n\t\t\t<\/span>\n<\/li>\n<li class=\"product type-product post-78755 status-publish first instock product_cat-ginebra product_tag-sweden-es has-post-thumbnail taxable shipping-taxable purchasable product-type-simple\">\n\t<a href=\"https:\/\/whisky.ad\/es\/producto\/imagin-stockholm-dry-gin-0-7l-40\/\" class=\"woocommerce-LoopProduct-link woocommerce-loop-product__link\"><img loading=\"lazy\" decoding=\"async\" width=\"300\" height=\"300\" src=\"https:\/\/whisky.ad\/wp-content\/uploads\/2018\/11\/Imagin-Stockholm-Gin-2-300x300.jpg\" class=\"attachment-woocommerce_thumbnail size-woocommerce_thumbnail\" alt=\"IMAGIN Stockholm Dry Gin 0.7L. 40%\" srcset=\"https:\/\/whisky.ad\/wp-content\/uploads\/2018\/11\/Imagin-Stockholm-Gin-2-300x300.jpg 300w, https:\/\/whisky.ad\/wp-content\/uploads\/2018\/11\/Imagin-Stockholm-Gin-2-500x500.jpg 500w, https:\/\/whisky.ad\/wp-content\/uploads\/2018\/11\/Imagin-Stockholm-Gin-2-100x100.jpg 100w, https:\/\/whisky.ad\/wp-content\/uploads\/2018\/11\/Imagin-Stockholm-Gin-2-150x150.jpg 150w, https:\/\/whisky.ad\/wp-content\/uploads\/2018\/11\/Imagin-Stockholm-Gin-2-768x768.jpg 768w, https:\/\/whisky.ad\/wp-content\/uploads\/2018\/11\/Imagin-Stockholm-Gin-2-1024x1024.jpg 1024w\" sizes=\"auto, (max-width: 300px) 100vw, 300px\" \/><h2 class=\"woocommerce-loop-product__title\">IMAGIN Stockholm Dry Gin 0.7L. 40%<\/h2>\n\t<span class=\"price\"><span class=\"woocommerce-Price-amount amount\"><bdi><span class=\"woocommerce-Price-currencySymbol\">&euro;<\/span>12.95<\/bdi><\/span><\/span>\n<\/a><a href=\"\/es\/wp-json\/wp\/v2\/pages\/79596?add-to-cart=78755\" aria-describedby=\"woocommerce_loop_add_to_cart_link_describedby_78755\" data-quantity=\"1\" class=\"button product_type_simple add_to_cart_button ajax_add_to_cart\" data-product_id=\"78755\" data-product_sku=\"\" aria-label=\"A\u00f1adir al carrito: &ldquo;IMAGIN Stockholm Dry Gin 0.7L. 40%&rdquo;\" rel=\"nofollow\" data-success_message=\"\u00abIMAGIN Stockholm Dry Gin 0.7L. 40%\u00bb se ha a\u00f1adido a tu carrito\" title=\"Minimum qty is 1\">A\u00f1adir al carrito<\/a>\t<span id=\"woocommerce_loop_add_to_cart_link_describedby_78755\" class=\"screen-reader-text\">\n\t\t\t<\/span>\n<\/li>\n<li class=\"product type-product post-78665 status-publish instock product_cat-ginebra product_cat-bebidas-acoholicas-es product_tag-estonia-es has-post-thumbnail taxable shipping-taxable purchasable product-type-simple\">\n\t<a href=\"https:\/\/whisky.ad\/es\/producto\/crafters-distilled-original-gin-1l-40\/\" class=\"woocommerce-LoopProduct-link woocommerce-loop-product__link\"><img loading=\"lazy\" decoding=\"async\" width=\"300\" height=\"300\" src=\"https:\/\/whisky.ad\/wp-content\/uploads\/2018\/11\/Crafters_GIN_500ml-small-4740050007265-1-170x600-1-300x300.jpg\" class=\"attachment-woocommerce_thumbnail size-woocommerce_thumbnail\" alt=\"CRAFTER\u00b4S DISTILLED ORIGINAL GIN 1L. 40%\" srcset=\"https:\/\/whisky.ad\/wp-content\/uploads\/2018\/11\/Crafters_GIN_500ml-small-4740050007265-1-170x600-1-300x300.jpg 300w, https:\/\/whisky.ad\/wp-content\/uploads\/2018\/11\/Crafters_GIN_500ml-small-4740050007265-1-170x600-1-500x500.jpg 500w, https:\/\/whisky.ad\/wp-content\/uploads\/2018\/11\/Crafters_GIN_500ml-small-4740050007265-1-170x600-1-100x100.jpg 100w, https:\/\/whisky.ad\/wp-content\/uploads\/2018\/11\/Crafters_GIN_500ml-small-4740050007265-1-170x600-1-150x150.jpg 150w, https:\/\/whisky.ad\/wp-content\/uploads\/2018\/11\/Crafters_GIN_500ml-small-4740050007265-1-170x600-1-768x768.jpg 768w, https:\/\/whisky.ad\/wp-content\/uploads\/2018\/11\/Crafters_GIN_500ml-small-4740050007265-1-170x600-1-1024x1024.jpg 1024w\" sizes=\"auto, (max-width: 300px) 100vw, 300px\" \/><h2 class=\"woocommerce-loop-product__title\">CRAFTER\u00b4S DISTILLED ORIGINAL GIN 1L. 40%<\/h2>\n\t<span class=\"price\"><span class=\"woocommerce-Price-amount amount\"><bdi><span class=\"woocommerce-Price-currencySymbol\">&euro;<\/span>9.95<\/bdi><\/span><\/span>\n<\/a><a href=\"\/es\/wp-json\/wp\/v2\/pages\/79596?add-to-cart=78665\" aria-describedby=\"woocommerce_loop_add_to_cart_link_describedby_78665\" data-quantity=\"1\" class=\"button product_type_simple add_to_cart_button ajax_add_to_cart\" data-product_id=\"78665\" data-product_sku=\"\" aria-label=\"A\u00f1adir al carrito: &ldquo;CRAFTER\u00b4S DISTILLED ORIGINAL GIN 1L. 40%&rdquo;\" rel=\"nofollow\" data-success_message=\"\u00abCRAFTER\u00b4S DISTILLED ORIGINAL GIN 1L. 40%\u00bb se ha a\u00f1adido a tu carrito\" title=\"Minimum qty is 1\">A\u00f1adir al carrito<\/a>\t<span id=\"woocommerce_loop_add_to_cart_link_describedby_78665\" class=\"screen-reader-text\">\n\t\t\t<\/span>\n<\/li>\n<li class=\"product type-product post-78661 status-publish last instock product_cat-bebidas-acoholicas-es product_cat-ginebra has-post-thumbnail taxable shipping-taxable purchasable product-type-simple\">\n\t<a href=\"https:\/\/whisky.ad\/es\/producto\/crafters-aromatic-flower-gin-magic-colour-change-0-7l-443\/\" class=\"woocommerce-LoopProduct-link woocommerce-loop-product__link\"><img loading=\"lazy\" decoding=\"async\" width=\"300\" height=\"300\" src=\"https:\/\/whisky.ad\/wp-content\/uploads\/2018\/11\/crafters-aromatic-flower-gin-300x300.jpg\" class=\"attachment-woocommerce_thumbnail size-woocommerce_thumbnail\" alt=\"Crafter&#039;s Aromatic Flower Gin . Magic Color Change! 0.7L.   44,3%\" srcset=\"https:\/\/whisky.ad\/wp-content\/uploads\/2018\/11\/crafters-aromatic-flower-gin-300x300.jpg 300w, https:\/\/whisky.ad\/wp-content\/uploads\/2018\/11\/crafters-aromatic-flower-gin-500x500.jpg 500w, https:\/\/whisky.ad\/wp-content\/uploads\/2018\/11\/crafters-aromatic-flower-gin-100x100.jpg 100w, https:\/\/whisky.ad\/wp-content\/uploads\/2018\/11\/crafters-aromatic-flower-gin-150x150.jpg 150w, https:\/\/whisky.ad\/wp-content\/uploads\/2018\/11\/crafters-aromatic-flower-gin-768x768.jpg 768w, https:\/\/whisky.ad\/wp-content\/uploads\/2018\/11\/crafters-aromatic-flower-gin-1024x1024.jpg 1024w\" sizes=\"auto, (max-width: 300px) 100vw, 300px\" \/><h2 class=\"woocommerce-loop-product__title\">Crafter&#8217;s Aromatic Flower Gin . Magic Color Change! 0.7L.   44,3%<\/h2>\n\t<span class=\"price\"><span class=\"woocommerce-Price-amount amount\"><bdi><span class=\"woocommerce-Price-currencySymbol\">&euro;<\/span>24.95<\/bdi><\/span><\/span>\n<\/a><a href=\"\/es\/wp-json\/wp\/v2\/pages\/79596?add-to-cart=78661\" aria-describedby=\"woocommerce_loop_add_to_cart_link_describedby_78661\" data-quantity=\"1\" class=\"button product_type_simple add_to_cart_button ajax_add_to_cart\" data-product_id=\"78661\" data-product_sku=\"\" aria-label=\"A\u00f1adir al carrito: &ldquo;Crafter&#039;s Aromatic Flower Gin . Magic Color Change! 0.7L.   44,3%&rdquo;\" rel=\"nofollow\" data-success_message=\"\u00abCrafter&#039;s Aromatic Flower Gin . Magic Color Change! 0.7L.   44,3%\u00bb se ha a\u00f1adido a tu carrito\" title=\"Minimum qty is 1\">A\u00f1adir al carrito<\/a>\t<span id=\"woocommerce_loop_add_to_cart_link_describedby_78661\" class=\"screen-reader-text\">\n\t\t\t<\/span>\n<\/li>\n<\/ul>\n<\/div>[vc_separator color=&#8221;#000000&#8243; type=&#8221;normal&#8221; thickness=&#8221;1&#8243; up=&#8221;&#8221; down=&#8221;&#8221;][\/vc_column][\/vc_row]\n","protected":false},"excerpt":{"rendered":"<p>[vc_row type=&#8221;full_page_width&#8221; padding_top=&#8221;&#8221; padding_bottom=&#8221;&#8221;][vc_column][layerslider_vc id=&#8221;10&#8243;][\/vc_column][\/vc_row][vc_row type=&#8221;container&#8221; padding_top=&#8221;&#8221; padding_bottom=&#8221;&#8221;][vc_column][vc_column_text]\u00bfDe qu\u00e9 est\u00e1 hecha la ginebra? Hoy responderemos a las preguntas de qu\u00e9 est\u00e1 hecha la ginebra y tambi\u00e9n c\u00f3mo se elabora. \u00bfDe qu\u00e9 est\u00e1 hecha la ginebra? La definici\u00f3n de ginebra: La definici\u00f3n general de ginebra es cualquier bebida espirituosa de base neutra que tenga el enebro [&hellip;]<\/p>\n","protected":false},"author":1,"featured_media":76640,"parent":0,"menu_order":0,"comment_status":"closed","ping_status":"closed","template":"page-full-width.php","meta":{"_acf_changed":false,"footnotes":""},"class_list":["post-79596","page","type-page","status-publish","has-post-thumbnail","hentry"],"acf":[],"aioseo_notices":[],"jetpack_sharing_enabled":true,"jetpack_shortlink":"https:\/\/wp.me\/PemYjf-kHO","_links":{"self":[{"href":"https:\/\/whisky.ad\/es\/wp-json\/wp\/v2\/pages\/79596","targetHints":{"allow":["GET"]}}],"collection":[{"href":"https:\/\/whisky.ad\/es\/wp-json\/wp\/v2\/pages"}],"about":[{"href":"https:\/\/whisky.ad\/es\/wp-json\/wp\/v2\/types\/page"}],"author":[{"embeddable":true,"href":"https:\/\/whisky.ad\/es\/wp-json\/wp\/v2\/users\/1"}],"replies":[{"embeddable":true,"href":"https:\/\/whisky.ad\/es\/wp-json\/wp\/v2\/comments?post=79596"}],"version-history":[{"count":2,"href":"https:\/\/whisky.ad\/es\/wp-json\/wp\/v2\/pages\/79596\/revisions"}],"predecessor-version":[{"id":79614,"href":"https:\/\/whisky.ad\/es\/wp-json\/wp\/v2\/pages\/79596\/revisions\/79614"}],"wp:featuredmedia":[{"embeddable":true,"href":"https:\/\/whisky.ad\/es\/wp-json\/wp\/v2\/media\/76640"}],"wp:attachment":[{"href":"https:\/\/whisky.ad\/es\/wp-json\/wp\/v2\/media?parent=79596"}],"curies":[{"name":"wp","href":"https:\/\/api.w.org\/{rel}","templated":true}]}}