{"id":79518,"date":"2021-04-25T16:09:48","date_gmt":"2021-04-25T15:09:48","guid":{"rendered":"https:\/\/whisky.ad\/whisky\/scotch\/"},"modified":"2023-12-18T15:38:32","modified_gmt":"2023-12-18T14:38:32","slug":"scotch","status":"publish","type":"page","link":"https:\/\/whisky.ad\/es\/whisky\/scotch\/","title":{"rendered":"Scotch"},"content":{"rendered":"[vc_row type=&#8221;container&#8221; padding_top=&#8221;&#8221; padding_bottom=&#8221;&#8221;][vc_column width=&#8221;1\/2&#8243;][vc_column_text]\n<h2>Whisky escoc\u00e9s: el elixir del patrimonio escoc\u00e9s<\/h2>\n<p>El whisky escoc\u00e9s, cari\u00f1osamente conocido como &#8220;Scotch&#8221;, es una bebida alcoh\u00f3lica emblem\u00e1tica que encarna la esencia de la cultura, la historia y los impresionantes paisajes de Escocia. Elaborado con respeto a la tradici\u00f3n y compromiso con la calidad, el whisky escoc\u00e9s es un testimonio del arraigado patrimonio y la artesan\u00eda del pa\u00eds. <\/p>\n<p><strong>Protegidos por la tradici\u00f3n<\/strong><br \/>\nEl whisky escoc\u00e9s est\u00e1 protegido por una serie de normas que garantizan su autenticidad y mantienen su venerado estatus. Para llevar el t\u00edtulo de &#8220;escoc\u00e9s&#8221;, la bebida espirituosa debe destilarse y a\u00f1ejarse en Escocia durante un m\u00ednimo de tres a\u00f1os. Adem\u00e1s, debe elaborarse con cebada malteada y agua, y seguir un proceso de destilaci\u00f3n espec\u00edfico que lo distingue de otros whiskies. Regiones distintivas, sabores diversos Uno de los aspectos cautivadores del whisky escoc\u00e9s es su diversidad regional, que muestra los variados paisajes y climas de Escocia. Las cinco principales regiones productoras de whisky -Highlands, Lowlands, Islay, Speyside y Campbeltown- aportan cada una sabores y caracter\u00edsticas \u00fanicas al producto final. Desde las expresiones ahumadas y con turba de Islay hasta las ricas maltas con influencia de jerez de Speyside, el whisky escoc\u00e9s ofrece un viaje cautivador a trav\u00e9s de sus variados terru\u00f1os.  <\/p>\n<p><strong>Envejecimiento en roble<\/strong><br \/>\nEl car\u00e1cter del whisky escoc\u00e9s se forma a\u00fan m\u00e1s por su proceso de envejecimiento en barricas de roble, una tradici\u00f3n que imparte profundidad y complejidad a la bebida espirituosa. La elecci\u00f3n de las barricas, ya hayan contenido previamente bourbon, jerez u otros vinos, contribuye al perfil de sabor final. A lo largo de los a\u00f1os de maduraci\u00f3n, el whisky interact\u00faa con la madera, extrayendo sabores como la vainilla, el caramelo y las especias, lo que da como resultado un armonioso matrimonio entre la madera y la bebida espirituosa.  <\/p>\n<p><strong>La tradici\u00f3n se une a la innovaci\u00f3n<\/strong><br \/>\nAunque profundamente arraigado en la tradici\u00f3n, el mundo del whisky escoc\u00e9s no es inmune a la innovaci\u00f3n. Las destiler\u00edas experimentan con distintos acabados en barrica, utilizan diferentes tipos de grano y adoptan t\u00e9cnicas modernas sin dejar de ser fieles a los valores fundamentales de la artesan\u00eda. Este delicado equilibrio entre tradici\u00f3n e innovaci\u00f3n es un testimonio de la adaptabilidad y resistencia de la industria del whisky escoc\u00e9s.  <\/p>\n<p><strong>Un icono mundial<\/strong><br \/>\nEl whisky escoc\u00e9s ha trascendido sus or\u00edgenes escoceses para convertirse en un s\u00edmbolo mundial de sofisticaci\u00f3n e indulgencia. Se disfruta de varias maneras, solo, con hielo o como ingrediente clave en c\u00f3cteles cl\u00e1sicos como el Rob Roy o el Rusty Nail. Entusiastas y coleccionistas celebran por igual la diversidad de las expresiones del whisky escoc\u00e9s, desde los m\u00e1s accesibles single malts hasta los distinguidos blended whiskies. El whisky escoc\u00e9s no es s\u00f3lo una bebida; es un relato que encierra siglos de artesan\u00eda, una profunda conexi\u00f3n con la tierra y un esp\u00edritu de camarader\u00eda. Con cada sorbo, el whisky escoc\u00e9s nos ofrece un viaje a trav\u00e9s del tiempo, permiti\u00e9ndonos apreciar el arte, la historia y la complejidad que definen a este preciado elixir.[\/vc_column_text][\/vc_column][vc_column width=&#8221;1\/2&#8243;][vc_single_image image=&#8221;77150&#8243; img_size=&#8221;medium&#8221;]<div class=\"woocommerce columns-4\"><ul class=\"products columns-4\">\n<li class=\"product-category product first\">\n\t<a aria-label=\"Visitar la categor\u00eda de producto Glen Scotia\" href=\"https:\/\/whisky.ad\/es\/categoria-producto\/whisky-by-brand\/glen-scotia-es\/\"><img loading=\"lazy\" decoding=\"async\" src=\"https:\/\/whisky.ad\/wp-content\/uploads\/woocommerce-placeholder.png\" alt=\"Glen Scotia\" width=\"300\" height=\"300\" \/>\t\t<h2 class=\"woocommerce-loop-category__title\">\n\t\t\tGlen Scotia <mark class=\"count\">(10)<\/mark>\t\t<\/h2>\n\t\t<\/a><\/li>\n<li class=\"product-category product\">\n\t<a aria-label=\"Visitar la categor\u00eda de producto Glencadam\" href=\"https:\/\/whisky.ad\/es\/categoria-producto\/whisky-by-brand\/glencadam-es\/\"><img loading=\"lazy\" decoding=\"async\" src=\"https:\/\/whisky.ad\/wp-content\/uploads\/woocommerce-placeholder.png\" alt=\"Glencadam\" width=\"300\" height=\"300\" \/>\t\t<h2 class=\"woocommerce-loop-category__title\">\n\t\t\tGlencadam <mark class=\"count\">(1)<\/mark>\t\t<\/h2>\n\t\t<\/a><\/li>\n<li class=\"product-category product\">\n\t<a aria-label=\"Visitar la categor\u00eda de producto Loch Lomond\" href=\"https:\/\/whisky.ad\/es\/categoria-producto\/whisky-by-brand\/loch-lomond-es\/\"><img loading=\"lazy\" decoding=\"async\" src=\"https:\/\/whisky.ad\/wp-content\/uploads\/woocommerce-placeholder.png\" alt=\"Loch Lomond\" width=\"300\" height=\"300\" \/>\t\t<h2 class=\"woocommerce-loop-category__title\">\n\t\t\tLoch Lomond <mark class=\"count\">(14)<\/mark>\t\t<\/h2>\n\t\t<\/a><\/li>\n<li class=\"product-category product last\">\n\t<a aria-label=\"Visitar la categor\u00eda de producto Port Ellen\" href=\"https:\/\/whisky.ad\/es\/categoria-producto\/whisky-by-brand\/port-ellen-es\/\"><img loading=\"lazy\" decoding=\"async\" src=\"https:\/\/whisky.ad\/wp-content\/uploads\/woocommerce-placeholder.png\" alt=\"Port Ellen\" width=\"300\" height=\"300\" \/>\t\t<h2 class=\"woocommerce-loop-category__title\">\n\t\t\tPort Ellen <mark class=\"count\">(2)<\/mark>\t\t<\/h2>\n\t\t<\/a><\/li>\n<li class=\"product-category product first\">\n\t<a aria-label=\"Visitar la categor\u00eda de producto Tomintoul\" href=\"https:\/\/whisky.ad\/es\/categoria-producto\/whisky-by-brand\/tomintoul-es\/\"><img loading=\"lazy\" decoding=\"async\" src=\"https:\/\/whisky.ad\/wp-content\/uploads\/woocommerce-placeholder.png\" alt=\"Tomintoul\" width=\"300\" height=\"300\" \/>\t\t<h2 class=\"woocommerce-loop-category__title\">\n\t\t\tTomintoul <mark class=\"count\">(5)<\/mark>\t\t<\/h2>\n\t\t<\/a><\/li>\n<\/ul>\n<\/div>[\/vc_column][\/vc_row]\n","protected":false},"excerpt":{"rendered":"<p>[vc_row type=&#8221;container&#8221; padding_top=&#8221;&#8221; padding_bottom=&#8221;&#8221;][vc_column width=&#8221;1\/2&#8243;][vc_column_text] Whisky escoc\u00e9s: el elixir del patrimonio escoc\u00e9s El whisky escoc\u00e9s, cari\u00f1osamente conocido como &#8220;Scotch&#8221;, es una bebida alcoh\u00f3lica emblem\u00e1tica que encarna la esencia de la cultura, la historia y los impresionantes paisajes de Escocia. Elaborado con respeto a la tradici\u00f3n y compromiso con la calidad, el whisky escoc\u00e9s es un [&hellip;]<\/p>\n","protected":false},"author":1,"featured_media":0,"parent":79248,"menu_order":0,"comment_status":"closed","ping_status":"closed","template":"page-full-width.php","meta":{"_acf_changed":false,"footnotes":""},"class_list":["post-79518","page","type-page","status-publish","hentry"],"acf":[],"aioseo_notices":[],"jetpack_sharing_enabled":true,"jetpack_shortlink":"https:\/\/wp.me\/PemYjf-kGy","_links":{"self":[{"href":"https:\/\/whisky.ad\/es\/wp-json\/wp\/v2\/pages\/79518","targetHints":{"allow":["GET"]}}],"collection":[{"href":"https:\/\/whisky.ad\/es\/wp-json\/wp\/v2\/pages"}],"about":[{"href":"https:\/\/whisky.ad\/es\/wp-json\/wp\/v2\/types\/page"}],"author":[{"embeddable":true,"href":"https:\/\/whisky.ad\/es\/wp-json\/wp\/v2\/users\/1"}],"replies":[{"embeddable":true,"href":"https:\/\/whisky.ad\/es\/wp-json\/wp\/v2\/comments?post=79518"}],"version-history":[{"count":3,"href":"https:\/\/whisky.ad\/es\/wp-json\/wp\/v2\/pages\/79518\/revisions"}],"predecessor-version":[{"id":79521,"href":"https:\/\/whisky.ad\/es\/wp-json\/wp\/v2\/pages\/79518\/revisions\/79521"}],"up":[{"embeddable":true,"href":"https:\/\/whisky.ad\/es\/wp-json\/wp\/v2\/pages\/79248"}],"wp:attachment":[{"href":"https:\/\/whisky.ad\/es\/wp-json\/wp\/v2\/media?parent=79518"}],"curies":[{"name":"wp","href":"https:\/\/api.w.org\/{rel}","templated":true}]}}