{"id":79506,"date":"2022-12-16T11:16:57","date_gmt":"2022-12-16T10:16:57","guid":{"rendered":"https:\/\/whisky.ad\/whisky\/e-h-taylor\/"},"modified":"2023-12-16T12:57:07","modified_gmt":"2023-12-16T11:57:07","slug":"e-h-taylor","status":"publish","type":"page","link":"https:\/\/whisky.ad\/es\/whisky\/e-h-taylor\/","title":{"rendered":"E.H. Taylor"},"content":{"rendered":"[vc_row type=&#8221;container&#8221; padding_top=&#8221;&#8221; padding_bottom=&#8221;&#8221;][vc_column width=&#8221;1\/2&#8243;][vc_column_text]La Colecci\u00f3n E.H. Taylor, Jr. Collection presenta una oferta extraordinaria: Kentucky Straight Bourbon Whiskey en forma de E.H. Taylor, Jr. Small Batch. Reverenciado como pionero en el campo del bourbon, el Coronel Edmund Haynes Taylor, Jr. ciment\u00f3 un legado perdurable. Su compromiso con el oficio lleg\u00f3 poco despu\u00e9s del final de la Guerra de Secesi\u00f3n, cuando adquiri\u00f3 la destiler\u00eda O.F.C. Distillery. Fue aqu\u00ed donde fue pionero en metodolog\u00edas innovadoras, t\u00e9cnicas que persisten en la pr\u00e1ctica contempor\u00e1nea. Meticulosamente elaborado a mano, este Small Batch Bourbon Whiskey madura en bodegas centenarias, ideadas y construidas nada menos que por E.H. Taylor, Jr. Cada barrica se somete a una meticulosa evaluaci\u00f3n y maduraci\u00f3n, que culmina en una armoniosa fusi\u00f3n de caracter\u00edsticas distintivas sin parang\u00f3n. Esta creaci\u00f3n, un aut\u00e9ntico bourbon para beber a sorbos, rinde homenaje al resuelto legado de E.H. Taylor, Jr. manteni\u00e9ndose inquebrantable en su devoci\u00f3n por la calidad sin concesiones;[\/vc_column_text][\/vc_column][vc_column width=&#8221;1\/2&#8243;][vc_single_image image=&#8221;77240&#8243; img_size=&#8221;large&#8221;]<div class=\"woocommerce \"><ul class=\"products columns-3\">\n<li class=\"product type-product post-78673 status-publish first instock product_cat-kentucky-es has-post-thumbnail taxable shipping-taxable purchasable product-type-simple\">\n\t<a href=\"https:\/\/whisky.ad\/es\/producto\/e-h-taylor-small-batch-50-0-75l\/\" class=\"woocommerce-LoopProduct-link woocommerce-loop-product__link\"><img loading=\"lazy\" decoding=\"async\" width=\"300\" height=\"300\" src=\"https:\/\/whisky.ad\/wp-content\/uploads\/2023\/08\/eh-taylor-small-batch-desktop-bottle-1-300x300.png\" class=\"attachment-woocommerce_thumbnail size-woocommerce_thumbnail\" alt=\"E.H. Taylor Small Batch 50% 0.75l\" srcset=\"https:\/\/whisky.ad\/wp-content\/uploads\/2023\/08\/eh-taylor-small-batch-desktop-bottle-1-300x300.png 300w, https:\/\/whisky.ad\/wp-content\/uploads\/2023\/08\/eh-taylor-small-batch-desktop-bottle-1-500x500.png 500w, https:\/\/whisky.ad\/wp-content\/uploads\/2023\/08\/eh-taylor-small-batch-desktop-bottle-1-100x100.png 100w, https:\/\/whisky.ad\/wp-content\/uploads\/2023\/08\/eh-taylor-small-batch-desktop-bottle-1-150x150.png 150w, https:\/\/whisky.ad\/wp-content\/uploads\/2023\/08\/eh-taylor-small-batch-desktop-bottle-1-768x768.png 768w, https:\/\/whisky.ad\/wp-content\/uploads\/2023\/08\/eh-taylor-small-batch-desktop-bottle-1-1024x1024.png 1024w\" sizes=\"auto, (max-width: 300px) 100vw, 300px\" \/><h2 class=\"woocommerce-loop-product__title\">E.H. Taylor Small Batch 50% 0.75l<\/h2>\n\t<span class=\"price\"><span class=\"woocommerce-Price-amount amount\"><bdi><span class=\"woocommerce-Price-currencySymbol\">&euro;<\/span>69.95<\/bdi><\/span><\/span>\n<\/a><a href=\"\/es\/wp-json\/wp\/v2\/pages\/79506?add-to-cart=78673\" aria-describedby=\"woocommerce_loop_add_to_cart_link_describedby_78673\" data-quantity=\"1\" class=\"button product_type_simple add_to_cart_button ajax_add_to_cart\" data-product_id=\"78673\" data-product_sku=\"\" aria-label=\"A\u00f1adir al carrito: &ldquo;E.H. Taylor Small Batch 50% 0.75l&rdquo;\" rel=\"nofollow\" data-success_message=\"\u00abE.H. Taylor Small Batch 50% 0.75l\u00bb se ha a\u00f1adido a tu carrito\" title=\"Minimum qty is 1\">A\u00f1adir al carrito<\/a>\t<span id=\"woocommerce_loop_add_to_cart_link_describedby_78673\" class=\"screen-reader-text\">\n\t\t\t<\/span>\n<\/li>\n<\/ul>\n<\/div>[\/vc_column][\/vc_row]\n","protected":false},"excerpt":{"rendered":"<p>[vc_row type=&#8221;container&#8221; padding_top=&#8221;&#8221; padding_bottom=&#8221;&#8221;][vc_column width=&#8221;1\/2&#8243;][vc_column_text]La Colecci\u00f3n E.H. Taylor, Jr. Collection presenta una oferta extraordinaria: Kentucky Straight Bourbon Whiskey en forma de E.H. Taylor, Jr. Small Batch. Reverenciado como pionero en el campo del bourbon, el Coronel Edmund Haynes Taylor, Jr. ciment\u00f3 un legado perdurable. Su compromiso con el oficio lleg\u00f3 poco despu\u00e9s del final de [&hellip;]<\/p>\n","protected":false},"author":1,"featured_media":0,"parent":79248,"menu_order":0,"comment_status":"closed","ping_status":"closed","template":"page-full-width.php","meta":{"_acf_changed":false,"footnotes":""},"class_list":["post-79506","page","type-page","status-publish","hentry"],"acf":[],"aioseo_notices":[],"jetpack_sharing_enabled":true,"jetpack_shortlink":"https:\/\/wp.me\/PemYjf-kGm","_links":{"self":[{"href":"https:\/\/whisky.ad\/es\/wp-json\/wp\/v2\/pages\/79506","targetHints":{"allow":["GET"]}}],"collection":[{"href":"https:\/\/whisky.ad\/es\/wp-json\/wp\/v2\/pages"}],"about":[{"href":"https:\/\/whisky.ad\/es\/wp-json\/wp\/v2\/types\/page"}],"author":[{"embeddable":true,"href":"https:\/\/whisky.ad\/es\/wp-json\/wp\/v2\/users\/1"}],"replies":[{"embeddable":true,"href":"https:\/\/whisky.ad\/es\/wp-json\/wp\/v2\/comments?post=79506"}],"version-history":[{"count":3,"href":"https:\/\/whisky.ad\/es\/wp-json\/wp\/v2\/pages\/79506\/revisions"}],"predecessor-version":[{"id":79509,"href":"https:\/\/whisky.ad\/es\/wp-json\/wp\/v2\/pages\/79506\/revisions\/79509"}],"up":[{"embeddable":true,"href":"https:\/\/whisky.ad\/es\/wp-json\/wp\/v2\/pages\/79248"}],"wp:attachment":[{"href":"https:\/\/whisky.ad\/es\/wp-json\/wp\/v2\/media?parent=79506"}],"curies":[{"name":"wp","href":"https:\/\/api.w.org\/{rel}","templated":true}]}}