{"id":79482,"date":"2022-12-16T11:15:43","date_gmt":"2022-12-16T10:15:43","guid":{"rendered":"https:\/\/whisky.ad\/whisky\/southern-comfort\/"},"modified":"2023-12-16T12:16:45","modified_gmt":"2023-12-16T11:16:45","slug":"southern-comfort","status":"publish","type":"page","link":"https:\/\/whisky.ad\/es\/whisky\/southern-comfort\/","title":{"rendered":"Southern Comfort"},"content":{"rendered":"[vc_row type=&#8221;container&#8221; padding_top=&#8221;&#8221; padding_bottom=&#8221;&#8221;][vc_column width=&#8221;1\/2&#8243;][vc_column_text]\n<h2>EL WHISKEY ORIGINAL PARA TODAS LAS OCASIONES<\/h2>\n<p>En 1874, Southern Comfort vio la luz de la mano de un visionario que recorri\u00f3 su propio camino. M.W. Heron se preguntaba por qu\u00e9 el whisky ten\u00eda que ser \u00e1spero y abrumador. Imagin\u00f3 una alternativa m\u00e1s suave y deliciosa. Mezclando frutas de hueso y especias, su receta dio origen a un sabor americano ic\u00f3nico. Hoy, casi 150 a\u00f1os despu\u00e9s, Southern Comfort sigue siendo tan inconfundible como siempre. Satisface por s\u00ed solo y es un complemento delicioso para cualquier bebida combinada. Ninguna otra bebida espirituosa se adapta a sus preferencias como ella, independientemente de la forma en que la disfrute o de la compa\u00f1\u00eda que tenga   <\/p>\n<p><strong>Esto es whisky redefiniendo su propia esencia, elaborado para su disfrute. hemos redefinido las reglas del whisky <\/strong><\/p>\n<p>Southern Comfort se elabora con la maestr\u00eda tradicional americana desde 1874, a la que hemos a\u00f1adido nuestros propios y exclusivos toques. Tanto si le atrae el whisky, el bourbon, los licores o simplemente las bebidas deliciosas, su esp\u00edritu encuentra su pareja con nosotros. La nuestra es una historia tejida con historia e intriga, una mezcla perfecta de hechos y relatos. As\u00ed que coja una botella y un acompa\u00f1ante; esta historia sigue desarroll\u00e1ndose   <\/p>\n<p><strong>1950-TODAY.<\/strong><\/p>\n<p>1874. El nacimiento de una leyenda. M.W. Heron presenta al mundo su exclusiva mezcla de whisky, frutas y especias. El mundo de las bebidas espirituosas se transforma para siempre. 1874-1898. \u00bfQu\u00e9 hay detr\u00e1s de un nombre? Los archivos revelan que M.W. inicialmente llam\u00f3 a su creaci\u00f3n &#8220;Cuffs and Buttons&#8221;. A medida que crece su popularidad, lo cambia oficialmente por &#8220;Southern Comfort&#8221;. (Una sabia decisi\u00f3n.) 1898-1900. Los a\u00f1os dorados. Southern Comfort gana una medalla de oro en la Exposici\u00f3n de Par\u00eds de 1900. M.W. abre un legendario club de copas en St. Louis que adquiere fama nacional;<\/p>\n<p>0<\/p>\n<p>0<\/p>\n<p>1900-1945. Southern Comfort hace historia. 1920s-1934. Desaf\u00edos de la Ley Seca. Estados Unidos impone la prohibici\u00f3n del alcohol el 17 de enero de 1920. M.W. Heron fallece pocos meses despu\u00e9s, posiblemente a causa de un ataque al coraz\u00f3n. La marca revive tras la derogaci\u00f3n. 1943-1945. Alcanzando nuevas cotas. Southern Comfort apoya la libertad, ya que los bombarderos estadounidenses B-17 llevan con orgullo su nombre durante la Segunda Guerra Mundial. D\u00e9cada de 1950<\/p>\n<p>0<\/p>\n<p>Maestros de la hospitalidad. La Am\u00e9rica posterior a la Segunda Guerra Mundial abraza el entretenimiento, lo que lleva a Southern Comfort a lanzar sus ic\u00f3nicas gu\u00edas de recetas y fiestas, dirigidas a los entusiastas del whisky de todo el mundo. **Southern Comfort se erige como uno de los whiskies m\u00e1s reconocidos, una elecci\u00f3n para aquellos que viven la vida a su manera. D\u00e9cada de 1960-1970. Rock y confort. Iconos del rock como Janis Joplin abrazan Southern Comfort, presentando el espirituoso a una nueva generaci\u00f3n. La compa\u00f1\u00eda expresa su gratitud con un abrigo de piel. 2016. Lanzamiento de bebidas espirituosas RTD en Australia, Nueva Zelanda, Reino Unido y otras partes de Europa. Para diversificar nuestra oferta, hemos introducido once expresiones listas para beber, adaptadas a cada regi\u00f3n geogr\u00e1fica. Aunque a\u00fan no existe una l\u00ednea de RTD en EE. UU., nuestro compromiso con la innovaci\u00f3n se extiende a la creaci\u00f3n de una RTD estadounidense. 2017. Regreso a casa. Southern Comfort vuelve a conectar con su herencia de Nueva Orleans, devolviendo la receta a sus ra\u00edces originales de whisky. 2021. Lanzamiento de Southern Comfort Malt 42 proof. En respuesta a la demanda de tiendas que ofrezcan Southern Comfort, incluyendo tiendas limitadas a cerveza, bebidas de malta y vino, hemos presentado un producto de malta de fant\u00e1stico sabor y un excepcional producto a base de vino bajo la marca Southern Comfort; <\/p>\n<p>0<\/p>\n<p>0<\/p>\n<p>0[\/vc_column_text][\/vc_column][vc_column width=&#8221;1\/2&#8243;]<div class=\"woocommerce columns-4 \"><ul class=\"products columns-4\">\n<li class=\"product type-product post-79093 status-publish first instock product_cat-kentucky-es has-post-thumbnail taxable shipping-taxable purchasable product-type-simple\">\n\t<a href=\"https:\/\/whisky.ad\/es\/producto\/southern-comfort-black-40-1l\/\" class=\"woocommerce-LoopProduct-link woocommerce-loop-product__link\"><img loading=\"lazy\" decoding=\"async\" width=\"300\" height=\"300\" src=\"https:\/\/whisky.ad\/wp-content\/uploads\/2023\/08\/download-11-300x300.jpeg\" class=\"attachment-woocommerce_thumbnail size-woocommerce_thumbnail\" alt=\"Southern Comfort Black 40% 1l\" srcset=\"https:\/\/whisky.ad\/wp-content\/uploads\/2023\/08\/download-11-300x300.jpeg 300w, https:\/\/whisky.ad\/wp-content\/uploads\/2023\/08\/download-11-500x500.jpeg 500w, https:\/\/whisky.ad\/wp-content\/uploads\/2023\/08\/download-11-100x100.jpeg 100w, https:\/\/whisky.ad\/wp-content\/uploads\/2023\/08\/download-11-150x150.jpeg 150w, https:\/\/whisky.ad\/wp-content\/uploads\/2023\/08\/download-11-768x768.jpeg 768w, https:\/\/whisky.ad\/wp-content\/uploads\/2023\/08\/download-11-1024x1024.jpeg 1024w\" sizes=\"auto, (max-width: 300px) 100vw, 300px\" \/><h2 class=\"woocommerce-loop-product__title\">Southern Comfort Black 40% 1l<\/h2>\n\t<span class=\"price\"><span class=\"woocommerce-Price-amount amount\"><bdi><span class=\"woocommerce-Price-currencySymbol\">&euro;<\/span>9.49<\/bdi><\/span><\/span>\n<\/a><a href=\"\/es\/wp-json\/wp\/v2\/pages\/79482?add-to-cart=79093\" aria-describedby=\"woocommerce_loop_add_to_cart_link_describedby_79093\" data-quantity=\"1\" class=\"button product_type_simple add_to_cart_button ajax_add_to_cart\" data-product_id=\"79093\" data-product_sku=\"\" aria-label=\"A\u00f1adir al carrito: &ldquo;Southern Comfort Black 40% 1l&rdquo;\" rel=\"nofollow\" data-success_message=\"\u00abSouthern Comfort Black 40% 1l\u00bb se ha a\u00f1adido a tu carrito\" title=\"Minimum qty is 1\">A\u00f1adir al carrito<\/a>\t<span id=\"woocommerce_loop_add_to_cart_link_describedby_79093\" class=\"screen-reader-text\">\n\t\t\t<\/span>\n<\/li>\n<li class=\"product type-product post-79096 status-publish instock product_cat-kentucky-es has-post-thumbnail taxable shipping-taxable purchasable product-type-simple\">\n\t<a href=\"https:\/\/whisky.ad\/es\/producto\/southern-comfort-original-35-0-7l\/\" class=\"woocommerce-LoopProduct-link woocommerce-loop-product__link\"><img loading=\"lazy\" decoding=\"async\" width=\"300\" height=\"300\" src=\"https:\/\/whisky.ad\/wp-content\/uploads\/2023\/08\/download-10-300x300.jpeg\" class=\"attachment-woocommerce_thumbnail size-woocommerce_thumbnail\" alt=\"Southern Comfort Original 35% 0.7l\" srcset=\"https:\/\/whisky.ad\/wp-content\/uploads\/2023\/08\/download-10-300x300.jpeg 300w, https:\/\/whisky.ad\/wp-content\/uploads\/2023\/08\/download-10-500x500.jpeg 500w, https:\/\/whisky.ad\/wp-content\/uploads\/2023\/08\/download-10-100x100.jpeg 100w, https:\/\/whisky.ad\/wp-content\/uploads\/2023\/08\/download-10-150x150.jpeg 150w, https:\/\/whisky.ad\/wp-content\/uploads\/2023\/08\/download-10-768x768.jpeg 768w, https:\/\/whisky.ad\/wp-content\/uploads\/2023\/08\/download-10-1024x1024.jpeg 1024w\" sizes=\"auto, (max-width: 300px) 100vw, 300px\" \/><h2 class=\"woocommerce-loop-product__title\">Southern Comfort Original 35% 0.7l<\/h2>\n\t<span class=\"price\"><span class=\"woocommerce-Price-amount amount\"><bdi><span class=\"woocommerce-Price-currencySymbol\">&euro;<\/span>7.39<\/bdi><\/span><\/span>\n<\/a><a href=\"\/es\/wp-json\/wp\/v2\/pages\/79482?add-to-cart=79096\" aria-describedby=\"woocommerce_loop_add_to_cart_link_describedby_79096\" data-quantity=\"1\" class=\"button product_type_simple add_to_cart_button ajax_add_to_cart\" data-product_id=\"79096\" data-product_sku=\"\" aria-label=\"A\u00f1adir al carrito: &ldquo;Southern Comfort Original 35% 0.7l&rdquo;\" rel=\"nofollow\" data-success_message=\"\u00abSouthern Comfort Original 35% 0.7l\u00bb se ha a\u00f1adido a tu carrito\" title=\"Minimum qty is 1\">A\u00f1adir al carrito<\/a>\t<span id=\"woocommerce_loop_add_to_cart_link_describedby_79096\" class=\"screen-reader-text\">\n\t\t\t<\/span>\n<\/li>\n<\/ul>\n<\/div>[\/vc_column][\/vc_row]\n","protected":false},"excerpt":{"rendered":"<p>[vc_row type=&#8221;container&#8221; padding_top=&#8221;&#8221; padding_bottom=&#8221;&#8221;][vc_column width=&#8221;1\/2&#8243;][vc_column_text] EL WHISKEY ORIGINAL PARA TODAS LAS OCASIONES En 1874, Southern Comfort vio la luz de la mano de un visionario que recorri\u00f3 su propio camino. M.W. Heron se preguntaba por qu\u00e9 el whisky ten\u00eda que ser \u00e1spero y abrumador. Imagin\u00f3 una alternativa m\u00e1s suave y deliciosa. Mezclando frutas de hueso [&hellip;]<\/p>\n","protected":false},"author":1,"featured_media":0,"parent":79248,"menu_order":0,"comment_status":"closed","ping_status":"closed","template":"page-full-width.php","meta":{"_acf_changed":false,"footnotes":""},"class_list":["post-79482","page","type-page","status-publish","hentry"],"acf":[],"aioseo_notices":[],"jetpack_sharing_enabled":true,"jetpack_shortlink":"https:\/\/wp.me\/PemYjf-kFY","_links":{"self":[{"href":"https:\/\/whisky.ad\/es\/wp-json\/wp\/v2\/pages\/79482","targetHints":{"allow":["GET"]}}],"collection":[{"href":"https:\/\/whisky.ad\/es\/wp-json\/wp\/v2\/pages"}],"about":[{"href":"https:\/\/whisky.ad\/es\/wp-json\/wp\/v2\/types\/page"}],"author":[{"embeddable":true,"href":"https:\/\/whisky.ad\/es\/wp-json\/wp\/v2\/users\/1"}],"replies":[{"embeddable":true,"href":"https:\/\/whisky.ad\/es\/wp-json\/wp\/v2\/comments?post=79482"}],"version-history":[{"count":2,"href":"https:\/\/whisky.ad\/es\/wp-json\/wp\/v2\/pages\/79482\/revisions"}],"predecessor-version":[{"id":79484,"href":"https:\/\/whisky.ad\/es\/wp-json\/wp\/v2\/pages\/79482\/revisions\/79484"}],"up":[{"embeddable":true,"href":"https:\/\/whisky.ad\/es\/wp-json\/wp\/v2\/pages\/79248"}],"wp:attachment":[{"href":"https:\/\/whisky.ad\/es\/wp-json\/wp\/v2\/media?parent=79482"}],"curies":[{"name":"wp","href":"https:\/\/api.w.org\/{rel}","templated":true}]}}