{"id":79470,"date":"2022-12-16T11:19:06","date_gmt":"2022-12-16T10:19:06","guid":{"rendered":"https:\/\/whisky.ad\/whisky\/seagram\/"},"modified":"2023-12-16T12:04:19","modified_gmt":"2023-12-16T11:04:19","slug":"seagram","status":"publish","type":"page","link":"https:\/\/whisky.ad\/es\/whisky\/seagram\/","title":{"rendered":"Seagram"},"content":{"rendered":"[vc_row type=&#8221;container&#8221; padding_top=&#8221;&#8221; padding_bottom=&#8221;&#8221;][vc_column width=&#8221;1\/2&#8243;][vc_column_text]Seagram Distillers EXPERT DISTILLING &amp; BLENDING La pr\u00f3spera rama de Seagram, el fat\u00eddico gigante canadiense de las destiler\u00edas, especializada en el arte de elaborar un whisky escoc\u00e9s excepcional. Seagram Distillers: Una mirada m\u00e1s de cerca Seagram Distillers PLC, filial al cien por cien del c\u00e9lebre tit\u00e1n canadiense de las bebidas Seagram, se cre\u00f3 para supervisar las empresas escocesas del conglomerado, incluidas Chivas Brothers y Glenlivet Distillers. Procedente de la familia Bronfman, que amas\u00f3 su fortuna suministrando alcohol a los contrabandistas durante la \u00e9poca de la Ley Seca, esta empresa desempe\u00f1\u00f3 un papel fundamental en la reputaci\u00f3n mundial del whisky escoc\u00e9s Chivas Regal. Sin embargo, tras una incursi\u00f3n en la industria de la m\u00fasica y el entretenimiento que se sald\u00f3 con importantes reveses, la empresa se disolvi\u00f3 en 2001. Posteriormente, sus valiosos activos en vinos y licores fueron adquiridos por Diageo y Pernod Ricard. Las ra\u00edces de Seagram Distillers La historia de Seagram se remonta a 1857 en Waterloo, Ontario, con la creaci\u00f3n de Joseph E. Seagram Co Ltd., una empresa de destilaci\u00f3n de bebidas alcoh\u00f3licas. M\u00e1s de medio siglo despu\u00e9s, en 1928, los hermanos Bronfman, propietarios de Distillers Corporation Ltd, con sede en Montreal, adquirieron Seagram, transform\u00e1ndola en una entidad reconocida internacionalmente. La Distillers Corporation, formada conjuntamente por la familia Bronfman y la Distillers Company Ltd (DCL), con sede en el Reino Unido, gestion\u00f3 la distribuci\u00f3n de las marcas de whisky escoc\u00e9s de DCL en Canad\u00e1. Tambi\u00e9n cre\u00f3 una separaci\u00f3n entre DCL y los contrabandistas que adquir\u00edan legalmente existencias de whisky en Canad\u00e1 para posteriormente introducirlas de contrabando en Estados Unidos durante la Ley Seca. Tras el fin de la Ley Seca en 1933, la familia Bronfman adquiri\u00f3 las acciones de DCL en la Distillers Corporation, con la intenci\u00f3n de ampliar su imperio de destiler\u00edas. En 1935, bajo la direcci\u00f3n de Sam Bronfman, el mayor de los hermanos Bronfman, Seagram Distillers Co. se constituy\u00f3 en Escocia. Aprovechando sus contactos con el corredor de whisky escoc\u00e9s Jimmy Barclay, la empresa adquiri\u00f3 Robert Brown Ltd de Paisley, incluido su importante alijo de whiskies a\u00f1ejos. Al a\u00f1o siguiente, Seagram incorpor\u00f3 Chivas Brothers a su accionariado y adquiri\u00f3 la destiler\u00eda de Milton (rebautizada Strathisla) y otras empresas con valiosas existencias de whisky. Para satisfacer la creciente demanda de whisky, Seagram construy\u00f3 Glen Keith, una moderna destiler\u00eda adyacente a Strathisla, pionera en el uso del gas como fuente de combustible. Al mismo tiempo, la empresa estableci\u00f3 un nuevo complejo de oficinas centrales, embotellado y almacenamiento cerca de Paisley en 1949, complementado con otra instalaci\u00f3n en Dalmuir, Clydebank, en 1970. Transici\u00f3n y expansi\u00f3n El fallecimiento de Sam Bronfman en 1971 marc\u00f3 el traspaso del liderazgo operativo a su hijo, Edgar. Esta \u00e9poca fue testigo de la planificaci\u00f3n y posterior creaci\u00f3n de la destiler\u00eda Braes of Glenlivet (ahora Braeval) en 1973, seguida de la incorporaci\u00f3n de la destiler\u00eda Allt-a-Bhainne, con sede en Glenrinnes, en 1975. El crecimiento continu\u00f3 en 1977 con la adquisici\u00f3n de Glenlivet Distillers Ltd, un conglomerado formado en 1970 mediante la fusi\u00f3n de las destiler\u00edas The Glenlivet, Glen Grant, Longmorn, Caperdonich y BenRiach, junto con Blender Hill, Thompson &amp; Co. de Edimburgo. Cambio de rumbo y transformaci\u00f3n En junio de 1994, Edgar Bronfman Jr. asumi\u00f3 el cargo de Consejero Delegado, con la aspiraci\u00f3n de diversificar la cartera de Seagram aventur\u00e1ndose en la industria del cine y la televisi\u00f3n. Esto le llev\u00f3 a adquirir MCA, propietaria de Universal Pictures y parques tem\u00e1ticos, as\u00ed como Polygram y Deutsche Grammophon. En 2000, se hizo evidente que la incursi\u00f3n de Edgar Jr. en el mundo del entretenimiento no hab\u00eda dado los resultados esperados. Posteriormente, Seagram fue vendida al gigante franc\u00e9s del entretenimiento Vivendi, lo que condujo a la separaci\u00f3n de la empresa. Los activos de vinos y licores de Seagram encontraron nuevos hogares en Diageo y Pernod Ricard. El t\u00edo de Edgar Jr. calific\u00f3 la ca\u00edda de Seagram de &#8220;desastre y tragedia familiar&#8221;;[\/vc_column_text][\/vc_column][vc_column width=&#8221;1\/2&#8243;][vc_single_image image=&#8221;77183&#8243; img_size=&#8221;large&#8221;]<div class=\"woocommerce columns-4 \"><ul class=\"products columns-4\">\n<li class=\"product type-product post-80183 status-publish first instock product_cat-whisky-by-brand product_cat-seagram-es product_cat-canada-es has-post-thumbnail taxable shipping-taxable purchasable product-type-simple\">\n\t<a href=\"https:\/\/whisky.ad\/es\/producto\/seagrams-vo-whisky-0-7l-40\/\" class=\"woocommerce-LoopProduct-link woocommerce-loop-product__link\"><img loading=\"lazy\" decoding=\"async\" width=\"300\" height=\"300\" src=\"https:\/\/whisky.ad\/wp-content\/uploads\/2023\/07\/Seagram-VO-300x300.png\" class=\"attachment-woocommerce_thumbnail size-woocommerce_thumbnail\" alt=\"SEAGRAM\u00b4S VO WHISKY 0.7L 40%\" srcset=\"https:\/\/whisky.ad\/wp-content\/uploads\/2023\/07\/Seagram-VO-300x300.png 300w, https:\/\/whisky.ad\/wp-content\/uploads\/2023\/07\/Seagram-VO-500x500.png 500w, https:\/\/whisky.ad\/wp-content\/uploads\/2023\/07\/Seagram-VO-100x100.png 100w, https:\/\/whisky.ad\/wp-content\/uploads\/2023\/07\/Seagram-VO-150x150.png 150w, https:\/\/whisky.ad\/wp-content\/uploads\/2023\/07\/Seagram-VO-768x768.png 768w, https:\/\/whisky.ad\/wp-content\/uploads\/2023\/07\/Seagram-VO-1024x1024.png 1024w\" sizes=\"auto, (max-width: 300px) 100vw, 300px\" \/><h2 class=\"woocommerce-loop-product__title\">SEAGRAM\u00b4S VO WHISKY 0.7L 40%<\/h2>\n\t<span class=\"price\"><span class=\"woocommerce-Price-amount amount\"><bdi><span class=\"woocommerce-Price-currencySymbol\">&euro;<\/span>12.95<\/bdi><\/span><\/span>\n<\/a><a href=\"\/es\/wp-json\/wp\/v2\/pages\/79470?add-to-cart=80183\" aria-describedby=\"woocommerce_loop_add_to_cart_link_describedby_80183\" data-quantity=\"1\" class=\"button product_type_simple add_to_cart_button ajax_add_to_cart\" data-product_id=\"80183\" data-product_sku=\"\" aria-label=\"A\u00f1adir al carrito: &ldquo;SEAGRAM\u00b4S VO WHISKY 0.7L 40%&rdquo;\" rel=\"nofollow\" data-success_message=\"\u00abSEAGRAM\u00b4S VO WHISKY 0.7L 40%\u00bb se ha a\u00f1adido a tu carrito\" title=\"Minimum qty is 1\">A\u00f1adir al carrito<\/a>\t<span id=\"woocommerce_loop_add_to_cart_link_describedby_80183\" class=\"screen-reader-text\">\n\t\t\t<\/span>\n<\/li>\n<\/ul>\n<\/div>[\/vc_column][\/vc_row]\n","protected":false},"excerpt":{"rendered":"<p>[vc_row type=&#8221;container&#8221; padding_top=&#8221;&#8221; padding_bottom=&#8221;&#8221;][vc_column width=&#8221;1\/2&#8243;][vc_column_text]Seagram Distillers EXPERT DISTILLING &amp; BLENDING La pr\u00f3spera rama de Seagram, el fat\u00eddico gigante canadiense de las destiler\u00edas, especializada en el arte de elaborar un whisky escoc\u00e9s excepcional. Seagram Distillers: Una mirada m\u00e1s de cerca Seagram Distillers PLC, filial al cien por cien del c\u00e9lebre tit\u00e1n canadiense de las bebidas Seagram, [&hellip;]<\/p>\n","protected":false},"author":1,"featured_media":0,"parent":79248,"menu_order":0,"comment_status":"closed","ping_status":"closed","template":"page-full-width.php","meta":{"_acf_changed":false,"footnotes":""},"class_list":["post-79470","page","type-page","status-publish","hentry"],"acf":[],"aioseo_notices":[],"jetpack_sharing_enabled":true,"jetpack_shortlink":"https:\/\/wp.me\/PemYjf-kFM","_links":{"self":[{"href":"https:\/\/whisky.ad\/es\/wp-json\/wp\/v2\/pages\/79470","targetHints":{"allow":["GET"]}}],"collection":[{"href":"https:\/\/whisky.ad\/es\/wp-json\/wp\/v2\/pages"}],"about":[{"href":"https:\/\/whisky.ad\/es\/wp-json\/wp\/v2\/types\/page"}],"author":[{"embeddable":true,"href":"https:\/\/whisky.ad\/es\/wp-json\/wp\/v2\/users\/1"}],"replies":[{"embeddable":true,"href":"https:\/\/whisky.ad\/es\/wp-json\/wp\/v2\/comments?post=79470"}],"version-history":[{"count":3,"href":"https:\/\/whisky.ad\/es\/wp-json\/wp\/v2\/pages\/79470\/revisions"}],"predecessor-version":[{"id":79473,"href":"https:\/\/whisky.ad\/es\/wp-json\/wp\/v2\/pages\/79470\/revisions\/79473"}],"up":[{"embeddable":true,"href":"https:\/\/whisky.ad\/es\/wp-json\/wp\/v2\/pages\/79248"}],"wp:attachment":[{"href":"https:\/\/whisky.ad\/es\/wp-json\/wp\/v2\/media?parent=79470"}],"curies":[{"name":"wp","href":"https:\/\/api.w.org\/{rel}","templated":true}]}}