{"id":79458,"date":"2022-12-16T11:14:52","date_gmt":"2022-12-16T10:14:52","guid":{"rendered":"https:\/\/whisky.ad\/whisky\/sazerac\/"},"modified":"2023-12-16T11:44:01","modified_gmt":"2023-12-16T10:44:01","slug":"sazerac","status":"publish","type":"page","link":"https:\/\/whisky.ad\/es\/whisky\/sazerac\/","title":{"rendered":"Sazerac"},"content":{"rendered":"[vc_row type=&#8221;container&#8221; padding_top=&#8221;&#8221; padding_bottom=&#8221;&#8221;][vc_column][vc_images_carousel images=&#8221;77456&#8243; img_size=&#8221;full&#8221;][vc_column_text]<strong>Un legado de casi 400 a\u00f1os: Pasado, presente y futuro<\/strong><\/p>\n<p>Con una historia enriquecida por casi cuatro siglos, nuestro viaje encierra un tapiz de historias notables, y nuestra trayectoria est\u00e1 preparada para un futuro a\u00fan m\u00e1s radiante. Desde el principio, nuestra evoluci\u00f3n ha estado guiada por pilares fundamentales: un vigor empresarial innato, una aspiraci\u00f3n a prosperar y una resistencia inquebrantable. Nuestros or\u00edgenes est\u00e1n profundamente arraigados en el mundo del co\u00f1ac en Francia, que posteriormente allan\u00f3 el camino para la aparici\u00f3n de caf\u00e9s y bares en Nueva Orleans, el emblem\u00e1tico c\u00f3ctel Sazerac y, finalmente, culmin\u00f3 en la formaci\u00f3n de la estimada entidad que hoy conocemos como Sazerac Company. El entusiasmo por nuestros pr\u00f3ximos cap\u00edtulos es palpable, a medida que nos embarcamos en nuestro papel de principal empresa mundial de bebidas espirituosas comprometida con la presentaci\u00f3n de las mejores bebidas del mundo a nuestros valiosos clientes. Al mismo tiempo, nos dedicamos a fomentar un entorno de trabajo excepcional para nuestro equipo y a mostrar una sincera preocupaci\u00f3n por las comunidades de las que formamos parte. <\/p>\n<p><strong>De 1630 a 1800 &#8211; Regi\u00f3n francesa de Cognac: Nuestros or\u00edgenes franceses<\/strong><\/p>\n<p>Nuestra saga comienza en la regi\u00f3n de Cognac, al oeste de Francia, donde el nombre de la familia Sazerac ha despertado admiraci\u00f3n y reverencia en el mundo de los espirituosos. El ep\u00f3nimo Sazerac de Forge et Fils fue el espirituoso original empleado en la creaci\u00f3n del c\u00f3ctel Sazerac y posteriormente se convirti\u00f3 en sin\u00f3nimo de la distinguida cafeter\u00eda Sazerac. <\/p>\n<p><strong>1800 a 1850 &#8211; Nueva Orleans: El Sazerac llega a la Big Easy<\/strong><\/p>\n<p>El legado de Sazerac se extiende a Nueva Orleans, donde el co\u00f1ac Sazerac De Forge Et Fils encontr\u00f3 un hogar y se convirti\u00f3 r\u00e1pidamente en un favorito local, dando lugar a varias versiones de la Casa Sazerac. Situados en el coraz\u00f3n del casco hist\u00f3rico de Nueva Orleans, estos establecimientos, junto con sus ilustres propietarios y clientes, desempe\u00f1aron un papel decisivo en la configuraci\u00f3n del panorama de la venta de licores al por mayor que acabar\u00eda convirti\u00e9ndose en la pr\u00f3spera Sazerac Company. <\/p>\n<p><strong>1900 a 1950 &#8211; Nueva Orleans: La Ley Seca agita las cosas<\/strong><\/p>\n<p>Los albores del siglo XX marcaron el comienzo de una era de crecimiento y expansi\u00f3n, en la que Sazerac Company naveg\u00f3 por el din\u00e1mico panorama de la industria de las bebidas espirituosas. En esta \u00e9poca se lanz\u00f3 el vodka TAAKA, pionero en el mercado estadounidense, que se convirti\u00f3 en una de nuestras marcas m\u00e1s triunfantes. <\/p>\n<p><strong>De 2000 a hoy &#8211; Global: Sazerac cierra el c\u00edrculo<\/strong><\/p>\n<p>Al entrar en el siglo XXI, Sazerac Company se embarc\u00f3 en una trayectoria que cerraba el c\u00edrculo, reconectando con sus ra\u00edces al tiempo que se embarcaba en nuevos horizontes. Iniciativas como la compra de la destiler\u00eda A. Smith Bowman, la introducci\u00f3n del Sazerac Rye Whiskey, que recuerda a su hom\u00f3logo de 1880, y la adquisici\u00f3n de marcas e instalaciones de gran prestigio consolidaron nuestro estatus de potencia mundial. A trav\u00e9s de su rica y diversa trayectoria, Sazerac Company sigue siendo un testimonio de resistencia, innovaci\u00f3n y un legado que abarca generaciones. Al embarcarnos en nuevos horizontes, llevamos adelante la antorcha encendida hace casi 400 a\u00f1os, guiados por un compromiso inquebrantable con la excelencia, la comunidad y la b\u00fasqueda de espirituosos excepcionales. El futuro brilla m\u00e1s que nunca mientras tejemos el siguiente cap\u00edtulo de nuestra perdurable historia.[\/vc_column_text]<div class=\"woocommerce columns-4 \"><ul class=\"products columns-4\">\n<li class=\"product type-product post-78673 status-publish first instock product_cat-kentucky-es has-post-thumbnail taxable shipping-taxable purchasable product-type-simple\">\n\t<a href=\"https:\/\/whisky.ad\/es\/producto\/e-h-taylor-small-batch-50-0-75l\/\" class=\"woocommerce-LoopProduct-link woocommerce-loop-product__link\"><img loading=\"lazy\" decoding=\"async\" width=\"300\" height=\"300\" src=\"https:\/\/whisky.ad\/wp-content\/uploads\/2023\/08\/eh-taylor-small-batch-desktop-bottle-1-300x300.png\" class=\"attachment-woocommerce_thumbnail size-woocommerce_thumbnail\" alt=\"E.H. Taylor Small Batch 50% 0.75l\" srcset=\"https:\/\/whisky.ad\/wp-content\/uploads\/2023\/08\/eh-taylor-small-batch-desktop-bottle-1-300x300.png 300w, https:\/\/whisky.ad\/wp-content\/uploads\/2023\/08\/eh-taylor-small-batch-desktop-bottle-1-500x500.png 500w, https:\/\/whisky.ad\/wp-content\/uploads\/2023\/08\/eh-taylor-small-batch-desktop-bottle-1-100x100.png 100w, https:\/\/whisky.ad\/wp-content\/uploads\/2023\/08\/eh-taylor-small-batch-desktop-bottle-1-150x150.png 150w, https:\/\/whisky.ad\/wp-content\/uploads\/2023\/08\/eh-taylor-small-batch-desktop-bottle-1-768x768.png 768w, https:\/\/whisky.ad\/wp-content\/uploads\/2023\/08\/eh-taylor-small-batch-desktop-bottle-1-1024x1024.png 1024w\" sizes=\"auto, (max-width: 300px) 100vw, 300px\" \/><h2 class=\"woocommerce-loop-product__title\">E.H. Taylor Small Batch 50% 0.75l<\/h2>\n\t<span class=\"price\"><span class=\"woocommerce-Price-amount amount\"><bdi><span class=\"woocommerce-Price-currencySymbol\">&euro;<\/span>69.95<\/bdi><\/span><\/span>\n<\/a><a href=\"\/es\/wp-json\/wp\/v2\/pages\/79458?add-to-cart=78673\" aria-describedby=\"woocommerce_loop_add_to_cart_link_describedby_78673\" data-quantity=\"1\" class=\"button product_type_simple add_to_cart_button ajax_add_to_cart\" data-product_id=\"78673\" data-product_sku=\"\" aria-label=\"A\u00f1adir al carrito: &ldquo;E.H. Taylor Small Batch 50% 0.75l&rdquo;\" rel=\"nofollow\" data-success_message=\"\u00abE.H. Taylor Small Batch 50% 0.75l\u00bb se ha a\u00f1adido a tu carrito\" title=\"Minimum qty is 1\">A\u00f1adir al carrito<\/a>\t<span id=\"woocommerce_loop_add_to_cart_link_describedby_78673\" class=\"screen-reader-text\">\n\t\t\t<\/span>\n<\/li>\n<li class=\"product type-product post-79096 status-publish instock product_cat-kentucky-es has-post-thumbnail taxable shipping-taxable purchasable product-type-simple\">\n\t<a href=\"https:\/\/whisky.ad\/es\/producto\/southern-comfort-original-35-0-7l\/\" class=\"woocommerce-LoopProduct-link woocommerce-loop-product__link\"><img loading=\"lazy\" decoding=\"async\" width=\"300\" height=\"300\" src=\"https:\/\/whisky.ad\/wp-content\/uploads\/2023\/08\/download-10-300x300.jpeg\" class=\"attachment-woocommerce_thumbnail size-woocommerce_thumbnail\" alt=\"Southern Comfort Original 35% 0.7l\" srcset=\"https:\/\/whisky.ad\/wp-content\/uploads\/2023\/08\/download-10-300x300.jpeg 300w, https:\/\/whisky.ad\/wp-content\/uploads\/2023\/08\/download-10-500x500.jpeg 500w, https:\/\/whisky.ad\/wp-content\/uploads\/2023\/08\/download-10-100x100.jpeg 100w, https:\/\/whisky.ad\/wp-content\/uploads\/2023\/08\/download-10-150x150.jpeg 150w, https:\/\/whisky.ad\/wp-content\/uploads\/2023\/08\/download-10-768x768.jpeg 768w, https:\/\/whisky.ad\/wp-content\/uploads\/2023\/08\/download-10-1024x1024.jpeg 1024w\" sizes=\"auto, (max-width: 300px) 100vw, 300px\" \/><h2 class=\"woocommerce-loop-product__title\">Southern Comfort Original 35% 0.7l<\/h2>\n\t<span class=\"price\"><span class=\"woocommerce-Price-amount amount\"><bdi><span class=\"woocommerce-Price-currencySymbol\">&euro;<\/span>7.39<\/bdi><\/span><\/span>\n<\/a><a href=\"\/es\/wp-json\/wp\/v2\/pages\/79458?add-to-cart=79096\" aria-describedby=\"woocommerce_loop_add_to_cart_link_describedby_79096\" data-quantity=\"1\" class=\"button product_type_simple add_to_cart_button ajax_add_to_cart\" data-product_id=\"79096\" data-product_sku=\"\" aria-label=\"A\u00f1adir al carrito: &ldquo;Southern Comfort Original 35% 0.7l&rdquo;\" rel=\"nofollow\" data-success_message=\"\u00abSouthern Comfort Original 35% 0.7l\u00bb se ha a\u00f1adido a tu carrito\" title=\"Minimum qty is 1\">A\u00f1adir al carrito<\/a>\t<span id=\"woocommerce_loop_add_to_cart_link_describedby_79096\" class=\"screen-reader-text\">\n\t\t\t<\/span>\n<\/li>\n<li class=\"product type-product post-79093 status-publish instock product_cat-kentucky-es has-post-thumbnail taxable shipping-taxable purchasable product-type-simple\">\n\t<a href=\"https:\/\/whisky.ad\/es\/producto\/southern-comfort-black-40-1l\/\" class=\"woocommerce-LoopProduct-link woocommerce-loop-product__link\"><img loading=\"lazy\" decoding=\"async\" width=\"300\" height=\"300\" src=\"https:\/\/whisky.ad\/wp-content\/uploads\/2023\/08\/download-11-300x300.jpeg\" class=\"attachment-woocommerce_thumbnail size-woocommerce_thumbnail\" alt=\"Southern Comfort Black 40% 1l\" srcset=\"https:\/\/whisky.ad\/wp-content\/uploads\/2023\/08\/download-11-300x300.jpeg 300w, https:\/\/whisky.ad\/wp-content\/uploads\/2023\/08\/download-11-500x500.jpeg 500w, https:\/\/whisky.ad\/wp-content\/uploads\/2023\/08\/download-11-100x100.jpeg 100w, https:\/\/whisky.ad\/wp-content\/uploads\/2023\/08\/download-11-150x150.jpeg 150w, https:\/\/whisky.ad\/wp-content\/uploads\/2023\/08\/download-11-768x768.jpeg 768w, https:\/\/whisky.ad\/wp-content\/uploads\/2023\/08\/download-11-1024x1024.jpeg 1024w\" sizes=\"auto, (max-width: 300px) 100vw, 300px\" \/><h2 class=\"woocommerce-loop-product__title\">Southern Comfort Black 40% 1l<\/h2>\n\t<span class=\"price\"><span class=\"woocommerce-Price-amount amount\"><bdi><span class=\"woocommerce-Price-currencySymbol\">&euro;<\/span>9.49<\/bdi><\/span><\/span>\n<\/a><a href=\"\/es\/wp-json\/wp\/v2\/pages\/79458?add-to-cart=79093\" aria-describedby=\"woocommerce_loop_add_to_cart_link_describedby_79093\" data-quantity=\"1\" class=\"button product_type_simple add_to_cart_button ajax_add_to_cart\" data-product_id=\"79093\" data-product_sku=\"\" aria-label=\"A\u00f1adir al carrito: &ldquo;Southern Comfort Black 40% 1l&rdquo;\" rel=\"nofollow\" data-success_message=\"\u00abSouthern Comfort Black 40% 1l\u00bb se ha a\u00f1adido a tu carrito\" title=\"Minimum qty is 1\">A\u00f1adir al carrito<\/a>\t<span id=\"woocommerce_loop_add_to_cart_link_describedby_79093\" class=\"screen-reader-text\">\n\t\t\t<\/span>\n<\/li>\n<li class=\"product type-product post-79082 status-publish last instock product_cat-kentucky-es product_cat-sazerac-es has-post-thumbnail taxable shipping-taxable purchasable product-type-simple\">\n\t<a href=\"https:\/\/whisky.ad\/es\/producto\/sazerac-rye-45-0-7l\/\" class=\"woocommerce-LoopProduct-link woocommerce-loop-product__link\"><img loading=\"lazy\" decoding=\"async\" width=\"300\" height=\"300\" src=\"https:\/\/whisky.ad\/wp-content\/uploads\/2023\/08\/download-8-1-300x300.jpeg\" class=\"attachment-woocommerce_thumbnail size-woocommerce_thumbnail\" alt=\"Sazerac Rye 45% 0.7l\" srcset=\"https:\/\/whisky.ad\/wp-content\/uploads\/2023\/08\/download-8-1-300x300.jpeg 300w, https:\/\/whisky.ad\/wp-content\/uploads\/2023\/08\/download-8-1-500x500.jpeg 500w, https:\/\/whisky.ad\/wp-content\/uploads\/2023\/08\/download-8-1-100x100.jpeg 100w, https:\/\/whisky.ad\/wp-content\/uploads\/2023\/08\/download-8-1-150x150.jpeg 150w, https:\/\/whisky.ad\/wp-content\/uploads\/2023\/08\/download-8-1-768x768.jpeg 768w, https:\/\/whisky.ad\/wp-content\/uploads\/2023\/08\/download-8-1-1024x1024.jpeg 1024w\" sizes=\"auto, (max-width: 300px) 100vw, 300px\" \/><h2 class=\"woocommerce-loop-product__title\">Sazerac Rye 45% 0.7l<\/h2>\n\t<span class=\"price\"><span class=\"woocommerce-Price-amount amount\"><bdi><span class=\"woocommerce-Price-currencySymbol\">&euro;<\/span>32.95<\/bdi><\/span><\/span>\n<\/a><a href=\"\/es\/wp-json\/wp\/v2\/pages\/79458?add-to-cart=79082\" aria-describedby=\"woocommerce_loop_add_to_cart_link_describedby_79082\" data-quantity=\"1\" class=\"button product_type_simple add_to_cart_button ajax_add_to_cart\" data-product_id=\"79082\" data-product_sku=\"\" aria-label=\"A\u00f1adir al carrito: &ldquo;Sazerac Rye 45% 0.7l&rdquo;\" rel=\"nofollow\" data-success_message=\"\u00abSazerac Rye 45% 0.7l\u00bb se ha a\u00f1adido a tu carrito\" title=\"Minimum qty is 1\">A\u00f1adir al carrito<\/a>\t<span id=\"woocommerce_loop_add_to_cart_link_describedby_79082\" class=\"screen-reader-text\">\n\t\t\t<\/span>\n<\/li>\n<li class=\"product type-product post-78676 status-publish first instock product_cat-kentucky-es has-post-thumbnail taxable shipping-taxable purchasable product-type-simple\">\n\t<a href=\"https:\/\/whisky.ad\/es\/producto\/eagle-rare-10yo-45-0-7l\/\" class=\"woocommerce-LoopProduct-link woocommerce-loop-product__link\"><img loading=\"lazy\" decoding=\"async\" width=\"300\" height=\"300\" src=\"https:\/\/whisky.ad\/wp-content\/uploads\/2023\/08\/download-12-300x300.jpeg\" class=\"attachment-woocommerce_thumbnail size-woocommerce_thumbnail\" alt=\"Eagle Rare 10yo 45% 0.7l\" srcset=\"https:\/\/whisky.ad\/wp-content\/uploads\/2023\/08\/download-12-300x300.jpeg 300w, https:\/\/whisky.ad\/wp-content\/uploads\/2023\/08\/download-12-500x500.jpeg 500w, https:\/\/whisky.ad\/wp-content\/uploads\/2023\/08\/download-12-100x100.jpeg 100w, https:\/\/whisky.ad\/wp-content\/uploads\/2023\/08\/download-12-150x150.jpeg 150w, https:\/\/whisky.ad\/wp-content\/uploads\/2023\/08\/download-12-768x768.jpeg 768w, https:\/\/whisky.ad\/wp-content\/uploads\/2023\/08\/download-12-1024x1024.jpeg 1024w\" sizes=\"auto, (max-width: 300px) 100vw, 300px\" \/><h2 class=\"woocommerce-loop-product__title\">Eagle Rare 10yo 45% 0.7l<\/h2>\n\t<span class=\"price\"><span class=\"woocommerce-Price-amount amount\"><bdi><span class=\"woocommerce-Price-currencySymbol\">&euro;<\/span>29.95<\/bdi><\/span><\/span>\n<\/a><a href=\"\/es\/wp-json\/wp\/v2\/pages\/79458?add-to-cart=78676\" aria-describedby=\"woocommerce_loop_add_to_cart_link_describedby_78676\" data-quantity=\"1\" class=\"button product_type_simple add_to_cart_button ajax_add_to_cart\" data-product_id=\"78676\" data-product_sku=\"\" aria-label=\"A\u00f1adir al carrito: &ldquo;Eagle Rare 10yo 45% 0.7l&rdquo;\" rel=\"nofollow\" data-success_message=\"\u00abEagle Rare 10yo 45% 0.7l\u00bb se ha a\u00f1adido a tu carrito\" title=\"Minimum qty is 1\">A\u00f1adir al carrito<\/a>\t<span id=\"woocommerce_loop_add_to_cart_link_describedby_78676\" class=\"screen-reader-text\">\n\t\t\t<\/span>\n<\/li>\n<li class=\"product type-product post-78532 status-publish instock product_cat-kentucky-es product_cat-presentado product_cat-usa-es has-post-thumbnail sale featured taxable shipping-taxable purchasable product-type-simple\">\n\t<a href=\"https:\/\/whisky.ad\/es\/producto\/buffalo-trace-40-0-7l\/\" class=\"woocommerce-LoopProduct-link woocommerce-loop-product__link\">\n\t<span class=\"onsale\">\u00a1Oferta!<\/span>\n\t<img loading=\"lazy\" decoding=\"async\" width=\"300\" height=\"300\" src=\"https:\/\/whisky.ad\/wp-content\/uploads\/2023\/08\/download-13-300x300.jpeg\" class=\"attachment-woocommerce_thumbnail size-woocommerce_thumbnail\" alt=\"Buffalo Trace 40% 0.7l\" srcset=\"https:\/\/whisky.ad\/wp-content\/uploads\/2023\/08\/download-13-300x300.jpeg 300w, https:\/\/whisky.ad\/wp-content\/uploads\/2023\/08\/download-13-500x500.jpeg 500w, https:\/\/whisky.ad\/wp-content\/uploads\/2023\/08\/download-13-100x100.jpeg 100w, https:\/\/whisky.ad\/wp-content\/uploads\/2023\/08\/download-13-150x150.jpeg 150w, https:\/\/whisky.ad\/wp-content\/uploads\/2023\/08\/download-13-768x768.jpeg 768w, https:\/\/whisky.ad\/wp-content\/uploads\/2023\/08\/download-13-1024x1024.jpeg 1024w\" sizes=\"auto, (max-width: 300px) 100vw, 300px\" \/><h2 class=\"woocommerce-loop-product__title\">Buffalo Trace 40% 0.7l<\/h2>\n\t<span class=\"price\"><del aria-hidden=\"true\"><span class=\"woocommerce-Price-amount amount\"><bdi><span class=\"woocommerce-Price-currencySymbol\">&euro;<\/span>17.95<\/bdi><\/span><\/del> <span class=\"screen-reader-text\">El precio original era: &euro;17.95.<\/span><ins aria-hidden=\"true\"><span class=\"woocommerce-Price-amount amount\"><bdi><span class=\"woocommerce-Price-currencySymbol\">&euro;<\/span>16.95<\/bdi><\/span><\/ins><span class=\"screen-reader-text\">El precio actual es: &euro;16.95.<\/span><\/span>\n<\/a><a href=\"\/es\/wp-json\/wp\/v2\/pages\/79458?add-to-cart=78532\" aria-describedby=\"woocommerce_loop_add_to_cart_link_describedby_78532\" data-quantity=\"1\" class=\"button product_type_simple add_to_cart_button ajax_add_to_cart\" data-product_id=\"78532\" data-product_sku=\"\" aria-label=\"A\u00f1adir al carrito: &ldquo;Buffalo Trace 40% 0.7l&rdquo;\" rel=\"nofollow\" data-success_message=\"\u00abBuffalo Trace 40% 0.7l\u00bb se ha a\u00f1adido a tu carrito\" title=\"Minimum qty is 1\">A\u00f1adir al carrito<\/a>\t<span id=\"woocommerce_loop_add_to_cart_link_describedby_78532\" class=\"screen-reader-text\">\n\t\t\t<\/span>\n<\/li>\n<\/ul>\n<\/div>[\/vc_column][\/vc_row]\n","protected":false},"excerpt":{"rendered":"<p>[vc_row type=&#8221;container&#8221; padding_top=&#8221;&#8221; padding_bottom=&#8221;&#8221;][vc_column][vc_images_carousel images=&#8221;77456&#8243; img_size=&#8221;full&#8221;][vc_column_text]Un legado de casi 400 a\u00f1os: Pasado, presente y futuro Con una historia enriquecida por casi cuatro siglos, nuestro viaje encierra un tapiz de historias notables, y nuestra trayectoria est\u00e1 preparada para un futuro a\u00fan m\u00e1s radiante. Desde el principio, nuestra evoluci\u00f3n ha estado guiada por pilares fundamentales: un vigor [&hellip;]<\/p>\n","protected":false},"author":1,"featured_media":0,"parent":79248,"menu_order":0,"comment_status":"closed","ping_status":"closed","template":"page-full-width.php","meta":{"_acf_changed":false,"footnotes":""},"class_list":["post-79458","page","type-page","status-publish","hentry"],"acf":[],"aioseo_notices":[],"jetpack_sharing_enabled":true,"jetpack_shortlink":"https:\/\/wp.me\/PemYjf-kFA","_links":{"self":[{"href":"https:\/\/whisky.ad\/es\/wp-json\/wp\/v2\/pages\/79458","targetHints":{"allow":["GET"]}}],"collection":[{"href":"https:\/\/whisky.ad\/es\/wp-json\/wp\/v2\/pages"}],"about":[{"href":"https:\/\/whisky.ad\/es\/wp-json\/wp\/v2\/types\/page"}],"author":[{"embeddable":true,"href":"https:\/\/whisky.ad\/es\/wp-json\/wp\/v2\/users\/1"}],"replies":[{"embeddable":true,"href":"https:\/\/whisky.ad\/es\/wp-json\/wp\/v2\/comments?post=79458"}],"version-history":[{"count":3,"href":"https:\/\/whisky.ad\/es\/wp-json\/wp\/v2\/pages\/79458\/revisions"}],"predecessor-version":[{"id":79461,"href":"https:\/\/whisky.ad\/es\/wp-json\/wp\/v2\/pages\/79458\/revisions\/79461"}],"up":[{"embeddable":true,"href":"https:\/\/whisky.ad\/es\/wp-json\/wp\/v2\/pages\/79248"}],"wp:attachment":[{"href":"https:\/\/whisky.ad\/es\/wp-json\/wp\/v2\/media?parent=79458"}],"curies":[{"name":"wp","href":"https:\/\/api.w.org\/{rel}","templated":true}]}}