{"id":79434,"date":"2022-12-16T11:13:01","date_gmt":"2022-12-16T10:13:01","guid":{"rendered":"https:\/\/whisky.ad\/whisky\/paul-john\/"},"modified":"2023-12-16T11:11:33","modified_gmt":"2023-12-16T10:11:33","slug":"paul-john","status":"publish","type":"page","link":"https:\/\/whisky.ad\/es\/whisky\/paul-john\/","title":{"rendered":"Paul John"},"content":{"rendered":"[vc_row type=&#8221;container&#8221; padding_top=&#8221;&#8221; padding_bottom=&#8221;&#8221;][vc_column width=&#8221;1\/2&#8243;][vc_column_text]<strong>Paul P John: Arquitecto de un legado de whisky<\/strong><\/p>\n<p>Paul P John, el visionario Presidente de John Distilleries, se embarc\u00f3 en su incursi\u00f3n en la industria de las bebidas alcoh\u00f3licas en 1996. En un lapso relativamente corto de poco m\u00e1s de una d\u00e9cada, su esfera de influencia se extendi\u00f3 m\u00e1s all\u00e1 de su sede en Bangalore, Karnataka, abarcando los estados indios vecinos e incluso trascendiendo las fronteras internacionales. Impulsado por su inquebrantable pasi\u00f3n por los single malts, Paul P John se inspir\u00f3 para presentar al mundo los Paul John Indian Single Malts. Profundamente inmerso en la investigaci\u00f3n, descubri\u00f3 el potencial de la elaboraci\u00f3n de single malts de primera calidad en la India con ingredientes aut\u00f3ctonos. Esta constataci\u00f3n le llev\u00f3 a establecer una f\u00e1brica de malta en la pintoresca localidad de Goa, que acab\u00f3 produciendo algunos de los single malts m\u00e1s distinguidos del mundo. Estas expresiones, introducidas en los mercados mundiales, obtuvieron un amplio reconocimiento y una serie de prestigiosos premios internacionales. <\/p>\n<p><strong>Un v\u00ednculo simbi\u00f3tico: Goa y la artesan\u00eda del whisky<\/strong><\/p>\n<p>El cautivador encanto de Goa, caracterizada por su rico patrimonio cultural, sus playas ba\u00f1adas por el sol y su c\u00e1lida hospitalidad, atrajo a Paul P John para convertirla en el crisol de sus single malts. El ambiente tranquilo de Goa, sin\u00f3nimo del disfrute pausado de un buen whisky de malta, actu\u00f3 como catalizador de esta decisi\u00f3n crucial. El clima tropical y la humedad ambiental aceleraron el proceso de maduraci\u00f3n, confiriendo a cada whisky un car\u00e1cter \u00fanico que refleja las m\u00faltiples facetas de Goa.  <\/p>\n<p><strong>Las mentes maestras: El legado de John Distilleries<\/strong><\/p>\n<p>Fundada en 1996, John Distilleries se convirti\u00f3 r\u00e1pidamente en un destacado actor mundial en el sector de las bebidas alcoh\u00f3licas. La empresa cuenta con una impresionante cartera de whisky, brandy, ron, vinos premium y single malts. Su marca insignia, Original Choice, es una de las marcas de whisky m\u00e1s vendidas del mundo, con unas ventas anuales que superan los 11 millones de cajas. Esta distinci\u00f3n sit\u00faa a John Distilleries como la cuarta mayor entidad licorera de la India, con una red de instalaciones de producci\u00f3n que abarca 12 emplazamientos en 8 estados.   <\/p>\n<p><strong>Un visionario del whisky: The Great Indian Single Malt<\/strong><\/p>\n<p>La ambici\u00f3n de Paul P John era encapsular los diversos matices de la India en el \u00e1mbito del whisky de malta. A\u00f1os de meticulosa investigaci\u00f3n y un profundo conocimiento de la destilaci\u00f3n culminaron en el nacimiento de lo que \u00e9l bautiz\u00f3 acertadamente como &#8220;El Gran Single Malt Indio&#8221;. Esta visi\u00f3n triunfante se plasm\u00f3 en la pr\u00f3spera reputaci\u00f3n de Paul John Whisky, una marca cuyas ventas superan los 17 millones de cajas.  <\/p>\n<p><strong>Las complejidades de la artesan\u00eda: La cebada de seis filas<\/strong><\/p>\n<p>La elecci\u00f3n de la cebada de seis carreras, procedente meticulosamente de regiones que abarcan desde las estribaciones del Himalaya hasta diversos lugares, subraya el compromiso de elaborar whiskies de distinci\u00f3n. Esta cebada, que destaca por su elevado contenido en prote\u00ednas y taninos, contribuye a un perfil de sabor audaz y robusto. Su mayor contenido de c\u00e1scaras produce un lavado m\u00e1s aceitoso, lo que da como resultado una bebida espirituosa m\u00e1s rica y lujosa. La decisi\u00f3n de embotellar los whiskies Paul John a no menos de 46% ABV y de renunciar al filtrado en fr\u00edo es un testimonio de esta inquebrantable dedicaci\u00f3n a la calidad.   <\/p>\n<p><strong>Goa&#8217;s Essence: An Integral Ingredient.<\/strong><\/p>\n<p>El encanto de Goa, m\u00e1s all\u00e1 de su microclima, ocupa un lugar especial en el coraz\u00f3n de Paul P John. Sus playas v\u00edrgenes, su deliciosa cocina y su ambiente hospitalario la convirtieron en el lienzo ideal para la creaci\u00f3n de su malter\u00eda. El agua, componente fundamental de la producci\u00f3n de whisky, se obtiene de la pura capa fre\u00e1tica de Goa, enriquecida por el agua de lluvia y la filtraci\u00f3n natural del agua que fluye por los Ghats occidentales. Esto garantiza la impecable calidad de los whiskies, caracterizados por un armonioso equilibrio mineral que refleja la esencia misma de Goa.[\/vc_column_text][\/vc_column][vc_column width=&#8221;1\/2&#8243;][vc_single_image image=&#8221;76328&#8243; img_size=&#8221;large&#8221;]<div class=\"woocommerce columns-4 \"><ul class=\"products columns-4\">\n<li class=\"product type-product post-80067 status-publish first outofstock product_cat-paul-john-es product_cat-india-es has-post-thumbnail taxable shipping-taxable product-type-simple\">\n\t<a href=\"https:\/\/whisky.ad\/es\/producto\/paul-john-peated-select-cask-55-5-0-7l\/\" class=\"woocommerce-LoopProduct-link woocommerce-loop-product__link\"><img loading=\"lazy\" decoding=\"async\" width=\"300\" height=\"300\" src=\"https:\/\/whisky.ad\/wp-content\/uploads\/2023\/08\/peated-select-cask-300x300.png\" class=\"attachment-woocommerce_thumbnail size-woocommerce_thumbnail\" alt=\"Paul John Peated Select Cask 55.5% 0.7l\" srcset=\"https:\/\/whisky.ad\/wp-content\/uploads\/2023\/08\/peated-select-cask-300x300.png 300w, https:\/\/whisky.ad\/wp-content\/uploads\/2023\/08\/peated-select-cask-500x500.png 500w, https:\/\/whisky.ad\/wp-content\/uploads\/2023\/08\/peated-select-cask-100x100.png 100w, https:\/\/whisky.ad\/wp-content\/uploads\/2023\/08\/peated-select-cask-150x150.png 150w, https:\/\/whisky.ad\/wp-content\/uploads\/2023\/08\/peated-select-cask-768x768.png 768w, https:\/\/whisky.ad\/wp-content\/uploads\/2023\/08\/peated-select-cask-1024x1024.png 1024w\" sizes=\"auto, (max-width: 300px) 100vw, 300px\" \/><span class=\"out-of-stock-label\" style=\"color:red; font-weight:bold; margin-left:10px;\">Out of stock<\/span><h2 class=\"woocommerce-loop-product__title\">Paul John Peated Select Cask 55.5% 0.7l<\/h2>\n<\/a><a href=\"https:\/\/whisky.ad\/es\/producto\/paul-john-peated-select-cask-55-5-0-7l\/\" aria-describedby=\"woocommerce_loop_add_to_cart_link_describedby_80067\" data-quantity=\"1\" class=\"button product_type_simple\" data-product_id=\"80067\" data-product_sku=\"\" aria-label=\"Lee m\u00e1s sobre &ldquo;Paul John Peated Select Cask 55.5% 0.7l&rdquo;\" rel=\"nofollow\" data-success_message=\"\" title=\"Minimum qty is 1\">Leer m\u00e1s<\/a>\t<span id=\"woocommerce_loop_add_to_cart_link_describedby_80067\" class=\"screen-reader-text\">\n\t\t\t<\/span>\n<\/li>\n<li class=\"product type-product post-79956 status-publish instock product_cat-india-es product_cat-paul-john-es has-post-thumbnail taxable shipping-taxable purchasable product-type-simple\">\n\t<a href=\"https:\/\/whisky.ad\/es\/producto\/paul-john-nirvana-single-malt-40-0-7l\/\" class=\"woocommerce-LoopProduct-link woocommerce-loop-product__link\"><img loading=\"lazy\" decoding=\"async\" width=\"300\" height=\"300\" src=\"https:\/\/whisky.ad\/wp-content\/uploads\/2023\/08\/nirvana-300x300.jpg\" class=\"attachment-woocommerce_thumbnail size-woocommerce_thumbnail\" alt=\"Paul John Nirvana Single Malt 40% 0.7l\" srcset=\"https:\/\/whisky.ad\/wp-content\/uploads\/2023\/08\/nirvana-300x300.jpg 300w, https:\/\/whisky.ad\/wp-content\/uploads\/2023\/08\/nirvana-500x500.jpg 500w, https:\/\/whisky.ad\/wp-content\/uploads\/2023\/08\/nirvana-100x100.jpg 100w, https:\/\/whisky.ad\/wp-content\/uploads\/2023\/08\/nirvana-150x150.jpg 150w, https:\/\/whisky.ad\/wp-content\/uploads\/2023\/08\/nirvana-768x768.jpg 768w, https:\/\/whisky.ad\/wp-content\/uploads\/2023\/08\/nirvana-1024x1024.jpg 1024w\" sizes=\"auto, (max-width: 300px) 100vw, 300px\" \/><h2 class=\"woocommerce-loop-product__title\">Paul John Nirvana Single Malt 40% 0.7l<\/h2>\n\t<span class=\"price\"><span class=\"woocommerce-Price-amount amount\"><bdi><span class=\"woocommerce-Price-currencySymbol\">&euro;<\/span>19.95<\/bdi><\/span><\/span>\n<\/a><a href=\"\/es\/wp-json\/wp\/v2\/pages\/79434?add-to-cart=79956\" aria-describedby=\"woocommerce_loop_add_to_cart_link_describedby_79956\" data-quantity=\"1\" class=\"button product_type_simple add_to_cart_button ajax_add_to_cart\" data-product_id=\"79956\" data-product_sku=\"\" aria-label=\"A\u00f1adir al carrito: &ldquo;Paul John Nirvana Single Malt 40% 0.7l&rdquo;\" rel=\"nofollow\" data-success_message=\"\u00abPaul John Nirvana Single Malt 40% 0.7l\u00bb se ha a\u00f1adido a tu carrito\" title=\"Minimum qty is 1\">A\u00f1adir al carrito<\/a>\t<span id=\"woocommerce_loop_add_to_cart_link_describedby_79956\" class=\"screen-reader-text\">\n\t\t\t<\/span>\n<\/li>\n<li class=\"product type-product post-78998 status-publish instock product_cat-paul-john-es product_cat-india-es has-post-thumbnail taxable shipping-taxable purchasable product-type-simple\">\n\t<a href=\"https:\/\/whisky.ad\/es\/producto\/paul-john-pedro-ximenez-single-malt-48-0-7l\/\" class=\"woocommerce-LoopProduct-link woocommerce-loop-product__link\"><img loading=\"lazy\" decoding=\"async\" width=\"300\" height=\"300\" src=\"https:\/\/whisky.ad\/wp-content\/uploads\/2023\/08\/pedro-ximenez-300x300.jpg\" class=\"attachment-woocommerce_thumbnail size-woocommerce_thumbnail\" alt=\"Paul John Pedro Ximenez Single Malt 48% 0.7l\" srcset=\"https:\/\/whisky.ad\/wp-content\/uploads\/2023\/08\/pedro-ximenez-300x300.jpg 300w, https:\/\/whisky.ad\/wp-content\/uploads\/2023\/08\/pedro-ximenez-500x500.jpg 500w, https:\/\/whisky.ad\/wp-content\/uploads\/2023\/08\/pedro-ximenez-100x100.jpg 100w, https:\/\/whisky.ad\/wp-content\/uploads\/2023\/08\/pedro-ximenez-150x150.jpg 150w, https:\/\/whisky.ad\/wp-content\/uploads\/2023\/08\/pedro-ximenez-768x768.jpg 768w, https:\/\/whisky.ad\/wp-content\/uploads\/2023\/08\/pedro-ximenez-1024x1024.jpg 1024w\" sizes=\"auto, (max-width: 300px) 100vw, 300px\" \/><h2 class=\"woocommerce-loop-product__title\">Paul John Pedro Ximenez Single Malt 48% 0.7l<\/h2>\n\t<span class=\"price\"><span class=\"woocommerce-Price-amount amount\"><bdi><span class=\"woocommerce-Price-currencySymbol\">&euro;<\/span>55.65<\/bdi><\/span><\/span>\n<\/a><a href=\"\/es\/wp-json\/wp\/v2\/pages\/79434?add-to-cart=78998\" aria-describedby=\"woocommerce_loop_add_to_cart_link_describedby_78998\" data-quantity=\"1\" class=\"button product_type_simple add_to_cart_button ajax_add_to_cart\" data-product_id=\"78998\" data-product_sku=\"\" aria-label=\"A\u00f1adir al carrito: &ldquo;Paul John Pedro Ximenez Single Malt 48% 0.7l&rdquo;\" rel=\"nofollow\" data-success_message=\"\u00abPaul John Pedro Ximenez Single Malt 48% 0.7l\u00bb se ha a\u00f1adido a tu carrito\" title=\"Minimum qty is 1\">A\u00f1adir al carrito<\/a>\t<span id=\"woocommerce_loop_add_to_cart_link_describedby_78998\" class=\"screen-reader-text\">\n\t\t\t<\/span>\n<\/li>\n<li class=\"product type-product post-78993 status-publish last instock product_cat-paul-john-es product_cat-india-es has-post-thumbnail taxable shipping-taxable purchasable product-type-simple\">\n\t<a href=\"https:\/\/whisky.ad\/es\/producto\/paul-john-oloroso-select-cask-48-0-7l\/\" class=\"woocommerce-LoopProduct-link woocommerce-loop-product__link\"><img loading=\"lazy\" decoding=\"async\" width=\"300\" height=\"300\" src=\"https:\/\/whisky.ad\/wp-content\/uploads\/2023\/08\/oloroso-select-cask-300x300.jpg\" class=\"attachment-woocommerce_thumbnail size-woocommerce_thumbnail\" alt=\"Paul John Oloroso Select Cask 48% 0.7l\" srcset=\"https:\/\/whisky.ad\/wp-content\/uploads\/2023\/08\/oloroso-select-cask-300x300.jpg 300w, https:\/\/whisky.ad\/wp-content\/uploads\/2023\/08\/oloroso-select-cask-500x500.jpg 500w, https:\/\/whisky.ad\/wp-content\/uploads\/2023\/08\/oloroso-select-cask-100x100.jpg 100w, https:\/\/whisky.ad\/wp-content\/uploads\/2023\/08\/oloroso-select-cask-150x150.jpg 150w, https:\/\/whisky.ad\/wp-content\/uploads\/2023\/08\/oloroso-select-cask-768x768.jpg 768w, https:\/\/whisky.ad\/wp-content\/uploads\/2023\/08\/oloroso-select-cask-1024x1024.jpg 1024w\" sizes=\"auto, (max-width: 300px) 100vw, 300px\" \/><h2 class=\"woocommerce-loop-product__title\">Paul John Oloroso Select Cask 48% 0.7l<\/h2>\n\t<span class=\"price\"><span class=\"woocommerce-Price-amount amount\"><bdi><span class=\"woocommerce-Price-currencySymbol\">&euro;<\/span>49.95<\/bdi><\/span><\/span>\n<\/a><a href=\"\/es\/wp-json\/wp\/v2\/pages\/79434?add-to-cart=78993\" aria-describedby=\"woocommerce_loop_add_to_cart_link_describedby_78993\" data-quantity=\"1\" class=\"button product_type_simple add_to_cart_button ajax_add_to_cart\" data-product_id=\"78993\" data-product_sku=\"\" aria-label=\"A\u00f1adir al carrito: &ldquo;Paul John Oloroso Select Cask 48% 0.7l&rdquo;\" rel=\"nofollow\" data-success_message=\"\u00abPaul John Oloroso Select Cask 48% 0.7l\u00bb se ha a\u00f1adido a tu carrito\" title=\"Minimum qty is 1\">A\u00f1adir al carrito<\/a>\t<span id=\"woocommerce_loop_add_to_cart_link_describedby_78993\" class=\"screen-reader-text\">\n\t\t\t<\/span>\n<\/li>\n<li class=\"product type-product post-78990 status-publish first outofstock product_cat-paul-john-es product_cat-india-es has-post-thumbnail taxable shipping-taxable product-type-simple\">\n\t<a href=\"https:\/\/whisky.ad\/es\/producto\/paul-john-mithuna-58-0-7l\/\" class=\"woocommerce-LoopProduct-link woocommerce-loop-product__link\"><img loading=\"lazy\" decoding=\"async\" width=\"300\" height=\"300\" src=\"https:\/\/whisky.ad\/wp-content\/uploads\/2023\/08\/mithuna-by-paul-john-300x300.jpg\" class=\"attachment-woocommerce_thumbnail size-woocommerce_thumbnail\" alt=\"Paul John Mithuna 58% 0.7l\" srcset=\"https:\/\/whisky.ad\/wp-content\/uploads\/2023\/08\/mithuna-by-paul-john-300x300.jpg 300w, https:\/\/whisky.ad\/wp-content\/uploads\/2023\/08\/mithuna-by-paul-john-500x500.jpg 500w, https:\/\/whisky.ad\/wp-content\/uploads\/2023\/08\/mithuna-by-paul-john-100x100.jpg 100w, https:\/\/whisky.ad\/wp-content\/uploads\/2023\/08\/mithuna-by-paul-john-150x150.jpg 150w, https:\/\/whisky.ad\/wp-content\/uploads\/2023\/08\/mithuna-by-paul-john-768x768.jpg 768w, https:\/\/whisky.ad\/wp-content\/uploads\/2023\/08\/mithuna-by-paul-john-1024x1024.jpg 1024w\" sizes=\"auto, (max-width: 300px) 100vw, 300px\" \/><span class=\"out-of-stock-label\" style=\"color:red; font-weight:bold; margin-left:10px;\">Out of stock<\/span><h2 class=\"woocommerce-loop-product__title\">Paul John Mithuna 58% 0.7l<\/h2>\n<\/a><a href=\"https:\/\/whisky.ad\/es\/producto\/paul-john-mithuna-58-0-7l\/\" aria-describedby=\"woocommerce_loop_add_to_cart_link_describedby_78990\" data-quantity=\"1\" class=\"button product_type_simple\" data-product_id=\"78990\" data-product_sku=\"\" aria-label=\"Lee m\u00e1s sobre &ldquo;Paul John Mithuna 58% 0.7l&rdquo;\" rel=\"nofollow\" data-success_message=\"\" title=\"Minimum qty is 1\">Leer m\u00e1s<\/a>\t<span id=\"woocommerce_loop_add_to_cart_link_describedby_78990\" class=\"screen-reader-text\">\n\t\t\t<\/span>\n<\/li>\n<li class=\"product type-product post-78987 status-publish instock product_cat-paul-john-es product_cat-india-es has-post-thumbnail taxable shipping-taxable purchasable product-type-simple\">\n\t<a href=\"https:\/\/whisky.ad\/es\/producto\/paul-john-kanya-50-0-7l\/\" class=\"woocommerce-LoopProduct-link woocommerce-loop-product__link\"><img loading=\"lazy\" decoding=\"async\" width=\"300\" height=\"300\" src=\"https:\/\/whisky.ad\/wp-content\/uploads\/2023\/08\/kanya-by-paul-john-300x300.jpg\" class=\"attachment-woocommerce_thumbnail size-woocommerce_thumbnail\" alt=\"Paul John Kanya 50% 0.7l\" srcset=\"https:\/\/whisky.ad\/wp-content\/uploads\/2023\/08\/kanya-by-paul-john-300x300.jpg 300w, https:\/\/whisky.ad\/wp-content\/uploads\/2023\/08\/kanya-by-paul-john-500x500.jpg 500w, https:\/\/whisky.ad\/wp-content\/uploads\/2023\/08\/kanya-by-paul-john-100x100.jpg 100w, https:\/\/whisky.ad\/wp-content\/uploads\/2023\/08\/kanya-by-paul-john-150x150.jpg 150w, https:\/\/whisky.ad\/wp-content\/uploads\/2023\/08\/kanya-by-paul-john-768x768.jpg 768w, https:\/\/whisky.ad\/wp-content\/uploads\/2023\/08\/kanya-by-paul-john-1024x1024.jpg 1024w\" sizes=\"auto, (max-width: 300px) 100vw, 300px\" \/><h2 class=\"woocommerce-loop-product__title\">Paul John Kanya 50% 0.7l<\/h2>\n\t<span class=\"price\"><span class=\"woocommerce-Price-amount amount\"><bdi><span class=\"woocommerce-Price-currencySymbol\">&euro;<\/span>169.00<\/bdi><\/span><\/span>\n<\/a><a href=\"\/es\/wp-json\/wp\/v2\/pages\/79434?add-to-cart=78987\" aria-describedby=\"woocommerce_loop_add_to_cart_link_describedby_78987\" data-quantity=\"1\" class=\"button product_type_simple add_to_cart_button ajax_add_to_cart\" data-product_id=\"78987\" data-product_sku=\"\" aria-label=\"A\u00f1adir al carrito: &ldquo;Paul John Kanya 50% 0.7l&rdquo;\" rel=\"nofollow\" data-success_message=\"\u00abPaul John Kanya 50% 0.7l\u00bb se ha a\u00f1adido a tu carrito\" title=\"Minimum qty is 1\">A\u00f1adir al carrito<\/a>\t<span id=\"woocommerce_loop_add_to_cart_link_describedby_78987\" class=\"screen-reader-text\">\n\t\t\t<\/span>\n<\/li>\n<li class=\"product type-product post-78983 status-publish instock product_cat-paul-john-es product_cat-india-es has-post-thumbnail taxable shipping-taxable purchasable product-type-simple\">\n\t<a href=\"https:\/\/whisky.ad\/es\/producto\/paul-john-edited-single-malt-46-0-7l\/\" class=\"woocommerce-LoopProduct-link woocommerce-loop-product__link\"><img loading=\"lazy\" decoding=\"async\" width=\"300\" height=\"300\" src=\"https:\/\/whisky.ad\/wp-content\/uploads\/2023\/08\/edited-300x300.png\" class=\"attachment-woocommerce_thumbnail size-woocommerce_thumbnail\" alt=\"Paul John Edited Single Malt 46% 0.7l\" srcset=\"https:\/\/whisky.ad\/wp-content\/uploads\/2023\/08\/edited-300x300.png 300w, https:\/\/whisky.ad\/wp-content\/uploads\/2023\/08\/edited-500x500.png 500w, https:\/\/whisky.ad\/wp-content\/uploads\/2023\/08\/edited-100x100.png 100w, https:\/\/whisky.ad\/wp-content\/uploads\/2023\/08\/edited-150x150.png 150w, https:\/\/whisky.ad\/wp-content\/uploads\/2023\/08\/edited-768x768.png 768w, https:\/\/whisky.ad\/wp-content\/uploads\/2023\/08\/edited-1024x1024.png 1024w\" sizes=\"auto, (max-width: 300px) 100vw, 300px\" \/><h2 class=\"woocommerce-loop-product__title\">Paul John Edited Single Malt 46% 0.7l<\/h2>\n\t<span class=\"price\"><span class=\"woocommerce-Price-amount amount\"><bdi><span class=\"woocommerce-Price-currencySymbol\">&euro;<\/span>29.95<\/bdi><\/span><\/span>\n<\/a><a href=\"\/es\/wp-json\/wp\/v2\/pages\/79434?add-to-cart=78983\" aria-describedby=\"woocommerce_loop_add_to_cart_link_describedby_78983\" data-quantity=\"1\" class=\"button product_type_simple add_to_cart_button ajax_add_to_cart\" data-product_id=\"78983\" data-product_sku=\"\" aria-label=\"A\u00f1adir al carrito: &ldquo;Paul John Edited Single Malt 46% 0.7l&rdquo;\" rel=\"nofollow\" data-success_message=\"\u00abPaul John Edited Single Malt 46% 0.7l\u00bb se ha a\u00f1adido a tu carrito\" title=\"Minimum qty is 1\">A\u00f1adir al carrito<\/a>\t<span id=\"woocommerce_loop_add_to_cart_link_describedby_78983\" class=\"screen-reader-text\">\n\t\t\t<\/span>\n<\/li>\n<li class=\"product type-product post-78979 status-publish last outofstock product_cat-paul-john-es product_cat-india-es has-post-thumbnail taxable shipping-taxable product-type-simple\">\n\t<a href=\"https:\/\/whisky.ad\/es\/producto\/paul-john-classic-select-cask-55-2-0-7l\/\" class=\"woocommerce-LoopProduct-link woocommerce-loop-product__link\"><img loading=\"lazy\" decoding=\"async\" width=\"300\" height=\"300\" src=\"https:\/\/whisky.ad\/wp-content\/uploads\/2023\/08\/classic-select-cask-300x300.jpg\" class=\"attachment-woocommerce_thumbnail size-woocommerce_thumbnail\" alt=\"Paul John Classic Select Cask 55.2% 0.7l\" srcset=\"https:\/\/whisky.ad\/wp-content\/uploads\/2023\/08\/classic-select-cask-300x300.jpg 300w, https:\/\/whisky.ad\/wp-content\/uploads\/2023\/08\/classic-select-cask-500x500.jpg 500w, https:\/\/whisky.ad\/wp-content\/uploads\/2023\/08\/classic-select-cask-100x100.jpg 100w, https:\/\/whisky.ad\/wp-content\/uploads\/2023\/08\/classic-select-cask-150x150.jpg 150w, https:\/\/whisky.ad\/wp-content\/uploads\/2023\/08\/classic-select-cask-768x768.jpg 768w, https:\/\/whisky.ad\/wp-content\/uploads\/2023\/08\/classic-select-cask-1024x1024.jpg 1024w\" sizes=\"auto, (max-width: 300px) 100vw, 300px\" \/><span class=\"out-of-stock-label\" style=\"color:red; font-weight:bold; margin-left:10px;\">Out of stock<\/span><h2 class=\"woocommerce-loop-product__title\">Paul John Classic Select Cask 55.2% 0.7l<\/h2>\n<\/a><a href=\"https:\/\/whisky.ad\/es\/producto\/paul-john-classic-select-cask-55-2-0-7l\/\" aria-describedby=\"woocommerce_loop_add_to_cart_link_describedby_78979\" data-quantity=\"1\" class=\"button product_type_simple\" data-product_id=\"78979\" data-product_sku=\"\" aria-label=\"Lee m\u00e1s sobre &ldquo;Paul John Classic Select Cask 55.2% 0.7l&rdquo;\" rel=\"nofollow\" data-success_message=\"\" title=\"Minimum qty is 1\">Leer m\u00e1s<\/a>\t<span id=\"woocommerce_loop_add_to_cart_link_describedby_78979\" class=\"screen-reader-text\">\n\t\t\t<\/span>\n<\/li>\n<li class=\"product type-product post-78976 status-publish first instock product_cat-paul-john-es product_cat-india-es has-post-thumbnail taxable shipping-taxable purchasable product-type-simple\">\n\t<a href=\"https:\/\/whisky.ad\/es\/producto\/paul-john-brilliance-single-malt-46-0-7l\/\" class=\"woocommerce-LoopProduct-link woocommerce-loop-product__link\"><img loading=\"lazy\" decoding=\"async\" width=\"300\" height=\"300\" src=\"https:\/\/whisky.ad\/wp-content\/uploads\/2023\/08\/brilliance-300x300.png\" class=\"attachment-woocommerce_thumbnail size-woocommerce_thumbnail\" alt=\"Paul John Brilliance Single Malt 46% 0.7l\" srcset=\"https:\/\/whisky.ad\/wp-content\/uploads\/2023\/08\/brilliance-300x300.png 300w, https:\/\/whisky.ad\/wp-content\/uploads\/2023\/08\/brilliance-500x500.png 500w, https:\/\/whisky.ad\/wp-content\/uploads\/2023\/08\/brilliance-100x100.png 100w, https:\/\/whisky.ad\/wp-content\/uploads\/2023\/08\/brilliance-150x150.png 150w, https:\/\/whisky.ad\/wp-content\/uploads\/2023\/08\/brilliance-768x768.png 768w, https:\/\/whisky.ad\/wp-content\/uploads\/2023\/08\/brilliance-1024x1024.png 1024w\" sizes=\"auto, (max-width: 300px) 100vw, 300px\" \/><h2 class=\"woocommerce-loop-product__title\">Paul John Brilliance Single Malt 46% 0.7l<\/h2>\n\t<span class=\"price\"><span class=\"woocommerce-Price-amount amount\"><bdi><span class=\"woocommerce-Price-currencySymbol\">&euro;<\/span>29.95<\/bdi><\/span><\/span>\n<\/a><a href=\"\/es\/wp-json\/wp\/v2\/pages\/79434?add-to-cart=78976\" aria-describedby=\"woocommerce_loop_add_to_cart_link_describedby_78976\" data-quantity=\"1\" class=\"button product_type_simple add_to_cart_button ajax_add_to_cart\" data-product_id=\"78976\" data-product_sku=\"\" aria-label=\"A\u00f1adir al carrito: &ldquo;Paul John Brilliance Single Malt 46% 0.7l&rdquo;\" rel=\"nofollow\" data-success_message=\"\u00abPaul John Brilliance Single Malt 46% 0.7l\u00bb se ha a\u00f1adido a tu carrito\" title=\"Minimum qty is 1\">A\u00f1adir al carrito<\/a>\t<span id=\"woocommerce_loop_add_to_cart_link_describedby_78976\" class=\"screen-reader-text\">\n\t\t\t<\/span>\n<\/li>\n<li class=\"product type-product post-78973 status-publish instock product_cat-paul-john-es product_cat-india-es has-post-thumbnail taxable shipping-taxable purchasable product-type-simple\">\n\t<a href=\"https:\/\/whisky.ad\/es\/producto\/paul-john-bold-single-malt-46-0-7l\/\" class=\"woocommerce-LoopProduct-link woocommerce-loop-product__link\"><img loading=\"lazy\" decoding=\"async\" width=\"300\" height=\"300\" src=\"https:\/\/whisky.ad\/wp-content\/uploads\/2023\/08\/bold-300x300.png\" class=\"attachment-woocommerce_thumbnail size-woocommerce_thumbnail\" alt=\"Paul John Bold Single Malt 46% 0.7l\" srcset=\"https:\/\/whisky.ad\/wp-content\/uploads\/2023\/08\/bold-300x300.png 300w, https:\/\/whisky.ad\/wp-content\/uploads\/2023\/08\/bold-500x500.png 500w, https:\/\/whisky.ad\/wp-content\/uploads\/2023\/08\/bold-100x100.png 100w, https:\/\/whisky.ad\/wp-content\/uploads\/2023\/08\/bold-150x150.png 150w, https:\/\/whisky.ad\/wp-content\/uploads\/2023\/08\/bold-768x768.png 768w, https:\/\/whisky.ad\/wp-content\/uploads\/2023\/08\/bold-1024x1024.png 1024w\" sizes=\"auto, (max-width: 300px) 100vw, 300px\" \/><h2 class=\"woocommerce-loop-product__title\">Paul John Bold Single Malt 46% 0.7l<\/h2>\n\t<span class=\"price\"><span class=\"woocommerce-Price-amount amount\"><bdi><span class=\"woocommerce-Price-currencySymbol\">&euro;<\/span>29.95<\/bdi><\/span><\/span>\n<\/a><a href=\"\/es\/wp-json\/wp\/v2\/pages\/79434?add-to-cart=78973\" aria-describedby=\"woocommerce_loop_add_to_cart_link_describedby_78973\" data-quantity=\"1\" class=\"button product_type_simple add_to_cart_button ajax_add_to_cart\" data-product_id=\"78973\" data-product_sku=\"\" aria-label=\"A\u00f1adir al carrito: &ldquo;Paul John Bold Single Malt 46% 0.7l&rdquo;\" rel=\"nofollow\" data-success_message=\"\u00abPaul John Bold Single Malt 46% 0.7l\u00bb se ha a\u00f1adido a tu carrito\" title=\"Minimum qty is 1\">A\u00f1adir al carrito<\/a>\t<span id=\"woocommerce_loop_add_to_cart_link_describedby_78973\" class=\"screen-reader-text\">\n\t\t\t<\/span>\n<\/li>\n<\/ul>\n<\/div>[\/vc_column][\/vc_row]\n","protected":false},"excerpt":{"rendered":"<p>[vc_row type=&#8221;container&#8221; padding_top=&#8221;&#8221; padding_bottom=&#8221;&#8221;][vc_column width=&#8221;1\/2&#8243;][vc_column_text]Paul P John: Arquitecto de un legado de whisky Paul P John, el visionario Presidente de John Distilleries, se embarc\u00f3 en su incursi\u00f3n en la industria de las bebidas alcoh\u00f3licas en 1996. En un lapso relativamente corto de poco m\u00e1s de una d\u00e9cada, su esfera de influencia se extendi\u00f3 m\u00e1s all\u00e1 [&hellip;]<\/p>\n","protected":false},"author":1,"featured_media":0,"parent":79248,"menu_order":0,"comment_status":"closed","ping_status":"closed","template":"page-full-width.php","meta":{"_acf_changed":false,"footnotes":""},"class_list":["post-79434","page","type-page","status-publish","hentry"],"acf":[],"aioseo_notices":[],"jetpack_sharing_enabled":true,"jetpack_shortlink":"https:\/\/wp.me\/PemYjf-kFc","_links":{"self":[{"href":"https:\/\/whisky.ad\/es\/wp-json\/wp\/v2\/pages\/79434","targetHints":{"allow":["GET"]}}],"collection":[{"href":"https:\/\/whisky.ad\/es\/wp-json\/wp\/v2\/pages"}],"about":[{"href":"https:\/\/whisky.ad\/es\/wp-json\/wp\/v2\/types\/page"}],"author":[{"embeddable":true,"href":"https:\/\/whisky.ad\/es\/wp-json\/wp\/v2\/users\/1"}],"replies":[{"embeddable":true,"href":"https:\/\/whisky.ad\/es\/wp-json\/wp\/v2\/comments?post=79434"}],"version-history":[{"count":3,"href":"https:\/\/whisky.ad\/es\/wp-json\/wp\/v2\/pages\/79434\/revisions"}],"predecessor-version":[{"id":79437,"href":"https:\/\/whisky.ad\/es\/wp-json\/wp\/v2\/pages\/79434\/revisions\/79437"}],"up":[{"embeddable":true,"href":"https:\/\/whisky.ad\/es\/wp-json\/wp\/v2\/pages\/79248"}],"wp:attachment":[{"href":"https:\/\/whisky.ad\/es\/wp-json\/wp\/v2\/media?parent=79434"}],"curies":[{"name":"wp","href":"https:\/\/api.w.org\/{rel}","templated":true}]}}