{"id":79422,"date":"2022-12-16T11:12:09","date_gmt":"2022-12-16T10:12:09","guid":{"rendered":"https:\/\/whisky.ad\/whisky\/milk-honey\/"},"modified":"2023-12-15T15:46:10","modified_gmt":"2023-12-15T14:46:10","slug":"milk-honey","status":"publish","type":"page","link":"https:\/\/whisky.ad\/es\/whisky\/milk-honey\/","title":{"rendered":"Milk &amp; Honey"},"content":{"rendered":"[vc_row type=&#8221;container&#8221; padding_top=&#8221;&#8221; padding_bottom=&#8221;&#8221;][vc_column][vc_images_carousel images=&#8221;77429&#8243; img_size=&#8221;full&#8221;][vc_column_text]<strong>Destiler\u00eda M&amp;H: Forjando la senda inaugural del whisky en Israel<\/strong><\/p>\n<p>En el coraz\u00f3n del floreciente movimiento del whisky en Israel se encuentra la destiler\u00eda M&amp;H, pionera inquebrantable en la historia del whisky del pa\u00eds. Desde su creaci\u00f3n, la Destiler\u00eda M&amp;H ha mantenido con diligencia las referencias internacionales de calidad, al tiempo que ha permanecido profundamente arraigada en las tradiciones ancestrales del whisky. Los cimientos de la destiler\u00eda se vieron reforzados por la profunda experiencia del estimado Dr. Jim Swan, una distinguida autoridad en la maduraci\u00f3n en climas c\u00e1lidos y en las innovadoras pr\u00e1cticas del whisky del nuevo mundo, que actu\u00f3 como asesor principal y maestro destilador inaugural.  <\/p>\n<p><strong>Una b\u00fasqueda de la artesan\u00eda impecable<\/strong><\/p>\n<p>Cada aspecto de la experiencia de la destiler\u00eda M&amp;H refleja un compromiso implacable con la perfecci\u00f3n. Desde los tradicionales alambiques de cobre meticulosamente fabricados hasta las estrictas medidas de control de calidad en cada fase, la b\u00fasqueda decidida de la excelencia subraya el esp\u00edritu de la destiler\u00eda. La destiler\u00eda ha reunido a un equipo de personas fervientes que impulsan colectivamente la consecuci\u00f3n de logros extraordinarios.  <\/p>\n<p><strong>Navegando por climas soleados<\/strong><\/p>\n<p>Con la bendici\u00f3n de 300 d\u00edas llenos de sol al a\u00f1o, el clima de Israel desempe\u00f1a un papel fundamental a la hora de acelerar el proceso de maduraci\u00f3n, dando lugar a un perfil de whisky profundo e intrincado, incluso en periodos relativamente breves. Sin embargo, este mismo clima presenta desaf\u00edos, con una cuota anual de \u00e1ngeles que alcanza un notable 12% de media. El Dr. Jim Swan, eminente visionario del whisky, se sinti\u00f3 conmovido por este clima distintivo, lo que le llev\u00f3 a participar en la cofundaci\u00f3n de la principal destiler\u00eda de whisky de Israel  <\/p>\n<p><strong>Regiones de maduraci\u00f3n diferenciadas<\/strong><\/p>\n<p>La saga del whisky de la destiler\u00eda M&amp;H narra con elocuencia los diversos paisajes de Israel a trav\u00e9s de cinco regiones de maduraci\u00f3n distintas: 1. Alta Galilea 2. Monta\u00f1as de Jerusal\u00e9n 3. 4. Tel Aviv Tel Aviv 5. El desierto 6. Mar Muerto<\/p>\n<p><strong>Un proceso meticuloso<\/strong><\/p>\n<p><strong>Agua:<\/strong> Aprovechando la avanzada tecnolog\u00eda de ingenier\u00eda del agua, la destiler\u00eda orquesta la creaci\u00f3n del agua ideal para la producci\u00f3n. Mediante la purificaci\u00f3n avanzada y la mejora de las aguas subterr\u00e1neas locales, se consigue un agua perfectamente adecuada para complementar el whisky, todo ello respetando los principios de sostenibilidad. <strong>Malta:<\/strong>Compuesta exclusivamente de cebada malteada de primera calidad sin peinar, la gama de productos se completa con una sesi\u00f3n bianual de dos semanas de peinado (40 ppm), que confiere una faceta \u00fanica a la oferta. <strong>Maceraci\u00f3n:<\/strong> Una t\u00e9cnica pionera ideada por el Dr. Jim Swan mezcla armoniosamente cebada malteada y agua en la cuba de maceraci\u00f3n especialmente dise\u00f1ada, producida en Israel por MGT. Este enfoque innovador garantiza una amalgama y una extracci\u00f3n \u00f3ptimas. <strong>Fermentaci\u00f3n:<\/strong> El mosto se canaliza en uno de los seis dep\u00f3sitos de lavado, donde se somete a 60-72 horas de fermentaci\u00f3n con levadura seca especializada destinada a la producci\u00f3n de whisky, infundiendo car\u00e1cter a las bebidas espirituosas. <strong>Destilaci\u00f3n:<\/strong> El proceso de doble destilaci\u00f3n se desarrolla en alambiques de cobre, famosos por su pureza. Un coraz\u00f3n relativamente breve que comienza al 80% y un corte al 70% crean una nueva marca caracterizada por un cuerpo dulce, herb\u00e1ceo y medio, que alcanza aproximadamente un 75% de ABV. La capacidad anual de producci\u00f3n de la destiler\u00eda asciende a 230.000 litros, lo que representa la armon\u00eda entre tradici\u00f3n e innovaci\u00f3n. <strong>Maduraci\u00f3n:<\/strong> En estricto cumplimiento de la normativa escocesa, la destiler\u00eda madura su whisky durante un m\u00ednimo de tres a\u00f1os en diversas barricas situadas en las distintas regiones clim\u00e1ticas de Israel. La destiler\u00eda se aferra a las fluctuaciones clim\u00e1ticas org\u00e1nicas y evita cualquier forma de control clim\u00e1tico; <\/p>\n<p><strong>Innovaci\u00f3n, legado y una narrativa audaz<\/strong><\/p>\n<p>En la actualidad, los whiskies M&amp;H, galardonados con prestigiosos premios, se venden en m\u00e1s de 40 pa\u00edses de todo el mundo. Cada botella encierra una dedicaci\u00f3n inquebrantable a la innovaci\u00f3n, una calidad sin parang\u00f3n y un indomable esp\u00edritu de exploraci\u00f3n.[\/vc_column_text]<div class=\"woocommerce columns-3 \"><ul class=\"products columns-3\">\n<li class=\"product type-product post-80066 status-publish first instock product_cat-milk-honey-es product_cat-israel-es has-post-thumbnail taxable shipping-taxable purchasable product-type-simple\">\n\t<a href=\"https:\/\/whisky.ad\/es\/producto\/milk-honey-classic-single-malt-46-0-7l\/\" class=\"woocommerce-LoopProduct-link woocommerce-loop-product__link\"><img loading=\"lazy\" decoding=\"async\" width=\"300\" height=\"300\" src=\"https:\/\/whisky.ad\/wp-content\/uploads\/2023\/08\/classic.png-300x300.webp\" class=\"attachment-woocommerce_thumbnail size-woocommerce_thumbnail\" alt=\"Milk &amp; Honey Classic Single Malt 46% 0.7l\" srcset=\"https:\/\/whisky.ad\/wp-content\/uploads\/2023\/08\/classic.png-300x300.webp 300w, https:\/\/whisky.ad\/wp-content\/uploads\/2023\/08\/classic.png-500x500.webp 500w, https:\/\/whisky.ad\/wp-content\/uploads\/2023\/08\/classic.png-100x100.webp 100w, https:\/\/whisky.ad\/wp-content\/uploads\/2023\/08\/classic.png-150x150.webp 150w, https:\/\/whisky.ad\/wp-content\/uploads\/2023\/08\/classic.png-768x768.webp 768w, https:\/\/whisky.ad\/wp-content\/uploads\/2023\/08\/classic.png-1024x1024.webp 1024w\" sizes=\"auto, (max-width: 300px) 100vw, 300px\" \/><h2 class=\"woocommerce-loop-product__title\">Milk &amp; Honey Classic Single Malt 46% 0.7l<\/h2>\n\t<span class=\"price\"><span class=\"woocommerce-Price-amount amount\"><bdi><span class=\"woocommerce-Price-currencySymbol\">&euro;<\/span>29.95<\/bdi><\/span><\/span>\n<\/a><a href=\"\/es\/wp-json\/wp\/v2\/pages\/79422?add-to-cart=80066\" aria-describedby=\"woocommerce_loop_add_to_cart_link_describedby_80066\" data-quantity=\"1\" class=\"button product_type_simple add_to_cart_button ajax_add_to_cart\" data-product_id=\"80066\" data-product_sku=\"\" aria-label=\"A\u00f1adir al carrito: &ldquo;Milk &amp; Honey Classic Single Malt 46% 0.7l&rdquo;\" rel=\"nofollow\" data-success_message=\"\u00abMilk &amp; Honey Classic Single Malt 46% 0.7l\u00bb se ha a\u00f1adido a tu carrito\" title=\"Minimum qty is 1\">A\u00f1adir al carrito<\/a>\t<span id=\"woocommerce_loop_add_to_cart_link_describedby_80066\" class=\"screen-reader-text\">\n\t\t\t<\/span>\n<\/li>\n<li class=\"product type-product post-78957 status-publish instock product_cat-israel-es product_cat-milk-honey-es has-post-thumbnail taxable shipping-taxable purchasable product-type-simple\">\n\t<a href=\"https:\/\/whisky.ad\/es\/producto\/milk-and-honey-apex-small-bach-sherry-cask-53-6-07l\/\" class=\"woocommerce-LoopProduct-link woocommerce-loop-product__link\"><img loading=\"lazy\" decoding=\"async\" width=\"300\" height=\"300\" src=\"https:\/\/whisky.ad\/wp-content\/uploads\/2023\/08\/M-and-H-APEX-SHERRY-scaled-300x300.jpeg\" class=\"attachment-woocommerce_thumbnail size-woocommerce_thumbnail\" alt=\"Milk And Honey Apex Small Bach Sherry cask 53.6% 07l\" srcset=\"https:\/\/whisky.ad\/wp-content\/uploads\/2023\/08\/M-and-H-APEX-SHERRY-scaled-300x300.jpeg 300w, https:\/\/whisky.ad\/wp-content\/uploads\/2023\/08\/M-and-H-APEX-SHERRY-scaled-500x500.jpeg 500w, https:\/\/whisky.ad\/wp-content\/uploads\/2023\/08\/M-and-H-APEX-SHERRY-scaled-100x100.jpeg 100w, https:\/\/whisky.ad\/wp-content\/uploads\/2023\/08\/M-and-H-APEX-SHERRY-scaled-150x150.jpeg 150w, https:\/\/whisky.ad\/wp-content\/uploads\/2023\/08\/M-and-H-APEX-SHERRY-scaled-768x768.jpeg 768w, https:\/\/whisky.ad\/wp-content\/uploads\/2023\/08\/M-and-H-APEX-SHERRY-scaled-1024x1024.jpeg 1024w\" sizes=\"auto, (max-width: 300px) 100vw, 300px\" \/><h2 class=\"woocommerce-loop-product__title\">Milk And Honey Apex Small Bach Sherry cask 53.6% 07l<\/h2>\n\t<span class=\"price\"><span class=\"woocommerce-Price-amount amount\"><bdi><span class=\"woocommerce-Price-currencySymbol\">&euro;<\/span>64.95<\/bdi><\/span><\/span>\n<\/a><a href=\"\/es\/wp-json\/wp\/v2\/pages\/79422?add-to-cart=78957\" aria-describedby=\"woocommerce_loop_add_to_cart_link_describedby_78957\" data-quantity=\"1\" class=\"button product_type_simple add_to_cart_button ajax_add_to_cart\" data-product_id=\"78957\" data-product_sku=\"\" aria-label=\"A\u00f1adir al carrito: &ldquo;Milk And Honey Apex Small Bach Sherry cask 53.6% 07l&rdquo;\" rel=\"nofollow\" data-success_message=\"\u00abMilk And Honey Apex Small Bach Sherry cask 53.6% 07l\u00bb se ha a\u00f1adido a tu carrito\" title=\"Minimum qty is 1\">A\u00f1adir al carrito<\/a>\t<span id=\"woocommerce_loop_add_to_cart_link_describedby_78957\" class=\"screen-reader-text\">\n\t\t\t<\/span>\n<\/li>\n<li class=\"product type-product post-78955 status-publish last instock product_cat-milk-honey-es product_cat-israel-es has-post-thumbnail taxable shipping-taxable purchasable product-type-simple\">\n\t<a href=\"https:\/\/whisky.ad\/es\/producto\/milk-honey-elements-sherry-cask-single-malt-46-0-7l\/\" class=\"woocommerce-LoopProduct-link woocommerce-loop-product__link\"><img loading=\"lazy\" decoding=\"async\" width=\"300\" height=\"300\" src=\"https:\/\/whisky.ad\/wp-content\/uploads\/2023\/08\/M-AND-H-ELEMENTS-SHERRY-300x300.webp\" class=\"attachment-woocommerce_thumbnail size-woocommerce_thumbnail\" alt=\"Milk &amp; Honey Elements Sherry Cask Single Malt 46% 0.7l\" srcset=\"https:\/\/whisky.ad\/wp-content\/uploads\/2023\/08\/M-AND-H-ELEMENTS-SHERRY-300x300.webp 300w, https:\/\/whisky.ad\/wp-content\/uploads\/2023\/08\/M-AND-H-ELEMENTS-SHERRY-500x500.webp 500w, https:\/\/whisky.ad\/wp-content\/uploads\/2023\/08\/M-AND-H-ELEMENTS-SHERRY-100x100.webp 100w, https:\/\/whisky.ad\/wp-content\/uploads\/2023\/08\/M-AND-H-ELEMENTS-SHERRY-150x150.webp 150w, https:\/\/whisky.ad\/wp-content\/uploads\/2023\/08\/M-AND-H-ELEMENTS-SHERRY-1024x1024.webp 1024w\" sizes=\"auto, (max-width: 300px) 100vw, 300px\" \/><h2 class=\"woocommerce-loop-product__title\">Milk &amp; Honey Elements Sherry Cask Single Malt 46% 0.7l<\/h2>\n\t<span class=\"price\"><span class=\"woocommerce-Price-amount amount\"><bdi><span class=\"woocommerce-Price-currencySymbol\">&euro;<\/span>39.95<\/bdi><\/span><\/span>\n<\/a><a href=\"\/es\/wp-json\/wp\/v2\/pages\/79422?add-to-cart=78955\" aria-describedby=\"woocommerce_loop_add_to_cart_link_describedby_78955\" data-quantity=\"1\" class=\"button product_type_simple add_to_cart_button ajax_add_to_cart\" data-product_id=\"78955\" data-product_sku=\"\" aria-label=\"A\u00f1adir al carrito: &ldquo;Milk &amp; Honey Elements Sherry Cask Single Malt 46% 0.7l&rdquo;\" rel=\"nofollow\" data-success_message=\"\u00abMilk &amp; Honey Elements Sherry Cask Single Malt 46% 0.7l\u00bb se ha a\u00f1adido a tu carrito\" title=\"Minimum qty is 1\">A\u00f1adir al carrito<\/a>\t<span id=\"woocommerce_loop_add_to_cart_link_describedby_78955\" class=\"screen-reader-text\">\n\t\t\t<\/span>\n<\/li>\n<li class=\"product type-product post-78952 status-publish first instock product_cat-milk-honey-es product_cat-israel-es has-post-thumbnail taxable shipping-taxable purchasable product-type-simple\">\n\t<a href=\"https:\/\/whisky.ad\/es\/producto\/milk-honey-elements-red-wine-cask-single-malt-46-0-7l\/\" class=\"woocommerce-LoopProduct-link woocommerce-loop-product__link\"><img loading=\"lazy\" decoding=\"async\" width=\"300\" height=\"300\" src=\"https:\/\/whisky.ad\/wp-content\/uploads\/2023\/08\/M-AND-H-elements-red-wine-768x768-1-300x300.webp\" class=\"attachment-woocommerce_thumbnail size-woocommerce_thumbnail\" alt=\"Milk &amp; Honey ELEMENTS RED WINE CASK Single Malt 46% 0.7l\" srcset=\"https:\/\/whisky.ad\/wp-content\/uploads\/2023\/08\/M-AND-H-elements-red-wine-768x768-1-300x300.webp 300w, https:\/\/whisky.ad\/wp-content\/uploads\/2023\/08\/M-AND-H-elements-red-wine-768x768-1-500x500.webp 500w, https:\/\/whisky.ad\/wp-content\/uploads\/2023\/08\/M-AND-H-elements-red-wine-768x768-1-100x100.webp 100w, https:\/\/whisky.ad\/wp-content\/uploads\/2023\/08\/M-AND-H-elements-red-wine-768x768-1-150x150.webp 150w, https:\/\/whisky.ad\/wp-content\/uploads\/2023\/08\/M-AND-H-elements-red-wine-768x768-1-1024x1024.webp 1024w\" sizes=\"auto, (max-width: 300px) 100vw, 300px\" \/><h2 class=\"woocommerce-loop-product__title\">Milk &amp; Honey ELEMENTS RED WINE CASK Single Malt 46% 0.7l<\/h2>\n\t<span class=\"price\"><span class=\"woocommerce-Price-amount amount\"><bdi><span class=\"woocommerce-Price-currencySymbol\">&euro;<\/span>38.95<\/bdi><\/span><\/span>\n<\/a><a href=\"\/es\/wp-json\/wp\/v2\/pages\/79422?add-to-cart=78952\" aria-describedby=\"woocommerce_loop_add_to_cart_link_describedby_78952\" data-quantity=\"1\" class=\"button product_type_simple add_to_cart_button ajax_add_to_cart\" data-product_id=\"78952\" data-product_sku=\"\" aria-label=\"A\u00f1adir al carrito: &ldquo;Milk &amp; Honey ELEMENTS RED WINE CASK Single Malt 46% 0.7l&rdquo;\" rel=\"nofollow\" data-success_message=\"\u00abMilk &amp; Honey ELEMENTS RED WINE CASK Single Malt 46% 0.7l\u00bb se ha a\u00f1adido a tu carrito\" title=\"Minimum qty is 1\">A\u00f1adir al carrito<\/a>\t<span id=\"woocommerce_loop_add_to_cart_link_describedby_78952\" class=\"screen-reader-text\">\n\t\t\t<\/span>\n<\/li>\n<li class=\"product type-product post-78949 status-publish instock product_cat-milk-honey-es product_cat-israel-es has-post-thumbnail taxable shipping-taxable purchasable product-type-simple\">\n\t<a href=\"https:\/\/whisky.ad\/es\/producto\/milk-honey-elements-peated-single-malt-46-0-7l\/\" class=\"woocommerce-LoopProduct-link woocommerce-loop-product__link\"><img loading=\"lazy\" decoding=\"async\" width=\"300\" height=\"300\" src=\"https:\/\/whisky.ad\/wp-content\/uploads\/2023\/08\/M-AND-H-elements-peated-300x300.webp\" class=\"attachment-woocommerce_thumbnail size-woocommerce_thumbnail\" alt=\"Milk &amp; Honey Elements Peated Single Malt 46% 0.7l\" srcset=\"https:\/\/whisky.ad\/wp-content\/uploads\/2023\/08\/M-AND-H-elements-peated-300x300.webp 300w, https:\/\/whisky.ad\/wp-content\/uploads\/2023\/08\/M-AND-H-elements-peated-500x500.webp 500w, https:\/\/whisky.ad\/wp-content\/uploads\/2023\/08\/M-AND-H-elements-peated-100x100.webp 100w, https:\/\/whisky.ad\/wp-content\/uploads\/2023\/08\/M-AND-H-elements-peated-150x150.webp 150w, https:\/\/whisky.ad\/wp-content\/uploads\/2023\/08\/M-AND-H-elements-peated-1024x1024.webp 1024w\" sizes=\"auto, (max-width: 300px) 100vw, 300px\" \/><h2 class=\"woocommerce-loop-product__title\">Milk &amp; Honey Elements Peated Single Malt 46% 0.7l<\/h2>\n\t<span class=\"price\"><span class=\"woocommerce-Price-amount amount\"><bdi><span class=\"woocommerce-Price-currencySymbol\">&euro;<\/span>39.95<\/bdi><\/span><\/span>\n<\/a><a href=\"\/es\/wp-json\/wp\/v2\/pages\/79422?add-to-cart=78949\" aria-describedby=\"woocommerce_loop_add_to_cart_link_describedby_78949\" data-quantity=\"1\" class=\"button product_type_simple add_to_cart_button ajax_add_to_cart\" data-product_id=\"78949\" data-product_sku=\"\" aria-label=\"A\u00f1adir al carrito: &ldquo;Milk &amp; Honey Elements Peated Single Malt 46% 0.7l&rdquo;\" rel=\"nofollow\" data-success_message=\"\u00abMilk &amp; Honey Elements Peated Single Malt 46% 0.7l\u00bb se ha a\u00f1adido a tu carrito\" title=\"Minimum qty is 1\">A\u00f1adir al carrito<\/a>\t<span id=\"woocommerce_loop_add_to_cart_link_describedby_78949\" class=\"screen-reader-text\">\n\t\t\t<\/span>\n<\/li>\n<li class=\"product type-product post-78943 status-publish last instock product_cat-milk-honey-es product_cat-israel-es has-post-thumbnail taxable shipping-taxable purchasable product-type-simple\">\n\t<a href=\"https:\/\/whisky.ad\/es\/producto\/milk-honey-apex-small-batch-peated-fort-red-wine-cask-55-3-07l\/\" class=\"woocommerce-LoopProduct-link woocommerce-loop-product__link\"><img loading=\"lazy\" decoding=\"async\" width=\"300\" height=\"300\" src=\"https:\/\/whisky.ad\/wp-content\/uploads\/2023\/08\/M-AND-H-APEX-PEATED-FORTIFIED-WINE-CASK-scaled-300x300.jpg\" class=\"attachment-woocommerce_thumbnail size-woocommerce_thumbnail\" alt=\"Milk &amp; Honey Apex Small Batch Peated Fort. Red Wine Cask 55.3% 07l\" srcset=\"https:\/\/whisky.ad\/wp-content\/uploads\/2023\/08\/M-AND-H-APEX-PEATED-FORTIFIED-WINE-CASK-scaled-300x300.jpg 300w, https:\/\/whisky.ad\/wp-content\/uploads\/2023\/08\/M-AND-H-APEX-PEATED-FORTIFIED-WINE-CASK-scaled-500x500.jpg 500w, https:\/\/whisky.ad\/wp-content\/uploads\/2023\/08\/M-AND-H-APEX-PEATED-FORTIFIED-WINE-CASK-scaled-100x100.jpg 100w, https:\/\/whisky.ad\/wp-content\/uploads\/2023\/08\/M-AND-H-APEX-PEATED-FORTIFIED-WINE-CASK-scaled-150x150.jpg 150w, https:\/\/whisky.ad\/wp-content\/uploads\/2023\/08\/M-AND-H-APEX-PEATED-FORTIFIED-WINE-CASK-scaled-768x768.jpg 768w, https:\/\/whisky.ad\/wp-content\/uploads\/2023\/08\/M-AND-H-APEX-PEATED-FORTIFIED-WINE-CASK-scaled-1024x1024.jpg 1024w\" sizes=\"auto, (max-width: 300px) 100vw, 300px\" \/><h2 class=\"woocommerce-loop-product__title\">Milk &amp; Honey Apex Small Batch Peated Fort. Red Wine Cask 55.3% 07l<\/h2>\n\t<span class=\"price\"><span class=\"woocommerce-Price-amount amount\"><bdi><span class=\"woocommerce-Price-currencySymbol\">&euro;<\/span>64.95<\/bdi><\/span><\/span>\n<\/a><a href=\"\/es\/wp-json\/wp\/v2\/pages\/79422?add-to-cart=78943\" aria-describedby=\"woocommerce_loop_add_to_cart_link_describedby_78943\" data-quantity=\"1\" class=\"button product_type_simple add_to_cart_button ajax_add_to_cart\" data-product_id=\"78943\" data-product_sku=\"\" aria-label=\"A\u00f1adir al carrito: &ldquo;Milk &amp; Honey Apex Small Batch Peated Fort. Red Wine Cask 55.3% 07l&rdquo;\" rel=\"nofollow\" data-success_message=\"\u00abMilk &amp; Honey Apex Small Batch Peated Fort. Red Wine Cask 55.3% 07l\u00bb se ha a\u00f1adido a tu carrito\" title=\"Minimum qty is 1\">A\u00f1adir al carrito<\/a>\t<span id=\"woocommerce_loop_add_to_cart_link_describedby_78943\" class=\"screen-reader-text\">\n\t\t\t<\/span>\n<\/li>\n<li class=\"product type-product post-78941 status-publish first instock product_cat-milk-honey-es product_cat-israel-es has-post-thumbnail taxable shipping-taxable purchasable product-type-simple\">\n\t<a href=\"https:\/\/whisky.ad\/es\/producto\/milk-honey-apex-small-batch-pomegranate-wine-cask-57-2-07l\/\" class=\"woocommerce-LoopProduct-link woocommerce-loop-product__link\"><img loading=\"lazy\" decoding=\"async\" width=\"300\" height=\"300\" src=\"https:\/\/whisky.ad\/wp-content\/uploads\/2023\/08\/apex-pomegranate.png-300x300.webp\" class=\"attachment-woocommerce_thumbnail size-woocommerce_thumbnail\" alt=\"Milk &amp; Honey Apex Small Batch Pomegranate Wine Cask 57.2% 07l\" srcset=\"https:\/\/whisky.ad\/wp-content\/uploads\/2023\/08\/apex-pomegranate.png-300x300.webp 300w, https:\/\/whisky.ad\/wp-content\/uploads\/2023\/08\/apex-pomegranate.png-500x500.webp 500w, https:\/\/whisky.ad\/wp-content\/uploads\/2023\/08\/apex-pomegranate.png-100x100.webp 100w, https:\/\/whisky.ad\/wp-content\/uploads\/2023\/08\/apex-pomegranate.png-150x150.webp 150w, https:\/\/whisky.ad\/wp-content\/uploads\/2023\/08\/apex-pomegranate.png-768x768.webp 768w, https:\/\/whisky.ad\/wp-content\/uploads\/2023\/08\/apex-pomegranate.png-1024x1024.webp 1024w\" sizes=\"auto, (max-width: 300px) 100vw, 300px\" \/><h2 class=\"woocommerce-loop-product__title\">Milk &amp; Honey Apex Small Batch Pomegranate Wine Cask 57.2% 07l<\/h2>\n\t<span class=\"price\"><span class=\"woocommerce-Price-amount amount\"><bdi><span class=\"woocommerce-Price-currencySymbol\">&euro;<\/span>64.95<\/bdi><\/span><\/span>\n<\/a><a href=\"\/es\/wp-json\/wp\/v2\/pages\/79422?add-to-cart=78941\" aria-describedby=\"woocommerce_loop_add_to_cart_link_describedby_78941\" data-quantity=\"1\" class=\"button product_type_simple add_to_cart_button ajax_add_to_cart\" data-product_id=\"78941\" data-product_sku=\"\" aria-label=\"A\u00f1adir al carrito: &ldquo;Milk &amp; Honey Apex Small Batch Pomegranate Wine Cask 57.2% 07l&rdquo;\" rel=\"nofollow\" data-success_message=\"\u00abMilk &amp; Honey Apex Small Batch Pomegranate Wine Cask 57.2% 07l\u00bb se ha a\u00f1adido a tu carrito\" title=\"Minimum qty is 1\">A\u00f1adir al carrito<\/a>\t<span id=\"woocommerce_loop_add_to_cart_link_describedby_78941\" class=\"screen-reader-text\">\n\t\t\t<\/span>\n<\/li>\n<li class=\"product type-product post-78938 status-publish outofstock product_cat-milk-honey-es product_cat-israel-es has-post-thumbnail taxable shipping-taxable product-type-simple\">\n\t<a href=\"https:\/\/whisky.ad\/es\/producto\/milk-honey-apex-small-batch-dead-sea-56-5-07l\/\" class=\"woocommerce-LoopProduct-link woocommerce-loop-product__link\"><img loading=\"lazy\" decoding=\"async\" width=\"300\" height=\"300\" src=\"https:\/\/whisky.ad\/wp-content\/uploads\/2023\/08\/M-AND-H-apex-dead-sea-300x300.png\" class=\"attachment-woocommerce_thumbnail size-woocommerce_thumbnail\" alt=\"Milk &amp; Honey Apex Small Batch Dead Sea 56.5% 07l\" srcset=\"https:\/\/whisky.ad\/wp-content\/uploads\/2023\/08\/M-AND-H-apex-dead-sea-300x300.png 300w, https:\/\/whisky.ad\/wp-content\/uploads\/2023\/08\/M-AND-H-apex-dead-sea-500x500.png 500w, https:\/\/whisky.ad\/wp-content\/uploads\/2023\/08\/M-AND-H-apex-dead-sea-100x100.png 100w, https:\/\/whisky.ad\/wp-content\/uploads\/2023\/08\/M-AND-H-apex-dead-sea-150x150.png 150w, https:\/\/whisky.ad\/wp-content\/uploads\/2023\/08\/M-AND-H-apex-dead-sea-768x768.png 768w, https:\/\/whisky.ad\/wp-content\/uploads\/2023\/08\/M-AND-H-apex-dead-sea-1024x1024.png 1024w\" sizes=\"auto, (max-width: 300px) 100vw, 300px\" \/><span class=\"out-of-stock-label\" style=\"color:red; font-weight:bold; margin-left:10px;\">Out of stock<\/span><h2 class=\"woocommerce-loop-product__title\">Milk &amp; Honey Apex Small Batch Dead Sea 56.5% 07l<\/h2>\n<\/a><a href=\"https:\/\/whisky.ad\/es\/producto\/milk-honey-apex-small-batch-dead-sea-56-5-07l\/\" aria-describedby=\"woocommerce_loop_add_to_cart_link_describedby_78938\" data-quantity=\"1\" class=\"button product_type_simple\" data-product_id=\"78938\" data-product_sku=\"\" aria-label=\"Lee m\u00e1s sobre &ldquo;Milk &amp; Honey Apex Small Batch Dead Sea 56.5% 07l&rdquo;\" rel=\"nofollow\" data-success_message=\"\" title=\"Minimum qty is 1\">Leer m\u00e1s<\/a>\t<span id=\"woocommerce_loop_add_to_cart_link_describedby_78938\" class=\"screen-reader-text\">\n\t\t\t<\/span>\n<\/li>\n<\/ul>\n<\/div>[\/vc_column][\/vc_row]\n","protected":false},"excerpt":{"rendered":"<p>[vc_row type=&#8221;container&#8221; padding_top=&#8221;&#8221; padding_bottom=&#8221;&#8221;][vc_column][vc_images_carousel images=&#8221;77429&#8243; img_size=&#8221;full&#8221;][vc_column_text]Destiler\u00eda M&amp;H: Forjando la senda inaugural del whisky en Israel En el coraz\u00f3n del floreciente movimiento del whisky en Israel se encuentra la destiler\u00eda M&amp;H, pionera inquebrantable en la historia del whisky del pa\u00eds. Desde su creaci\u00f3n, la Destiler\u00eda M&amp;H ha mantenido con diligencia las referencias internacionales de calidad, al [&hellip;]<\/p>\n","protected":false},"author":1,"featured_media":0,"parent":79248,"menu_order":0,"comment_status":"closed","ping_status":"closed","template":"page-full-width.php","meta":{"_acf_changed":false,"footnotes":""},"class_list":["post-79422","page","type-page","status-publish","hentry"],"acf":[],"aioseo_notices":[],"jetpack_sharing_enabled":true,"jetpack_shortlink":"https:\/\/wp.me\/PemYjf-kF0","_links":{"self":[{"href":"https:\/\/whisky.ad\/es\/wp-json\/wp\/v2\/pages\/79422","targetHints":{"allow":["GET"]}}],"collection":[{"href":"https:\/\/whisky.ad\/es\/wp-json\/wp\/v2\/pages"}],"about":[{"href":"https:\/\/whisky.ad\/es\/wp-json\/wp\/v2\/types\/page"}],"author":[{"embeddable":true,"href":"https:\/\/whisky.ad\/es\/wp-json\/wp\/v2\/users\/1"}],"replies":[{"embeddable":true,"href":"https:\/\/whisky.ad\/es\/wp-json\/wp\/v2\/comments?post=79422"}],"version-history":[{"count":7,"href":"https:\/\/whisky.ad\/es\/wp-json\/wp\/v2\/pages\/79422\/revisions"}],"predecessor-version":[{"id":79429,"href":"https:\/\/whisky.ad\/es\/wp-json\/wp\/v2\/pages\/79422\/revisions\/79429"}],"up":[{"embeddable":true,"href":"https:\/\/whisky.ad\/es\/wp-json\/wp\/v2\/pages\/79248"}],"wp:attachment":[{"href":"https:\/\/whisky.ad\/es\/wp-json\/wp\/v2\/media?parent=79422"}],"curies":[{"name":"wp","href":"https:\/\/api.w.org\/{rel}","templated":true}]}}